{"id":1580,"date":"2017-06-01T11:43:29","date_gmt":"2017-06-01T11:43:29","guid":{"rendered":"http:\/\/iacademy.mikado-themes.com\/?page_id=1580"},"modified":"2017-06-01T11:43:29","modified_gmt":"2017-06-01T11:43:29","slug":"about","status":"publish","type":"page","link":"https:\/\/sivrihisar.org.tr\/index.php\/about\/","title":{"rendered":"About"},"content":{"rendered":"<section class=\"wpb-content-wrapper\"><p>[vc_row row_content_width=&#8221;grid&#8221; content_text_aligment=&#8221;left&#8221; simple_background_color=&#8221;#ffffff&#8221; css=&#8221;.vc_custom_1497446239499{padding-top: 63px !important;padding-bottom: 63px !important;}&#8221;][vc_column]<div class=\"mkdf-elements-holder   mkdf-two-columns  mkdf-responsive-mode-1024 mkdf-one-column-alignment-left\" ><div class=\"mkdf-eh-item  mkdf-width-1-1   \"  data-item-class=\"mkdf-eh-custom-1927\" data-1600=\"0 30% 0 0\" data-1280-1600=\"0 18% 0 0\" data-1024-1280=\"30px 18% 0 0\" data-768-1024=\"0 18% 0 0\" data-680-768=\"0 18% 0 0\" data-680=\"0 0% 0 0\">\n\t<div class=\"mkdf-eh-item-inner\">\n\t\t<div class=\"mkdf-eh-item-content mkdf-eh-custom-1927\" style=\"padding: 0 30% 0 0\">\n\t\t\t<div class=\"mkdf-section-title-holder  mkdf-st-standard mkdf-st-title-left mkdf-st-normal-space \" style=\"text-align: left\">\n\t<div class=\"mkdf-st-inner\">\n\t\t\t\t\t<h2 class=\"mkdf-st-title\" >\n\t\t\t\tEmpowering children to reach their potential.\t\t\t<\/h2>\n\t\t\t\t\t\t\t<p class=\"mkdf-st-text\" >\n\t\t\t\tLorem ipsum dolor sit amet, consectetuer adipiscing elit neani commodo ligula eget dolor. Aenean massa. Cum sociis Theme natoque penatibus et magnis dis.\t\t\t<\/p>\n\t\t\t<\/div>\n<\/div>[vc_empty_space height=&#8221;35px&#8221;][vc_row_inner][vc_column_inner width=&#8221;1\/2&#8243;]<div class=\"mkdf-counter-holder \">\n\t<div class=\"mkdf-counter-inner\">\n\t\t<div class=\"mkdf-counter-icon\">\n\t\t\t    <span class=\"mkdf-icon-shortcode mkdf-normal   \"  >\n                    <i class=\"mkdf-icon-font-awesome fa  mkdf-icon-element\" style=\"\" ><\/i>            <\/span>\n\t\t<\/div>\n\t\t\t\t\t<span class=\"mkdf-counter mkdf-zero-counter\" >168<\/span>\n\t\t\t\t\t\t\t<h6 class=\"mkdf-counter-title\" >\n\t\t\t\tUser Stories\t\t\t<\/h6>\n\t\t\t\t\t<\/div>\n<\/div>[\/vc_column_inner][vc_column_inner width=&#8221;1\/2&#8243;]<div class=\"mkdf-counter-holder \">\n\t<div class=\"mkdf-counter-inner\">\n\t\t<div class=\"mkdf-counter-icon\">\n\t\t\t    <span class=\"mkdf-icon-shortcode mkdf-normal   \"  >\n                    <i class=\"mkdf-icon-font-awesome fa  mkdf-icon-element\" style=\"\" ><\/i>            <\/span>\n\t\t<\/div>\n\t\t\t\t\t<span class=\"mkdf-counter mkdf-zero-counter\" >347<\/span>\n\t\t\t\t\t\t\t<h6 class=\"mkdf-counter-title\" >\n\t\t\t\tScheduled Events\t\t\t<\/h6>\n\t\t\t\t\t<\/div>\n<\/div>[vc_empty_space height=&#8221;58px&#8221;][\/vc_column_inner][\/vc_row_inner]\t\t<\/div>\n\t<\/div>\n<\/div><div class=\"mkdf-eh-item  mkdf-width-1-1  mkdf-horizontal-alignment-center \"  data-item-class=\"mkdf-eh-custom-3129\" data-1600=\"37px 0 \" data-1280-1600=\"37px 0\"    >\n\t<div class=\"mkdf-eh-item-inner\">\n\t\t<div class=\"mkdf-eh-item-content mkdf-eh-custom-3129\" style=\"padding: 37px 0 \">\n\t\t\t<div class=\"mkdf-video-button-holder \">\n\t<div class=\"mkdf-video-button-image\">\n\t\t<img loading=\"lazy\" decoding=\"async\" width=\"800\" height=\"530\" src=\"https:\/\/sivrihisar.org.tr\/wp-content\/uploads\/2017\/06\/about-video-button.jpg\" class=\"attachment-full size-full\" alt=\"f\" srcset=\"https:\/\/sivrihisar.org.tr\/wp-content\/uploads\/2017\/06\/about-video-button.jpg 800w, https:\/\/sivrihisar.org.tr\/wp-content\/uploads\/2017\/06\/about-video-button-600x398.jpg 600w, https:\/\/sivrihisar.org.tr\/wp-content\/uploads\/2017\/06\/about-video-button-300x199.jpg 300w, https:\/\/sivrihisar.org.tr\/wp-content\/uploads\/2017\/06\/about-video-button-768x509.jpg 768w\" sizes=\"auto, (max-width: 800px) 100vw, 800px\" \/>\t<\/div>\n\t\t\t<a class=\"mkdf-video-button-play\"  href=\"https:\/\/vimeo.com\/157562616?iframe=true\" target=\"_self\" data-rel=\"prettyPhoto[video_button_pretty_photo_402]\">\n\t\t\t<span class=\"mkdf-video-button-play-inner\">\n\t\t\t\t<span class=\"arrow_triangle-right\"><\/span>\n\t\t\t\t\t\t\t<\/span>\n\t\t<\/a>\n\t<\/div>\t\t<\/div>\n\t<\/div>\n<\/div><\/div>[\/vc_column][\/vc_row][vc_row][vc_column]<div class=\"mkdf-separator-holder clearfix  mkdf-separator-center mkdf-separator-full-width\">\n\t<div class=\"mkdf-separator\" style=\"border-color: #ebebeb;border-bottom-width: 1px;margin-top: -10px;margin-bottom: -10px\"><\/div>\n<\/div>\n[\/vc_column][\/vc_row][vc_row row_content_width=&#8221;grid&#8221; css=&#8221;.vc_custom_1496402409845{padding-top: 81px !important;padding-bottom: 70px !important;}&#8221;][vc_column]<div class=\"mkdf-section-title-holder  mkdf-st-standard mkdf-st-title-left mkdf-st-normal-space \" style=\"text-align: center\">\n\t<div class=\"mkdf-st-inner\">\n\t\t\t\t\t<h2 class=\"mkdf-st-title\" style=\"color: #40c4ff\">\n\t\t\t\tTop tutors in every subject.\t\t\t<\/h2>\n\t\t\t\t\t\t\t<p class=\"mkdf-st-text\" >\n\t\t\t\tLorem Ipsn gravida nibh vel velit auctor aliquetnean sollicitudin,lorem quis bibendum \t\t\t<\/p>\n\t\t\t<\/div>\n<\/div>[vc_empty_space height=&#8221;85px&#8221;]<div class=\"mkdf-instructor-list-holder mkdf-tl-normal-space mkdf-has-shadow mkdf-tl-three-columns\">\n\t<div class=\"mkdf-tl-inner \" data-number-of-items=\"3\" data-enable-navigation=\"no\" data-enable-pagination=\"no\">\n\t\t<div class=\"mkdf-instructor simple\">\n\t<div class=\"mkdf-instructor-inner\" style=\"background-color:#ffffff\">\n\t\t\t\t<div class=\"mkdf-instructor-info\">\n            <div class=\"mkdf-instructor-title-holder\">\n                <h5 itemprop=\"name\" class=\"mkdf-instructor-name entry-title\">\n                    <a itemprop=\"url\" href=\"https:\/\/sivrihisar.org.tr\/index.php\/instructor\/edward-bowman\/\">Edward Bowman<\/a>\n                <\/h5>\n                                    <span class=\"mkdf-instructor-position\">Associate Professor<\/span>\n                            <\/div>\n\t\t<\/div>\n        <a itemprop=\"url\" href=\"https:\/\/sivrihisar.org.tr\/index.php\/instructor\/edward-bowman\/\" class=\"mkdf-instructor-link\"><\/a>\n\t<\/div>\n<\/div><div class=\"mkdf-instructor simple\">\n\t<div class=\"mkdf-instructor-inner\" style=\"background-color:#ffffff\">\n\t\t\t\t<div class=\"mkdf-instructor-info\">\n            <div class=\"mkdf-instructor-title-holder\">\n                <h5 itemprop=\"name\" class=\"mkdf-instructor-name entry-title\">\n                    <a itemprop=\"url\" href=\"https:\/\/sivrihisar.org.tr\/index.php\/instructor\/denise-wood\/\">Denise Wood<\/a>\n                <\/h5>\n                                    <span class=\"mkdf-instructor-position\">Assistant Professor<\/span>\n                            <\/div>\n\t\t<\/div>\n        <a itemprop=\"url\" href=\"https:\/\/sivrihisar.org.tr\/index.php\/instructor\/denise-wood\/\" class=\"mkdf-instructor-link\"><\/a>\n\t<\/div>\n<\/div><div class=\"mkdf-instructor simple\">\n\t<div class=\"mkdf-instructor-inner\" style=\"background-color:#ffffff\">\n\t\t\t\t<div class=\"mkdf-instructor-info\">\n            <div class=\"mkdf-instructor-title-holder\">\n                <h5 itemprop=\"name\" class=\"mkdf-instructor-name entry-title\">\n                    <a itemprop=\"url\" href=\"https:\/\/sivrihisar.org.tr\/index.php\/instructor\/kathryn-webb\/\">Kathryn Webb<\/a>\n                <\/h5>\n                                    <span class=\"mkdf-instructor-position\">Teaching Assistant<\/span>\n                            <\/div>\n\t\t<\/div>\n        <a itemprop=\"url\" href=\"https:\/\/sivrihisar.org.tr\/index.php\/instructor\/kathryn-webb\/\" class=\"mkdf-instructor-link\"><\/a>\n\t<\/div>\n<\/div><div class=\"mkdf-instructor simple\">\n\t<div class=\"mkdf-instructor-inner\" style=\"background-color:#ffffff\">\n\t\t\t\t<div class=\"mkdf-instructor-info\">\n            <div class=\"mkdf-instructor-title-holder\">\n                <h5 itemprop=\"name\" class=\"mkdf-instructor-name entry-title\">\n                    <a itemprop=\"url\" href=\"https:\/\/sivrihisar.org.tr\/index.php\/instructor\/jennifer-powell\/\">Jennifer Powell<\/a>\n                <\/h5>\n                                    <span class=\"mkdf-instructor-position\">Associate Professor<\/span>\n                            <\/div>\n\t\t<\/div>\n        <a itemprop=\"url\" href=\"https:\/\/sivrihisar.org.tr\/index.php\/instructor\/jennifer-powell\/\" class=\"mkdf-instructor-link\"><\/a>\n\t<\/div>\n<\/div><div class=\"mkdf-instructor simple\">\n\t<div class=\"mkdf-instructor-inner\" style=\"background-color:#ffffff\">\n\t\t\t\t<div class=\"mkdf-instructor-info\">\n            <div class=\"mkdf-instructor-title-holder\">\n                <h5 itemprop=\"name\" class=\"mkdf-instructor-name entry-title\">\n                    <a itemprop=\"url\" href=\"https:\/\/sivrihisar.org.tr\/index.php\/instructor\/dave-robbins\/\">Dave Robbins<\/a>\n                <\/h5>\n                                    <span class=\"mkdf-instructor-position\">Assistant Professor<\/span>\n                            <\/div>\n\t\t<\/div>\n        <a itemprop=\"url\" href=\"https:\/\/sivrihisar.org.tr\/index.php\/instructor\/dave-robbins\/\" class=\"mkdf-instructor-link\"><\/a>\n\t<\/div>\n<\/div><div class=\"mkdf-instructor simple\">\n\t<div class=\"mkdf-instructor-inner\" style=\"background-color:#ffffff\">\n\t\t\t\t<div class=\"mkdf-instructor-info\">\n            <div class=\"mkdf-instructor-title-holder\">\n                <h5 itemprop=\"name\" class=\"mkdf-instructor-name entry-title\">\n                    <a itemprop=\"url\" href=\"https:\/\/sivrihisar.org.tr\/index.php\/instructor\/keith-taylor\/\">Keith Taylor<\/a>\n                <\/h5>\n                                    <span class=\"mkdf-instructor-position\">Teaching Assistant<\/span>\n                            <\/div>\n\t\t<\/div>\n        <a itemprop=\"url\" href=\"https:\/\/sivrihisar.org.tr\/index.php\/instructor\/keith-taylor\/\" class=\"mkdf-instructor-link\"><\/a>\n\t<\/div>\n<\/div><div class=\"mkdf-instructor simple\">\n\t<div class=\"mkdf-instructor-inner\" style=\"background-color:#ffffff\">\n\t\t\t\t<div class=\"mkdf-instructor-info\">\n            <div class=\"mkdf-instructor-title-holder\">\n                <h5 itemprop=\"name\" class=\"mkdf-instructor-name entry-title\">\n                    <a itemprop=\"url\" href=\"https:\/\/sivrihisar.org.tr\/index.php\/instructor\/jennie-king\/\">Jennie King<\/a>\n                <\/h5>\n                                    <span class=\"mkdf-instructor-position\">Assistant Professor<\/span>\n                            <\/div>\n\t\t<\/div>\n        <a itemprop=\"url\" href=\"https:\/\/sivrihisar.org.tr\/index.php\/instructor\/jennie-king\/\" class=\"mkdf-instructor-link\"><\/a>\n\t<\/div>\n<\/div><div class=\"mkdf-instructor simple\">\n\t<div class=\"mkdf-instructor-inner\" style=\"background-color:#ffffff\">\n\t\t\t\t<div class=\"mkdf-instructor-info\">\n            <div class=\"mkdf-instructor-title-holder\">\n                <h5 itemprop=\"name\" class=\"mkdf-instructor-name entry-title\">\n                    <a itemprop=\"url\" href=\"https:\/\/sivrihisar.org.tr\/index.php\/instructor\/david-sanders\/\">David Sanders<\/a>\n                <\/h5>\n                                    <span class=\"mkdf-instructor-position\">Assistant Professor<\/span>\n                            <\/div>\n\t\t<\/div>\n        <a itemprop=\"url\" href=\"https:\/\/sivrihisar.org.tr\/index.php\/instructor\/david-sanders\/\" class=\"mkdf-instructor-link\"><\/a>\n\t<\/div>\n<\/div><div class=\"mkdf-instructor simple\">\n\t<div class=\"mkdf-instructor-inner\" style=\"background-color:#ffffff\">\n\t\t\t\t\t<div class=\"mkdf-instructor-image\">\n                <a itemprop=\"url\" href=\"https:\/\/sivrihisar.org.tr\/index.php\/instructor\/preston-marshall\/\">\n                    <img loading=\"lazy\" decoding=\"async\" width=\"300\" height=\"281\" src=\"https:\/\/sivrihisar.org.tr\/wp-content\/uploads\/2026\/04\/bekir-kalir-300x281-1.jpg\" class=\"attachment-full size-full wp-post-image\" alt=\"\" \/>                <\/a>\n\t\t\t<\/div>\n\t\t\t\t<div class=\"mkdf-instructor-info\">\n            <div class=\"mkdf-instructor-title-holder\">\n                <h5 itemprop=\"name\" class=\"mkdf-instructor-name entry-title\">\n                    <a itemprop=\"url\" href=\"https:\/\/sivrihisar.org.tr\/index.php\/instructor\/preston-marshall\/\">Bekir Kal\u0131r<\/a>\n                <\/h5>\n                                    <span class=\"mkdf-instructor-position\">Y\u00f6netim Kurulu  Ba\u015fkan\u0131<\/span>\n                            <\/div>\n\t\t<\/div>\n        <a itemprop=\"url\" href=\"https:\/\/sivrihisar.org.tr\/index.php\/instructor\/preston-marshall\/\" class=\"mkdf-instructor-link\"><\/a>\n\t<\/div>\n<\/div>\t<\/div>\n<\/div>[\/vc_column][\/vc_row][vc_row row_content_width=&#8221;grid&#8221; content_text_aligment=&#8221;center&#8221; parallax_background_image=&#8221;422&#8243; css=&#8221;.vc_custom_1496402470103{padding-top: 100px !important;padding-bottom: 95px !important;}&#8221;][vc_column]<div class=\"mkdf-testimonials-holder mkdf-testimonials-standard mkdf-testimonials-light  clearfix\"><div class=\"mkdf-testimonials mkdf-owl-slider\" data-number-of-items=\"1\" data-enable-loop=\"yes\" data-enable-autoplay=\"yes\" data-slider-speed=\"5000\" data-slider-speed-animation=\"600\" data-enable-navigation=\"no\" data-enable-pagination=\"yes\"><div class=\"mkdf-testimonial-content\" id=\"mkdf-testimonials-2303\">\n\t\t\t<div class=\"mkdf-testimonial-image\">\n\t\t\t<img loading=\"lazy\" decoding=\"async\" width=\"66\" height=\"66\" src=\"https:\/\/sivrihisar.org.tr\/wp-content\/uploads\/2017\/05\/testimonials-standard-3-100x100.png\" class=\"attachment-66x66 size-66x66 wp-post-image\" alt=\"a\" srcset=\"https:\/\/sivrihisar.org.tr\/wp-content\/uploads\/2017\/05\/testimonials-standard-3-100x100.png 100w, https:\/\/sivrihisar.org.tr\/wp-content\/uploads\/2017\/05\/testimonials-standard-3.png 104w\" sizes=\"auto, (max-width: 66px) 100vw, 66px\" \/>\t\t<\/div>\n\t\t<div class=\"mkdf-testimonial-text-holder\">\n\t\t\t\t\t\t\t<p class=\"mkdf-testimonial-text\">\u201cMroin gravida nibh vel veliauctor aliquenean sollicitudin, lorem quis bibendum auctor, nisi elit consequat ipsutis sem nibh id elit. Duis sed odio sit amet nivulputate cursus a sit amet mauris. Morbi accumsan ipsum velit. Nam nec tellus\u201d<\/p>\n\t\t\t\t\t\t\t<h4 class=\"mkdf-testimonial-author\">\n\t\t\t\t<span class=\"mkdf-testimonials-author-name\">Jonathan Gibson<\/span>\n\t\t\t<\/h4>\n\t\t\t\t\t\t\t<span class=\"mkdf-testimonials-author-job\">Teaching Assistant<\/span>\n\t\t\t\t\t\t<\/div>\n<\/div><div class=\"mkdf-testimonial-content\" id=\"mkdf-testimonials-417\">\n\t\t\t<div class=\"mkdf-testimonial-image\">\n\t\t\t<img loading=\"lazy\" decoding=\"async\" width=\"66\" height=\"66\" src=\"https:\/\/sivrihisar.org.tr\/wp-content\/uploads\/2017\/05\/testimonials-standard-5-100x100.png\" class=\"attachment-66x66 size-66x66 wp-post-image\" alt=\"a\" srcset=\"https:\/\/sivrihisar.org.tr\/wp-content\/uploads\/2017\/05\/testimonials-standard-5-100x100.png 100w, https:\/\/sivrihisar.org.tr\/wp-content\/uploads\/2017\/05\/testimonials-standard-5.png 104w\" sizes=\"auto, (max-width: 66px) 100vw, 66px\" \/>\t\t<\/div>\n\t\t<div class=\"mkdf-testimonial-text-holder\">\n\t\t\t\t\t\t\t<p class=\"mkdf-testimonial-text\">\u201cMroin gravida nibh vel veliauctor aliquenean sollicitudin, lorem quis bibendum auctor, nisi elit consequat ipsutis sem nibh id elit. Duis sed odio sit amet nivulputate cursus a sit amet mauris. Morbi accumsan ipsum velit. Nam nec tellus\u201d<\/p>\n\t\t\t\t\t\t\t<h4 class=\"mkdf-testimonial-author\">\n\t\t\t\t<span class=\"mkdf-testimonials-author-name\">Brooke Austin<\/span>\n\t\t\t<\/h4>\n\t\t\t\t\t\t\t<span class=\"mkdf-testimonials-author-job\">Teaching Assistant<\/span>\n\t\t\t\t\t\t<\/div>\n<\/div><div class=\"mkdf-testimonial-content\" id=\"mkdf-testimonials-413\">\n\t\t\t<div class=\"mkdf-testimonial-image\">\n\t\t\t<img loading=\"lazy\" decoding=\"async\" width=\"66\" height=\"66\" src=\"https:\/\/sivrihisar.org.tr\/wp-content\/uploads\/2017\/05\/testimonials-standard-4-100x100.png\" class=\"attachment-66x66 size-66x66 wp-post-image\" alt=\"a\" srcset=\"https:\/\/sivrihisar.org.tr\/wp-content\/uploads\/2017\/05\/testimonials-standard-4-100x100.png 100w, https:\/\/sivrihisar.org.tr\/wp-content\/uploads\/2017\/05\/testimonials-standard-4.png 104w\" sizes=\"auto, (max-width: 66px) 100vw, 66px\" \/>\t\t<\/div>\n\t\t<div class=\"mkdf-testimonial-text-holder\">\n\t\t\t\t\t\t\t<p class=\"mkdf-testimonial-text\">\u201cMroin gravida nibh vel veliauctor aliquenean sollicitudin, lorem quis bibendum auctor, nisi elit consequat ipsutis sem nibh id elit. Duis sed odio sit amet nivulputate cursus a sit amet mauris. Morbi accumsan ipsum velit. Nam nec tellus\u201d<\/p>\n\t\t\t\t\t\t\t<h4 class=\"mkdf-testimonial-author\">\n\t\t\t\t<span class=\"mkdf-testimonials-author-name\">Rachel  Collins<\/span>\n\t\t\t<\/h4>\n\t\t\t\t\t\t\t<span class=\"mkdf-testimonials-author-job\">Student<\/span>\n\t\t\t\t\t\t<\/div>\n<\/div><\/div><\/div>[\/vc_column][\/vc_row][vc_row row_content_width=&#8221;grid&#8221;][vc_column offset=&#8221;vc_col-lg-6&#8243;]<div class=\"mkdf-elements-holder   mkdf-one-column  mkdf-responsive-mode-768 \" ><div class=\"mkdf-eh-item  mkdf-width-1-1   \"  data-item-class=\"mkdf-eh-custom-8839\" data-1600=\"72px 0 0 \" data-1280-1600=\"72px 0 0 \" data-1024-1280=\"192px 0 0 \" data-768-1024=\"0 0 \" data-680-768=\"0 0 \" data-680=\"0 0 \">\n\t<div class=\"mkdf-eh-item-inner\">\n\t\t<div class=\"mkdf-eh-item-content mkdf-eh-custom-8839\" style=\"padding: 72px 0 0 \">\n\t\t\t<div class=\"mkdf-single-image-holder   \">\n    <div class=\"mkdf-si-inner\">\n                                    <img loading=\"lazy\" decoding=\"async\" width=\"706\" height=\"677\" src=\"https:\/\/sivrihisar.org.tr\/wp-content\/uploads\/2017\/06\/about-us-img.png\" class=\"attachment-full size-full\" alt=\"a\" srcset=\"https:\/\/sivrihisar.org.tr\/wp-content\/uploads\/2017\/06\/about-us-img.png 706w, https:\/\/sivrihisar.org.tr\/wp-content\/uploads\/2017\/06\/about-us-img-600x575.png 600w, https:\/\/sivrihisar.org.tr\/wp-content\/uploads\/2017\/06\/about-us-img-300x288.png 300w\" sizes=\"auto, (max-width: 706px) 100vw, 706px\" \/>                        <\/div>\n<\/div>\t\t<\/div>\n\t<\/div>\n<\/div><\/div>[\/vc_column][vc_column offset=&#8221;vc_col-lg-6&#8243;]<div class=\"mkdf-elements-holder   mkdf-one-column  mkdf-responsive-mode-768 \" ><div class=\"mkdf-eh-item  mkdf-width-1-1   \"  data-item-class=\"mkdf-eh-custom-2037\" data-1600=\"72px 0 0 \" data-1280-1600=\"72px 0 0 \" data-1024-1280=\"72px 0 0 \" data-768-1024=\"70px 0 100px\" data-680-768=\"70px 0 100px\" data-680=\"70px 0 100px\">\n\t<div class=\"mkdf-eh-item-inner\">\n\t\t<div class=\"mkdf-eh-item-content mkdf-eh-custom-2037\" style=\"padding: 72px 0 0 \">\n\t\t\t[vc_column_text css=&#8221;.vc_custom_1496329986296{padding-bottom: 20px !important;}&#8221;]<\/p>\n<h4>FAQs<\/h4>\n<p>[\/vc_column_text]<div class=\"mkdf-accordion-holder mkdf-ac-default  mkdf-accordion mkdf-ac-boxed  clearfix\">\n\t<h6 class=\"mkdf-accordion-title\">\n    <span class=\"mkdf-accordion-mark\">\n\t\t<span class=\"mkdf_icon_plus lnr lnr-chevron-right\"><\/span>\n\t\t<span class=\"mkdf_icon_minus lnr lnr-chevron-down\"><\/span>\n\t<\/span>\n\t<span class=\"mkdf-tab-title\">Can I just enroll in a single course?<\/span>\n<\/h6>\n<div class=\"mkdf-accordion-content\">\n\t<div class=\"mkdf-accordion-content-inner\">\n\t\t[vc_column_text]Lorem ipsum proin gravida velit auctor aliquet. Aenean sollicitu din, lorem auci elit consequat ipsutissem niuis sed odio sit amet a sit amet.[\/vc_column_text]\t<\/div>\n<\/div><h6 class=\"mkdf-accordion-title\">\n    <span class=\"mkdf-accordion-mark\">\n\t\t<span class=\"mkdf_icon_plus lnr lnr-chevron-right\"><\/span>\n\t\t<span class=\"mkdf_icon_minus lnr lnr-chevron-down\"><\/span>\n\t<\/span>\n\t<span class=\"mkdf-tab-title\">What is the refund policy?<\/span>\n<\/h6>\n<div class=\"mkdf-accordion-content\">\n\t<div class=\"mkdf-accordion-content-inner\">\n\t\t[vc_column_text]Lorem ipsum proin gravida velit auctor aliquet. Aenean sollicitu din, lorem auci elit consequat ipsutissem niuis sed odio sit amet a sit amet.[\/vc_column_text]\t<\/div>\n<\/div><h6 class=\"mkdf-accordion-title\">\n    <span class=\"mkdf-accordion-mark\">\n\t\t<span class=\"mkdf_icon_plus lnr lnr-chevron-right\"><\/span>\n\t\t<span class=\"mkdf_icon_minus lnr lnr-chevron-down\"><\/span>\n\t<\/span>\n\t<span class=\"mkdf-tab-title\">What background knowledge is necessary?<\/span>\n<\/h6>\n<div class=\"mkdf-accordion-content\">\n\t<div class=\"mkdf-accordion-content-inner\">\n\t\t[vc_column_text]Lorem ipsum proin gravida velit auctor aliquet. Aenean sollicitu din, lorem auci elit consequat ipsutissem niuis sed odio sit amet a sit amet.[\/vc_column_text]\t<\/div>\n<\/div><h6 class=\"mkdf-accordion-title\">\n    <span class=\"mkdf-accordion-mark\">\n\t\t<span class=\"mkdf_icon_plus lnr lnr-chevron-right\"><\/span>\n\t\t<span class=\"mkdf_icon_minus lnr lnr-chevron-down\"><\/span>\n\t<\/span>\n\t<span class=\"mkdf-tab-title\">Do I need to take the courses in a specific order?<\/span>\n<\/h6>\n<div class=\"mkdf-accordion-content\">\n\t<div class=\"mkdf-accordion-content-inner\">\n\t\t[vc_column_text]Lorem ipsum proin gravida velit auctor aliquet. Aenean sollicitu din, lorem auci elit consequat ipsutissem niuis sed odio sit amet a sit amet.[\/vc_column_text]\t<\/div>\n<\/div><\/div>\t\t<\/div>\n\t<\/div>\n<\/div><\/div>[\/vc_column][\/vc_row]<\/p>\n<\/section>","protected":false},"excerpt":{"rendered":"<p>[vc_row row_content_width=&#8221;grid&#8221; content_text_aligment=&#8221;left&#8221; simple_background_color=&#8221;#ffffff&#8221; css=&#8221;.vc_custom_1497446239499{padding-top: 63px !important;padding-bottom: 63px !important;}&#8221;][vc_column][\/vc_column][\/vc_row][vc_row][vc_column][\/vc_column][\/vc_row][vc_row row_content_width=&#8221;grid&#8221; css=&#8221;.vc_custom_1496402409845{padding-top: 81px !important;padding-bottom: 70px !important;}&#8221;][vc_column][vc_empty_space height=&#8221;85px&#8221;][\/vc_column][\/vc_row][vc_row row_content_width=&#8221;grid&#8221; content_text_aligment=&#8221;center&#8221; parallax_background_image=&#8221;422&#8243; css=&#8221;.vc_custom_1496402470103{padding-top: 100px !important;padding-bottom: 95px !important;}&#8221;][vc_column][\/vc_column][\/vc_row][vc_row row_content_width=&#8221;grid&#8221;][vc_column offset=&#8221;vc_col-lg-6&#8243;][\/vc_column][vc_column offset=&#8221;vc_col-lg-6&#8243;][\/vc_column][\/vc_row]<\/p>\n","protected":false},"author":1,"featured_media":0,"parent":0,"menu_order":0,"comment_status":"closed","ping_status":"closed","template":"full-width.php","meta":{"_bbp_topic_count":0,"_bbp_reply_count":0,"_bbp_total_topic_count":0,"_bbp_total_reply_count":0,"_bbp_voice_count":0,"_bbp_anonymous_reply_count":0,"_bbp_topic_count_hidden":0,"_bbp_reply_count_hidden":0,"_bbp_forum_subforum_count":0,"footnotes":""},"class_list":["post-1580","page","type-page","status-publish","hentry"],"_links":{"self":[{"href":"https:\/\/sivrihisar.org.tr\/index.php\/wp-json\/wp\/v2\/pages\/1580","targetHints":{"allow":["GET"]}}],"collection":[{"href":"https:\/\/sivrihisar.org.tr\/index.php\/wp-json\/wp\/v2\/pages"}],"about":[{"href":"https:\/\/sivrihisar.org.tr\/index.php\/wp-json\/wp\/v2\/types\/page"}],"author":[{"embeddable":true,"href":"https:\/\/sivrihisar.org.tr\/index.php\/wp-json\/wp\/v2\/users\/1"}],"replies":[{"embeddable":true,"href":"https:\/\/sivrihisar.org.tr\/index.php\/wp-json\/wp\/v2\/comments?post=1580"}],"version-history":[{"count":0,"href":"https:\/\/sivrihisar.org.tr\/index.php\/wp-json\/wp\/v2\/pages\/1580\/revisions"}],"wp:attachment":[{"href":"https:\/\/sivrihisar.org.tr\/index.php\/wp-json\/wp\/v2\/media?parent=1580"}],"curies":[{"name":"wp","href":"https:\/\/api.w.org\/{rel}","templated":true}]}}