{"id":1863,"date":"2017-06-02T13:24:07","date_gmt":"2017-06-02T13:24:07","guid":{"rendered":"http:\/\/iacademy.mikado-themes.com\/?page_id=1863"},"modified":"2026-04-20T11:38:21","modified_gmt":"2026-04-20T11:38:21","slug":"contact","status":"publish","type":"page","link":"https:\/\/sivrihisar.org.tr\/index.php\/contact\/","title":{"rendered":"\u0130leti\u015fim"},"content":{"rendered":"<section class=\"wpb-content-wrapper\"><p>[vc_row row_content_width=&#8221;grid&#8221; content_text_aligment=&#8221;left&#8221; css=&#8221;.vc_custom_1497251655285{padding-top: 100px !important;padding-bottom: 83px !important;}&#8221;][vc_column width=&#8221;5\/12&#8243; css=&#8221;.vc_custom_1496845447068{margin-top: -10px !important;}&#8221;]<div class=\"mkdf-section-title-holder  mkdf-st-standard mkdf-st-title-left mkdf-st-normal-space \" style=\"text-align: left\">\n\t<div class=\"mkdf-st-inner\">\n\t\t\t\t\t<h2 class=\"mkdf-st-title\" >\n\t\t\t\t\u0130leti\u015fim Bilgileri\t\t\t<\/h2>\n\t\t\t\t\t\t\t<p class=\"mkdf-st-text\" >\n\t\t\t\tBizimle a\u015fa\u011f\u0131daki kanallar \u00fczerinden ileti\u015fime ge\u00e7ebilirsiniz.\t\t\t<\/p>\n\t\t\t<\/div>\n<\/div>[vc_empty_space height=&#8221;10px&#8221;][vc_column_text css=&#8221;.vc_custom_1776684633923{padding-bottom: 20px !important;}&#8221;]<\/p>\n<h5>Adres ve Telefon<\/h5>\n<p>[\/vc_column_text]<div class=\"mkdf-icon-list-holder \" style=\"margin-bottom: 8px\">\n\t<div class=\"mkdf-il-icon-holder\">\n\t\t<span aria-hidden=\"true\" class=\"mkdf-icon-linear-icons lnr lnr-home \" style=\"color: #545454;font-size: 17px\"><\/span>\t<\/div>\n\t<p class=\"mkdf-il-text\" style=\"color: #999999;font-size: 12px;padding-left: 25px\">Arifiye Mahallesi Yenig\u00fcn Sokak No: 6 Odunpazar\u0131 \u2013 Eski\u015fehir<\/p>\n<\/div><div class=\"mkdf-icon-list-holder \" style=\"margin-bottom: 8px\">\n\t<div class=\"mkdf-il-icon-holder\">\n\t\t<span aria-hidden=\"true\" class=\"mkdf-icon-linear-icons lnr lnr-phone \" style=\"color: #545454;font-size: 17px\"><\/span>\t<\/div>\n\t<p class=\"mkdf-il-text\" style=\"color: #999999;font-size: 12px;padding-left: 25px\">+90 222 221 55 44<\/p>\n<\/div><div class=\"mkdf-icon-list-holder \" style=\"margin-bottom: 8px\">\n\t<div class=\"mkdf-il-icon-holder\">\n\t\t<span aria-hidden=\"true\" class=\"mkdf-icon-linear-icons lnr lnr-book \" style=\"color: #545454;font-size: 17px\"><\/span>\t<\/div>\n\t<p class=\"mkdf-il-text\" style=\"color: #999999;font-size: 12px;padding-left: 25px\">iletisim@sivrihisar.org.tr<\/p>\n<\/div><div class=\"mkdf-separator-holder clearfix  mkdf-separator-left \">\n\t<div class=\"mkdf-separator\" style=\"border-color: #eaeaea;width: 80%;border-bottom-width: 1px;margin-top: 25px;margin-bottom: 15px\"><\/div>\n<\/div>\n[\/vc_column][vc_column width=&#8221;7\/12&#8243;]\n<div class=\"wpcf7 no-js\" id=\"wpcf7-f170-o1\" lang=\"en-US\" dir=\"ltr\" data-wpcf7-id=\"170\">\n<div class=\"screen-reader-response\"><p role=\"status\" aria-live=\"polite\" aria-atomic=\"true\"><\/p> <ul><\/ul><\/div>\n<form action=\"\/index.php\/wp-json\/wp\/v2\/pages\/1863#wpcf7-f170-o1\" method=\"post\" class=\"wpcf7-form init cf7_custom_style_2\" aria-label=\"Contact form\" novalidate=\"novalidate\" data-status=\"init\">\n<fieldset class=\"hidden-fields-container\"><input type=\"hidden\" name=\"_wpcf7\" value=\"170\" \/><input type=\"hidden\" name=\"_wpcf7_version\" value=\"6.1.5\" \/><input type=\"hidden\" name=\"_wpcf7_locale\" value=\"en_US\" \/><input type=\"hidden\" name=\"_wpcf7_unit_tag\" value=\"wpcf7-f170-o1\" \/><input type=\"hidden\" name=\"_wpcf7_container_post\" value=\"0\" \/><input type=\"hidden\" name=\"_wpcf7_posted_data_hash\" value=\"\" \/>\n<\/fieldset>\n<div class=\"mkdf-cf7-contact-wrapper mkdf-button-small\">\n\t<div class=\"mkdf-cf7-title\">\n\t\t<p>Bizimle \u0130leti\u015fime Ge\u00e7in\n\t\t<\/p>\n\t<\/div>\n\t<div class=\"mkdf-cf7-inputs clearfix\">\n\t\t<div class=\"mkdf-grid-col-6\">\n\t\t\t<p><label>\u0130sim ve Soyisim<span style=\"color: #ffd740;\">*<\/span><\/label><span class=\"wpcf7-form-control-wrap\" data-name=\"your-name\"><input size=\"40\" maxlength=\"400\" class=\"wpcf7-form-control wpcf7-text wpcf7-validates-as-required\" aria-required=\"true\" aria-invalid=\"false\" value=\"\" type=\"text\" name=\"your-name\" \/><\/span>\n\t\t\t<\/p>\n\t\t<\/div>\n\t\t<div class=\"mkdf-grid-col-6\">\n\t\t\t<p><label>Email<span style=\"color: #ffd740;\">*<\/span><\/label><span class=\"wpcf7-form-control-wrap\" data-name=\"your-email\"><input size=\"40\" maxlength=\"400\" class=\"wpcf7-form-control wpcf7-text wpcf7-validates-as-required\" aria-required=\"true\" aria-invalid=\"false\" value=\"\" type=\"text\" name=\"your-email\" \/><\/span>\n\t\t\t<\/p>\n\t\t<\/div>\n\t\t<div class=\"mkdf-grid-col-12\">\n\t\t\t<p><label>Website<\/label><span class=\"wpcf7-form-control-wrap\" data-name=\"your-website\"><input size=\"40\" maxlength=\"400\" class=\"wpcf7-form-control wpcf7-text wpcf7-validates-as-required\" aria-required=\"true\" aria-invalid=\"false\" value=\"\" type=\"text\" name=\"your-website\" \/><\/span>\n\t\t\t<\/p>\n\t\t<\/div>\n\t\t<div class=\"mkdf-grid-col-12\">\n\t\t\t<p><label>Mesaj\u0131n\u0131z<span style=\"color: #ffd740;\">*<\/span><\/label><span class=\"wpcf7-form-control-wrap\" data-name=\"your-message\"><textarea cols=\"40\" rows=\"4\" maxlength=\"2000\" class=\"wpcf7-form-control wpcf7-textarea wpcf7-validates-as-required\" aria-required=\"true\" aria-invalid=\"false\" name=\"your-message\"><\/textarea><\/span><br \/>\n<input class=\"wpcf7-form-control wpcf7-submit has-spinner\" type=\"submit\" value=\"G\u00f6nder\" \/>\n\t\t\t<\/p>\n\t\t<\/div>\n\t<\/div>\n<\/div><div class=\"wpcf7-response-output\" aria-hidden=\"true\"><\/div>\n<\/form>\n<\/div>\n[\/vc_column][\/vc_row][vc_row][vc_column]<div class=\"mkdf-google-map-holder\">\n\t<div class=\"mkdf-google-map\" id=\"mkdf-map-336882\" data-addresses='[\"East Ferry Road Crossharbour (Stop R), Isle of Dogs, London E14 9LS\"]' data-custom-map-style=no data-color-overlay=#393939 data-saturation=-100 data-lightness=-60 data-zoom=14 data-pin=https:\/\/sivrihisar.org.tr\/wp-content\/uploads\/2017\/06\/map-pin-blue.png data-unique-id=336882 data-scroll-wheel=no data-height=605><\/div>\n\t\t\t<div class=\"mkdf-google-map-overlay\"><\/div>\n\t<\/div>\n[\/vc_column][\/vc_row][vc_row row_content_width=&#8221;grid&#8221; content_text_aligment=&#8221;left&#8221; simple_background_color=&#8221;#fafafa&#8221; css=&#8221;.vc_custom_1496751466197{padding-top: 30px !important;padding-bottom: 5px !important;}&#8221;][vc_column width=&#8221;1\/2&#8243; offset=&#8221;vc_col-lg-offset-0 vc_col-lg-3 vc_col-md-offset-0 vc_col-md-6 vc_col-sm-offset-0 vc_col-xs-12&#8243;][vc_column_text]<\/p>\n<h5>B\u00fcltenimize Kay\u0131t Olun<\/h5>\n<p>[\/vc_column_text][vc_column_text css=&#8221;.vc_custom_1776685010915{margin-top: -20px !important;}&#8221;]<\/p>\n<h6><span style=\"color: #666666; font-size: 13px; font-weight: 400;\">\u00d6nce siz haberdar olun<\/span><\/h6>\n<p>[\/vc_column_text][\/vc_column][vc_column width=&#8221;1\/2&#8243; offset=&#8221;vc_col-lg-offset-0 vc_col-lg-3 vc_col-md-offset-0 vc_col-md-6 vc_col-sm-offset-0 vc_col-xs-12&#8243; css=&#8221;.vc_custom_1496751666044{margin-left: -17% !important;}&#8221;]<div class=\"mkdf-elements-holder   mkdf-one-column  mkdf-responsive-mode-768 \" ><div class=\"mkdf-eh-item  mkdf-width-1-1   \"  data-item-class=\"mkdf-eh-custom-5413\" data-1600=\"16px 0 0\">\n\t<div class=\"mkdf-eh-item-inner\">\n\t\t<div class=\"mkdf-eh-item-content mkdf-eh-custom-5413\" style=\"padding: 16px 0 0\">\n\t\t\t\n<div class=\"wpcf7 no-js\" id=\"wpcf7-f2102-o2\" lang=\"en-US\" dir=\"ltr\" data-wpcf7-id=\"2102\">\n<div class=\"screen-reader-response\"><p role=\"status\" aria-live=\"polite\" aria-atomic=\"true\"><\/p> <ul><\/ul><\/div>\n<form action=\"\/index.php\/wp-json\/wp\/v2\/pages\/1863#wpcf7-f2102-o2\" method=\"post\" class=\"wpcf7-form init cf7_custom_style_1\" aria-label=\"Contact form\" novalidate=\"novalidate\" data-status=\"init\">\n<fieldset class=\"hidden-fields-container\"><input type=\"hidden\" name=\"_wpcf7\" value=\"2102\" \/><input type=\"hidden\" name=\"_wpcf7_version\" value=\"6.1.5\" \/><input type=\"hidden\" name=\"_wpcf7_locale\" value=\"en_US\" \/><input type=\"hidden\" name=\"_wpcf7_unit_tag\" value=\"wpcf7-f2102-o2\" \/><input type=\"hidden\" name=\"_wpcf7_container_post\" value=\"0\" \/><input type=\"hidden\" name=\"_wpcf7_posted_data_hash\" value=\"\" \/>\n<\/fieldset>\n<div class=\"mkdf-cf7-newsletter\">\n\t<p><span class=\"wpcf7-form-control-wrap\" data-name=\"email-402\"><input size=\"40\" maxlength=\"400\" class=\"wpcf7-form-control wpcf7-email wpcf7-text wpcf7-validates-as-email\" aria-invalid=\"false\" placeholder=\"Enter your email\" value=\"\" type=\"email\" name=\"email-402\" \/><\/span><br \/>\n<input class=\"wpcf7-form-control wpcf7-submit has-spinner\" type=\"submit\" value=\"&#xe876;\" \/>\n\t<\/p>\n<\/div><div class=\"wpcf7-response-output\" aria-hidden=\"true\"><\/div>\n<\/form>\n<\/div>\n\t\t<\/div>\n\t<\/div>\n<\/div><\/div>[\/vc_column][vc_column width=&#8221;1\/2&#8243; offset=&#8221;vc_col-lg-offset-0 vc_col-lg-3 vc_col-md-offset-0 vc_col-md-6 vc_col-sm-offset-0 vc_col-xs-12&#8243;][vc_column_text]<\/p>\n<h5>Bizi Takip Edin:     <span class=\"mkdf-icon-shortcode normal   mkdf-icon-tiny\" style=\"margin: 0 12px 0 ;width: 13px;height: 13px;line-height: 13px\" >\n                    <a itemprop=\"url\" class=\"mkdf-anchor\" href=\"http:\/\/www.twitter.com\" target=\"_blank\">\n                    <span aria-hidden=\"true\" class=\"mkdf-icon-font-elegant social_twitter mkdf-icon-element\" style=\"font-size:13px\" ><\/span>                    <\/a>\n            <\/span>\n    <span class=\"mkdf-icon-shortcode normal   mkdf-icon-tiny\" style=\"margin: 0 0 0;width: 13px;height: 13px;line-height: 13px\" >\n                    <a itemprop=\"url\" class=\"mkdf-anchor\" href=\"http:\/\/www.instagram.com\" target=\"_blank\">\n                    <span aria-hidden=\"true\" class=\"mkdf-icon-font-elegant social_instagram mkdf-icon-element\" style=\"font-size:13px\" ><\/span>                    <\/a>\n            <\/span>\n    <span class=\"mkdf-icon-shortcode normal   mkdf-icon-tiny\" style=\"margin: 0 12px 0;width: 13px;height: 13px;line-height: 13px\" >\n                    <a itemprop=\"url\" class=\"mkdf-anchor\" href=\"http:\/\/www.facebook.com\" target=\"_blank\">\n                    <span aria-hidden=\"true\" class=\"mkdf-icon-font-elegant social_facebook mkdf-icon-element\" style=\"font-size:13px\" ><\/span>                    <\/a>\n            <\/span>\n<\/h5>\n<p>[\/vc_column_text][vc_column_text css=&#8221;.vc_custom_1776685096117{margin-top: -20px !important;}&#8221;]<\/p>\n<h6><span style=\"color: #666666; font-size: 13px; font-weight: 400;\">Sosyal medya hesaplar\u0131m\u0131z<\/span><\/h6>\n<p>[\/vc_column_text][\/vc_column][vc_column width=&#8221;1\/2&#8243; offset=&#8221;vc_col-lg-offset-0 vc_col-lg-3 vc_col-md-offset-0 vc_col-md-6 vc_col-sm-offset-0 vc_col-xs-12&#8243;][vc_column_text]Bizi aray\u0131n: +90 222 221 55 44[\/vc_column_text][vc_column_text css=&#8221;.vc_custom_1776685049972{margin-top: -20px !important;}&#8221;]<\/p>\n<h6><span style=\"color: #666666; font-size: 13px; font-weight: 400;\">09:00 &#8211; 18:00<\/span><\/h6>\n<p>[\/vc_column_text][\/vc_column][\/vc_row]<\/p>\n<\/section>","protected":false},"excerpt":{"rendered":"<p>[vc_row row_content_width=&#8221;grid&#8221; content_text_aligment=&#8221;left&#8221; css=&#8221;.vc_custom_1497251655285{padding-top: 100px !important;padding-bottom: 83px !important;}&#8221;][vc_column width=&#8221;5\/12&#8243; css=&#8221;.vc_custom_1496845447068{margin-top: -10px !important;}&#8221;][vc_empty_space height=&#8221;10px&#8221;][vc_column_text css=&#8221;.vc_custom_1776684633923{padding-bottom: 20px !important;}&#8221;] Adres ve Telefon [\/vc_column_text][\/vc_column][vc_column width=&#8221;7\/12&#8243;][\/vc_column][\/vc_row][vc_row][vc_column][\/vc_column][\/vc_row][vc_row row_content_width=&#8221;grid&#8221; content_text_aligment=&#8221;left&#8221; simple_background_color=&#8221;#fafafa&#8221; css=&#8221;.vc_custom_1496751466197{padding-top: 30px !important;padding-bottom: 5px !important;}&#8221;][vc_column width=&#8221;1\/2&#8243; offset=&#8221;vc_col-lg-offset-0 vc_col-lg-3 vc_col-md-offset-0 vc_col-md-6 vc_col-sm-offset-0 vc_col-xs-12&#8243;][vc_column_text] B\u00fcltenimize Kay\u0131t Olun [\/vc_column_text][vc_column_text<\/p>\n","protected":false},"author":1,"featured_media":0,"parent":0,"menu_order":0,"comment_status":"closed","ping_status":"closed","template":"full-width.php","meta":{"_bbp_topic_count":0,"_bbp_reply_count":0,"_bbp_total_topic_count":0,"_bbp_total_reply_count":0,"_bbp_voice_count":0,"_bbp_anonymous_reply_count":0,"_bbp_topic_count_hidden":0,"_bbp_reply_count_hidden":0,"_bbp_forum_subforum_count":0,"footnotes":""},"class_list":["post-1863","page","type-page","status-publish","hentry"],"_links":{"self":[{"href":"https:\/\/sivrihisar.org.tr\/index.php\/wp-json\/wp\/v2\/pages\/1863","targetHints":{"allow":["GET"]}}],"collection":[{"href":"https:\/\/sivrihisar.org.tr\/index.php\/wp-json\/wp\/v2\/pages"}],"about":[{"href":"https:\/\/sivrihisar.org.tr\/index.php\/wp-json\/wp\/v2\/types\/page"}],"author":[{"embeddable":true,"href":"https:\/\/sivrihisar.org.tr\/index.php\/wp-json\/wp\/v2\/users\/1"}],"replies":[{"embeddable":true,"href":"https:\/\/sivrihisar.org.tr\/index.php\/wp-json\/wp\/v2\/comments?post=1863"}],"version-history":[{"count":6,"href":"https:\/\/sivrihisar.org.tr\/index.php\/wp-json\/wp\/v2\/pages\/1863\/revisions"}],"predecessor-version":[{"id":71194,"href":"https:\/\/sivrihisar.org.tr\/index.php\/wp-json\/wp\/v2\/pages\/1863\/revisions\/71194"}],"wp:attachment":[{"href":"https:\/\/sivrihisar.org.tr\/index.php\/wp-json\/wp\/v2\/media?parent=1863"}],"curies":[{"name":"wp","href":"https:\/\/api.w.org\/{rel}","templated":true}]}}