{"id":2621,"date":"2017-06-08T14:28:09","date_gmt":"2017-06-08T14:28:09","guid":{"rendered":"http:\/\/iacademy.mikado-themes.com\/?page_id=2621"},"modified":"2017-06-08T14:28:09","modified_gmt":"2017-06-08T14:28:09","slug":"course-list","status":"publish","type":"page","link":"https:\/\/sivrihisar.org.tr\/index.php\/elements\/course-list\/","title":{"rendered":"Course List"},"content":{"rendered":"<section class=\"wpb-content-wrapper\"><p>[vc_row content_text_aligment=&#8221;left&#8221; css=&#8221;.vc_custom_1496932242511{margin-top: -24px !important;padding-bottom: 35px !important;background-position: 0 0 !important;background-repeat: no-repeat !important;}&#8221;][vc_column offset=&#8221;vc_col-lg-offset-1 vc_col-lg-11&#8243;]<div class=\"mkdf-course-list-holder mkdf-cl-gallery mkdf-normal-space mkdf-cl-three-columns mkdf-cl-standard mkdf-cl-pag-no-pagination     \"  data-number-of-columns=\"3\" data-space-between-items=\"normal\" data-enable-image=\"yes\" data-image-proportions=\"full\" data-selected-courses=\"229, 274, 18\" data-order-by=\"date\" data-order=\"ASC\" data-item-layout=\"standard\" data-enable-title=\"yes\" data-title-tag=\"h5\" data-enable-instructor=\"yes\" data-enable-price=\"yes\" data-enable-excerpt=\"yes\" data-excerpt-length=\"46\" data-enable-students=\"yes\" data-enable-category=\"yes\" data-pagination-type=\"no-pagination\" data-filter=\"no\" data-enable-article-animation=\"no\" data-course-slider-on=\"no\" data-enable-loop=\"yes\" data-enable-autoplay=\"yes\" data-slider-speed=\"5000\" data-slider-speed-animation=\"600\" data-enable-navigation=\"yes\" data-enable-pagination=\"yes\" data-widget=\"no\" data-max-num-pages=\"1\" data-next-page=\"2\">\n    \t<div class=\"mkdf-cl-inner  clearfix\">\n\t\t<article class=\"mkdf-cl-item post-18 course type-course status-publish has-post-thumbnail hentry course-category-languages\"  data-name=do\u011fum-g\u00fcn\u00fc-sertifikas\u0131 data-date=>\n\t<div class=\"mkdf-cl-item-inner\">\n\t\t<div class=\"mkdf-cli-image-wrapper\">\n<div class=\"mkdf-cli-image\">\n\t\t\t\t<\/div><a href=\"javascript:void(0)\" class=\"mkdf-course-wishlist mkdf-icon-only\" data-course-id=\"18\">\n    <i class=\"icon_heart_alt\" aria-hidden=\"true\"><\/i>\n<\/a><\/div>\n<div class=\"mkdf-cli-text-holder\">\n\t<div class=\"mkdf-cli-text-wrapper\">\n\t\t<div class=\"mkdf-cli-text\">\n\t\t\t<div class=\"mkdf-cli-top-info\">\n\t\t\t\t\t<h5 itemprop=\"name\" class=\"mkdf-cli-title entry-title\" >\n\t<a itemprop=\"url\" href=\"https:\/\/sivrihisar.org.tr\/index.php\/course\/business-english\/\" target=\"_self\">\n\t\tDo\u011fum G\u00fcn\u00fc Sertifikas\u0131\t<\/a>\n\t<\/h5>\n\n\t\t\t\t<div class=\"mkdf-ci-price-holder clearfix\">\n        <span class=\"mkdf-ci-price-value\">\n          &#8378;20      <\/span>\n  <\/div>\n\t\t\t\t<a itemprop=\"url\" href=\"https:\/\/sivrihisar.org.tr\/index.php\/instructor\/preston-marshall\/\" target=\"_self\">\n    <span class=\"mkdf-instructor-name\">\n       Bekir Kal\u0131r    <\/span>\n<\/a>\n\t\t\t<\/div>\n\t\t\t\t<p itemprop=\"description\" class=\"mkdf-cli-excerpt\">Lorem ipsum dolor sit amet, te eros consulatu <\/p>\n\t\t\t<div class=\"mkdf-cli-bottom-info\">\n\t\t\t\t\n<div class=\"mkdf-students-number-holder\">\n    <span aria-hidden=\"true\" class=\"icon_profile mkdf-student-icon\"><\/span>\n    <span>\n    0    <\/span>\n<\/div>\n\t\t\t\t\t\t<div class=\"mkdf-cli-category-holder\">\n\t\t\t<span aria-hidden=\"true\" class=\"icon_tag mkdf-category-icon\"><\/span>\n\t\t\t\t\t\t\t<a itemprop=\"url\" class=\"mkdf-cli-category\" href=\"https:\/\/sivrihisar.org.tr\/index.php\/course-category\/languages\/\">Languages<\/a>\n\t\t\t\t\t<\/div>\n\t\t\t\t<\/div>\n\t\t<\/div>\n\t<\/div>\n<\/div>\t\t<a itemprop=\"url\" class=\"mkdf-cli-link mkdf-block-drag-link\" href=\"https:\/\/sivrihisar.org.tr\/index.php\/course\/business-english\/\" target=\"_self\"><\/a>\n\t<\/div>\n<\/article><article class=\"mkdf-cl-item post-229 course type-course status-publish has-post-thumbnail hentry course-category-languages\"  data-name=learn-spanish data-date=>\n\t<div class=\"mkdf-cl-item-inner\">\n\t\t<div class=\"mkdf-cli-image-wrapper\">\n<div class=\"mkdf-cli-image\">\n\t\t\t\t<\/div><a href=\"javascript:void(0)\" class=\"mkdf-course-wishlist mkdf-icon-only\" data-course-id=\"229\">\n    <i class=\"icon_heart_alt\" aria-hidden=\"true\"><\/i>\n<\/a><\/div>\n<div class=\"mkdf-cli-text-holder\">\n\t<div class=\"mkdf-cli-text-wrapper\">\n\t\t<div class=\"mkdf-cli-text\">\n\t\t\t<div class=\"mkdf-cli-top-info\">\n\t\t\t\t\t<h5 itemprop=\"name\" class=\"mkdf-cli-title entry-title\" >\n\t<a itemprop=\"url\" href=\"https:\/\/sivrihisar.org.tr\/index.php\/course\/learn-spanish\/\" target=\"_self\">\n\t\tLearn Spanish\t<\/a>\n\t<\/h5>\n\n\t\t\t\t<div class=\"mkdf-ci-price-holder clearfix\">\n        <span class=\"mkdf-ci-price-value\">\n          &#8378;20      <\/span>\n  <\/div>\n\t\t\t\t<a itemprop=\"url\" href=\"https:\/\/sivrihisar.org.tr\/index.php\/instructor\/jennie-king\/\" target=\"_self\">\n    <span class=\"mkdf-instructor-name\">\n       Jennie King    <\/span>\n<\/a>\n\t\t\t<\/div>\n\t\t\t\t<p itemprop=\"description\" class=\"mkdf-cli-excerpt\">Lorem ipsum dolor sit amet, te eros consulatu <\/p>\n\t\t\t<div class=\"mkdf-cli-bottom-info\">\n\t\t\t\t\n<div class=\"mkdf-students-number-holder\">\n    <span aria-hidden=\"true\" class=\"icon_profile mkdf-student-icon\"><\/span>\n    <span>\n    0    <\/span>\n<\/div>\n\t\t\t\t\t\t<div class=\"mkdf-cli-category-holder\">\n\t\t\t<span aria-hidden=\"true\" class=\"icon_tag mkdf-category-icon\"><\/span>\n\t\t\t\t\t\t\t<a itemprop=\"url\" class=\"mkdf-cli-category\" href=\"https:\/\/sivrihisar.org.tr\/index.php\/course-category\/languages\/\">Languages<\/a>\n\t\t\t\t\t<\/div>\n\t\t\t\t<\/div>\n\t\t<\/div>\n\t<\/div>\n<\/div>\t\t<a itemprop=\"url\" class=\"mkdf-cli-link mkdf-block-drag-link\" href=\"https:\/\/sivrihisar.org.tr\/index.php\/course\/learn-spanish\/\" target=\"_self\"><\/a>\n\t<\/div>\n<\/article><article class=\"mkdf-cl-item post-274 course type-course status-publish has-post-thumbnail hentry course-category-programming\"  data-name=web-designing data-date=>\n\t<div class=\"mkdf-cl-item-inner\">\n\t\t<div class=\"mkdf-cli-image-wrapper\">\n<div class=\"mkdf-cli-image\">\n\t\t\t<img loading=\"lazy\" decoding=\"async\" width=\"1000\" height=\"639\" src=\"https:\/\/sivrihisar.org.tr\/wp-content\/uploads\/2017\/05\/course-6-f-img.jpg\" class=\"attachment-full size-full wp-post-image\" alt=\"a\" srcset=\"https:\/\/sivrihisar.org.tr\/wp-content\/uploads\/2017\/05\/course-6-f-img.jpg 1000w, https:\/\/sivrihisar.org.tr\/wp-content\/uploads\/2017\/05\/course-6-f-img-600x383.jpg 600w, https:\/\/sivrihisar.org.tr\/wp-content\/uploads\/2017\/05\/course-6-f-img-300x192.jpg 300w, https:\/\/sivrihisar.org.tr\/wp-content\/uploads\/2017\/05\/course-6-f-img-768x491.jpg 768w\" sizes=\"auto, (max-width: 1000px) 100vw, 1000px\" \/>\t<\/div><a href=\"javascript:void(0)\" class=\"mkdf-course-wishlist mkdf-icon-only\" data-course-id=\"274\">\n    <i class=\"icon_heart_alt\" aria-hidden=\"true\"><\/i>\n<\/a><\/div>\n<div class=\"mkdf-cli-text-holder\">\n\t<div class=\"mkdf-cli-text-wrapper\">\n\t\t<div class=\"mkdf-cli-text\">\n\t\t\t<div class=\"mkdf-cli-top-info\">\n\t\t\t\t\t<h5 itemprop=\"name\" class=\"mkdf-cli-title entry-title\" >\n\t<a itemprop=\"url\" href=\"https:\/\/sivrihisar.org.tr\/index.php\/course\/web-designing\/\" target=\"_self\">\n\t\tWeb Designing\t<\/a>\n\t<\/h5>\n\n\t\t\t\t<div class=\"mkdf-ci-price-holder clearfix\">\n        <span class=\"mkdf-ci-price-free\">\n        Free      <\/span>\n  <\/div>\n\t\t\t\t<a itemprop=\"url\" href=\"https:\/\/sivrihisar.org.tr\/index.php\/instructor\/jennifer-powell\/\" target=\"_self\">\n    <span class=\"mkdf-instructor-name\">\n       Jennifer Powell    <\/span>\n<\/a>\n\t\t\t<\/div>\n\t\t\t\t<p itemprop=\"description\" class=\"mkdf-cli-excerpt\">Lorem ipsum dolor sit amet, te eros consulatu <\/p>\n\t\t\t<div class=\"mkdf-cli-bottom-info\">\n\t\t\t\t\n<div class=\"mkdf-students-number-holder\">\n    <span aria-hidden=\"true\" class=\"icon_profile mkdf-student-icon\"><\/span>\n    <span>\n    0    <\/span>\n<\/div>\n\t\t\t\t\t\t<div class=\"mkdf-cli-category-holder\">\n\t\t\t<span aria-hidden=\"true\" class=\"icon_tag mkdf-category-icon\"><\/span>\n\t\t\t\t\t\t\t<a itemprop=\"url\" class=\"mkdf-cli-category\" href=\"https:\/\/sivrihisar.org.tr\/index.php\/course-category\/programming\/\">Programming<\/a>\n\t\t\t\t\t<\/div>\n\t\t\t\t<\/div>\n\t\t<\/div>\n\t<\/div>\n<\/div>\t\t<a itemprop=\"url\" class=\"mkdf-cli-link mkdf-block-drag-link\" href=\"https:\/\/sivrihisar.org.tr\/index.php\/course\/web-designing\/\" target=\"_self\"><\/a>\n\t<\/div>\n<\/article>\t<\/div>\n\t\n\t<\/div>[\/vc_column][\/vc_row][vc_row content_text_aligment=&#8221;left&#8221; css=&#8221;.vc_custom_1496932413550{padding-bottom: 70px !important;background-position: 0 0 !important;background-repeat: no-repeat !important;}&#8221;][vc_column offset=&#8221;vc_col-lg-offset-1 vc_col-lg-11&#8243;]<div class=\"mkdf-course-list-holder mkdf-cl-gallery mkdf-normal-space mkdf-cl-two-columns mkdf-cl-standard mkdf-cl-pag-no-pagination     \"  data-number-of-columns=\"2\" data-space-between-items=\"normal\" data-number-of-items=\"2\" data-enable-image=\"yes\" data-image-proportions=\"full\" data-selected-courses=\"269, 279\" data-order-by=\"date\" data-order=\"ASC\" data-item-layout=\"standard\" data-enable-title=\"yes\" data-title-tag=\"h5\" data-enable-instructor=\"yes\" data-enable-price=\"yes\" data-enable-excerpt=\"yes\" data-excerpt-length=\"77\" data-enable-students=\"yes\" data-enable-category=\"yes\" data-pagination-type=\"no-pagination\" data-filter=\"no\" data-enable-article-animation=\"no\" data-course-slider-on=\"no\" data-enable-loop=\"yes\" data-enable-autoplay=\"yes\" data-slider-speed=\"5000\" data-slider-speed-animation=\"600\" data-enable-navigation=\"yes\" data-enable-pagination=\"yes\" data-widget=\"no\" data-max-num-pages=\"1\" data-next-page=\"2\">\n    \t<div class=\"mkdf-cl-inner  clearfix\">\n\t\t<article class=\"mkdf-cl-item post-269 course type-course status-publish has-post-thumbnail hentry course-category-business\"  data-name=basic-marketing data-date=>\n\t<div class=\"mkdf-cl-item-inner\">\n\t\t<div class=\"mkdf-cli-image-wrapper\">\n<div class=\"mkdf-cli-image\">\n\t\t\t\t<\/div><a href=\"javascript:void(0)\" class=\"mkdf-course-wishlist mkdf-icon-only\" data-course-id=\"269\">\n    <i class=\"icon_heart_alt\" aria-hidden=\"true\"><\/i>\n<\/a><\/div>\n<div class=\"mkdf-cli-text-holder\">\n\t<div class=\"mkdf-cli-text-wrapper\">\n\t\t<div class=\"mkdf-cli-text\">\n\t\t\t<div class=\"mkdf-cli-top-info\">\n\t\t\t\t\t<h5 itemprop=\"name\" class=\"mkdf-cli-title entry-title\" >\n\t<a itemprop=\"url\" href=\"https:\/\/sivrihisar.org.tr\/index.php\/course\/basic-marketing\/\" target=\"_self\">\n\t\tBasic Marketing\t<\/a>\n\t<\/h5>\n\n\t\t\t\t<div class=\"mkdf-ci-price-holder clearfix\">\n        <span class=\"mkdf-ci-price-value\">\n          &#8378;40      <\/span>\n  <\/div>\n\t\t\t\t<a itemprop=\"url\" href=\"https:\/\/sivrihisar.org.tr\/index.php\/checkout\/\" target=\"_self\">\n    <span class=\"mkdf-instructor-name\">\n       Checkout    <\/span>\n<\/a>\n\t\t\t<\/div>\n\t\t\t\t<p itemprop=\"description\" class=\"mkdf-cli-excerpt\">Lorem ipsum dolor sit amet, te eros consulatu pro, quem labores petentium no <\/p>\n\t\t\t<div class=\"mkdf-cli-bottom-info\">\n\t\t\t\t\n<div class=\"mkdf-students-number-holder\">\n    <span aria-hidden=\"true\" class=\"icon_profile mkdf-student-icon\"><\/span>\n    <span>\n    0    <\/span>\n<\/div>\n\t\t\t\t\t\t<div class=\"mkdf-cli-category-holder\">\n\t\t\t<span aria-hidden=\"true\" class=\"icon_tag mkdf-category-icon\"><\/span>\n\t\t\t\t\t\t\t<a itemprop=\"url\" class=\"mkdf-cli-category\" href=\"https:\/\/sivrihisar.org.tr\/index.php\/course-category\/business\/\">Business<\/a>\n\t\t\t\t\t<\/div>\n\t\t\t\t<\/div>\n\t\t<\/div>\n\t<\/div>\n<\/div>\t\t<a itemprop=\"url\" class=\"mkdf-cli-link mkdf-block-drag-link\" href=\"https:\/\/sivrihisar.org.tr\/index.php\/course\/basic-marketing\/\" target=\"_self\"><\/a>\n\t<\/div>\n<\/article><article class=\"mkdf-cl-item post-279 course type-course status-publish has-post-thumbnail hentry course-category-languages\"  data-name=academic-english data-date=>\n\t<div class=\"mkdf-cl-item-inner\">\n\t\t<div class=\"mkdf-cli-image-wrapper\">\n<div class=\"mkdf-cli-image\">\n\t\t\t<img loading=\"lazy\" decoding=\"async\" width=\"1000\" height=\"639\" src=\"https:\/\/sivrihisar.org.tr\/wp-content\/uploads\/2017\/05\/course-11-f-img.jpg\" class=\"attachment-full size-full wp-post-image\" alt=\"a\" srcset=\"https:\/\/sivrihisar.org.tr\/wp-content\/uploads\/2017\/05\/course-11-f-img.jpg 1000w, https:\/\/sivrihisar.org.tr\/wp-content\/uploads\/2017\/05\/course-11-f-img-600x383.jpg 600w, https:\/\/sivrihisar.org.tr\/wp-content\/uploads\/2017\/05\/course-11-f-img-300x192.jpg 300w, https:\/\/sivrihisar.org.tr\/wp-content\/uploads\/2017\/05\/course-11-f-img-768x491.jpg 768w\" sizes=\"auto, (max-width: 1000px) 100vw, 1000px\" \/>\t<\/div><a href=\"javascript:void(0)\" class=\"mkdf-course-wishlist mkdf-icon-only\" data-course-id=\"279\">\n    <i class=\"icon_heart_alt\" aria-hidden=\"true\"><\/i>\n<\/a><\/div>\n<div class=\"mkdf-cli-text-holder\">\n\t<div class=\"mkdf-cli-text-wrapper\">\n\t\t<div class=\"mkdf-cli-text\">\n\t\t\t<div class=\"mkdf-cli-top-info\">\n\t\t\t\t\t<h5 itemprop=\"name\" class=\"mkdf-cli-title entry-title\" >\n\t<a itemprop=\"url\" href=\"https:\/\/sivrihisar.org.tr\/index.php\/course\/academic-english\/\" target=\"_self\">\n\t\tAcademic English\t<\/a>\n\t<\/h5>\n\n\t\t\t\t<div class=\"mkdf-ci-price-holder clearfix\">\n        <span class=\"mkdf-ci-price-free\">\n        Free      <\/span>\n  <\/div>\n\t\t\t\t<a itemprop=\"url\" href=\"https:\/\/sivrihisar.org.tr\/index.php\/instructor\/dave-robbins\/\" target=\"_self\">\n    <span class=\"mkdf-instructor-name\">\n       Dave Robbins    <\/span>\n<\/a>\n\t\t\t<\/div>\n\t\t\t\t<p itemprop=\"description\" class=\"mkdf-cli-excerpt\">Lorem ipsum dolor sit amet, te eros consulatu pro, quem labores petentium no <\/p>\n\t\t\t<div class=\"mkdf-cli-bottom-info\">\n\t\t\t\t\n<div class=\"mkdf-students-number-holder\">\n    <span aria-hidden=\"true\" class=\"icon_profile mkdf-student-icon\"><\/span>\n    <span>\n    0    <\/span>\n<\/div>\n\t\t\t\t\t\t<div class=\"mkdf-cli-category-holder\">\n\t\t\t<span aria-hidden=\"true\" class=\"icon_tag mkdf-category-icon\"><\/span>\n\t\t\t\t\t\t\t<a itemprop=\"url\" class=\"mkdf-cli-category\" href=\"https:\/\/sivrihisar.org.tr\/index.php\/course-category\/languages\/\">Languages<\/a>\n\t\t\t\t\t<\/div>\n\t\t\t\t<\/div>\n\t\t<\/div>\n\t<\/div>\n<\/div>\t\t<a itemprop=\"url\" class=\"mkdf-cli-link mkdf-block-drag-link\" href=\"https:\/\/sivrihisar.org.tr\/index.php\/course\/academic-english\/\" target=\"_self\"><\/a>\n\t<\/div>\n<\/article>\t<\/div>\n\t\n\t<\/div>[\/vc_column][\/vc_row]<\/p>\n<\/section>","protected":false},"excerpt":{"rendered":"<p>[vc_row content_text_aligment=&#8221;left&#8221; css=&#8221;.vc_custom_1496932242511{margin-top: -24px !important;padding-bottom: 35px !important;background-position: 0 0 !important;background-repeat: no-repeat !important;}&#8221;][vc_column offset=&#8221;vc_col-lg-offset-1 vc_col-lg-11&#8243;][\/vc_column][\/vc_row][vc_row content_text_aligment=&#8221;left&#8221; css=&#8221;.vc_custom_1496932413550{padding-bottom: 70px !important;background-position: 0 0 !important;background-repeat: no-repeat !important;}&#8221;][vc_column offset=&#8221;vc_col-lg-offset-1 vc_col-lg-11&#8243;][\/vc_column][\/vc_row]<\/p>\n","protected":false},"author":1,"featured_media":0,"parent":447,"menu_order":0,"comment_status":"closed","ping_status":"closed","template":"","meta":{"_bbp_topic_count":0,"_bbp_reply_count":0,"_bbp_total_topic_count":0,"_bbp_total_reply_count":0,"_bbp_voice_count":0,"_bbp_anonymous_reply_count":0,"_bbp_topic_count_hidden":0,"_bbp_reply_count_hidden":0,"_bbp_forum_subforum_count":0,"footnotes":""},"class_list":["post-2621","page","type-page","status-publish","hentry"],"_links":{"self":[{"href":"https:\/\/sivrihisar.org.tr\/index.php\/wp-json\/wp\/v2\/pages\/2621","targetHints":{"allow":["GET"]}}],"collection":[{"href":"https:\/\/sivrihisar.org.tr\/index.php\/wp-json\/wp\/v2\/pages"}],"about":[{"href":"https:\/\/sivrihisar.org.tr\/index.php\/wp-json\/wp\/v2\/types\/page"}],"author":[{"embeddable":true,"href":"https:\/\/sivrihisar.org.tr\/index.php\/wp-json\/wp\/v2\/users\/1"}],"replies":[{"embeddable":true,"href":"https:\/\/sivrihisar.org.tr\/index.php\/wp-json\/wp\/v2\/comments?post=2621"}],"version-history":[{"count":0,"href":"https:\/\/sivrihisar.org.tr\/index.php\/wp-json\/wp\/v2\/pages\/2621\/revisions"}],"up":[{"embeddable":true,"href":"https:\/\/sivrihisar.org.tr\/index.php\/wp-json\/wp\/v2\/pages\/447"}],"wp:attachment":[{"href":"https:\/\/sivrihisar.org.tr\/index.php\/wp-json\/wp\/v2\/media?parent=2621"}],"curies":[{"name":"wp","href":"https:\/\/api.w.org\/{rel}","templated":true}]}}