{"id":2724,"date":"2017-06-09T08:18:57","date_gmt":"2017-06-09T08:18:57","guid":{"rendered":"http:\/\/iacademy.mikado-themes.com\/?page_id=2724"},"modified":"2026-04-20T13:57:19","modified_gmt":"2026-04-20T13:57:19","slug":"product-list","status":"publish","type":"page","link":"https:\/\/sivrihisar.org.tr\/index.php\/elements\/product-list\/","title":{"rendered":"E\u011fitime Destek Sertifikalar\u0131"},"content":{"rendered":"<section class=\"wpb-content-wrapper\"><p>[vc_row content_text_aligment=&#8221;left&#8221; css=&#8221;.vc_custom_1496996541314{margin-top: -40px !important;padding-bottom: 30px !important;background-position: 0 0 !important;background-repeat: no-repeat !important;}&#8221;][vc_column offset=&#8221;vc_col-lg-offset-1 vc_col-lg-11&#8243;]<div class=\"woocommerce columns-3 \"><ul class=\"products columns-3\">\n<li class=\"product type-product post-1740 status-publish first instock product_cat-sertifikalar has-post-thumbnail shipping-taxable purchasable product-type-simple\">\n\t<div class=\"mkdf-pl-inner\"><div class=\"mkdf-pl-image\"><img loading=\"lazy\" decoding=\"async\" width=\"300\" height=\"300\" src=\"https:\/\/sivrihisar.org.tr\/wp-content\/uploads\/2017\/06\/Green-White-Minimalist-Certificate-of-Participation-2-300x300.png\" class=\"attachment-woocommerce_thumbnail size-woocommerce_thumbnail\" alt=\"Do\u011fum G\u00fcn\u00fc Sertifikas\u0131\" srcset=\"https:\/\/sivrihisar.org.tr\/wp-content\/uploads\/2017\/06\/Green-White-Minimalist-Certificate-of-Participation-2-300x300.png 300w, https:\/\/sivrihisar.org.tr\/wp-content\/uploads\/2017\/06\/Green-White-Minimalist-Certificate-of-Participation-2-150x150.png 150w, https:\/\/sivrihisar.org.tr\/wp-content\/uploads\/2017\/06\/Green-White-Minimalist-Certificate-of-Participation-2-550x550.png 550w, https:\/\/sivrihisar.org.tr\/wp-content\/uploads\/2017\/06\/Green-White-Minimalist-Certificate-of-Participation-2-1100x1100.png 1100w, https:\/\/sivrihisar.org.tr\/wp-content\/uploads\/2017\/06\/Green-White-Minimalist-Certificate-of-Participation-2-100x100.png 100w\" sizes=\"auto, (max-width: 300px) 100vw, 300px\" \/><div class=\"mkdf-pl-text\"><div class=\"mkdf-pl-text-outer\"><div class=\"mkdf-pl-text-inner\"><a href=\"https:\/\/sivrihisar.org.tr\/index.php\/product\/dogum-gunu\/\" aria-describedby=\"woocommerce_loop_add_to_cart_link_describedby_1740\" data-quantity=\"1\" class=\"button product_type_simple add_to_cart_button\" data-product_id=\"1740\" data-product_sku=\"\" aria-label=\"Sepete ekle: \u201cDo\u011fum G\u00fcn\u00fc Sertifikas\u0131\u201d\" rel=\"nofollow\" data-success_message=\"&quot;Do\u011fum G\u00fcn\u00fc Sertifikas\u0131&quot; sepetinize eklendi\">Sertifika Olu\u015ftur<\/a>\t<span id=\"woocommerce_loop_add_to_cart_link_describedby_1740\" class=\"screen-reader-text\">\n\t\t\t<\/span>\n<\/div><\/div><\/div><\/div><a href=\"https:\/\/sivrihisar.org.tr\/index.php\/product\/dogum-gunu\/\" class=\"woocommerce-LoopProduct-link woocommerce-loop-product__link\"><\/a><\/div><div class=\"mkdf-pl-text-wrapper\"><div class=\"mkdf-pl-rating-holder\"><\/div><h5 class=\"mkdf-product-list-title\"><a href=\"https:\/\/sivrihisar.org.tr\/index.php\/product\/dogum-gunu\/\">Do\u011fum G\u00fcn\u00fc Sertifikas\u0131<\/a><\/h5>\n\t<span class=\"price\"><span class=\"woocommerce-Price-amount amount\"><bdi>1.000,00<span class=\"woocommerce-Price-currencySymbol\">&#8378;<\/span><\/bdi><\/span><\/span>\n<\/div><\/li><li class=\"product type-product post-1897 status-publish instock product_cat-sertifikalar has-post-thumbnail shipping-taxable purchasable product-type-simple\">\n\t<div class=\"mkdf-pl-inner\"><div class=\"mkdf-pl-image\"><img loading=\"lazy\" decoding=\"async\" width=\"300\" height=\"300\" src=\"https:\/\/sivrihisar.org.tr\/wp-content\/uploads\/2017\/06\/Green-White-Minimalist-Certificate-of-Participation-5-300x300.png\" class=\"attachment-woocommerce_thumbnail size-woocommerce_thumbnail\" alt=\"Evlilik Y\u0131ld\u00f6n\u00fcm\u00fc\" srcset=\"https:\/\/sivrihisar.org.tr\/wp-content\/uploads\/2017\/06\/Green-White-Minimalist-Certificate-of-Participation-5-300x300.png 300w, https:\/\/sivrihisar.org.tr\/wp-content\/uploads\/2017\/06\/Green-White-Minimalist-Certificate-of-Participation-5-150x150.png 150w, https:\/\/sivrihisar.org.tr\/wp-content\/uploads\/2017\/06\/Green-White-Minimalist-Certificate-of-Participation-5-550x550.png 550w, https:\/\/sivrihisar.org.tr\/wp-content\/uploads\/2017\/06\/Green-White-Minimalist-Certificate-of-Participation-5-1100x1100.png 1100w, https:\/\/sivrihisar.org.tr\/wp-content\/uploads\/2017\/06\/Green-White-Minimalist-Certificate-of-Participation-5-100x100.png 100w\" sizes=\"auto, (max-width: 300px) 100vw, 300px\" \/><div class=\"mkdf-pl-text\"><div class=\"mkdf-pl-text-outer\"><div class=\"mkdf-pl-text-inner\"><a href=\"https:\/\/sivrihisar.org.tr\/index.php\/product\/evlilik-yil-donumu\/\" aria-describedby=\"woocommerce_loop_add_to_cart_link_describedby_1897\" data-quantity=\"1\" class=\"button product_type_simple add_to_cart_button\" data-product_id=\"1897\" data-product_sku=\"003\" aria-label=\"Sepete ekle: \u201cEvlilik Y\u0131ld\u00f6n\u00fcm\u00fc\u201d\" rel=\"nofollow\" data-success_message=\"&quot;Evlilik Y\u0131ld\u00f6n\u00fcm\u00fc&quot; sepetinize eklendi\">Sertifika Olu\u015ftur<\/a>\t<span id=\"woocommerce_loop_add_to_cart_link_describedby_1897\" class=\"screen-reader-text\">\n\t\t\t<\/span>\n<\/div><\/div><\/div><\/div><a href=\"https:\/\/sivrihisar.org.tr\/index.php\/product\/evlilik-yil-donumu\/\" class=\"woocommerce-LoopProduct-link woocommerce-loop-product__link\"><\/a><\/div><div class=\"mkdf-pl-text-wrapper\"><div class=\"mkdf-pl-rating-holder\"><\/div><h5 class=\"mkdf-product-list-title\"><a href=\"https:\/\/sivrihisar.org.tr\/index.php\/product\/evlilik-yil-donumu\/\">Evlilik Y\u0131ld\u00f6n\u00fcm\u00fc<\/a><\/h5>\n\t<span class=\"price\"><span class=\"woocommerce-Price-amount amount\"><bdi>1.000,00<span class=\"woocommerce-Price-currencySymbol\">&#8378;<\/span><\/bdi><\/span><\/span>\n<\/div><\/li><li class=\"product type-product post-1880 status-publish last instock product_cat-sertifikalar has-post-thumbnail shipping-taxable purchasable product-type-simple\">\n\t<div class=\"mkdf-pl-inner\"><div class=\"mkdf-pl-image\"><img loading=\"lazy\" decoding=\"async\" width=\"300\" height=\"300\" src=\"https:\/\/sivrihisar.org.tr\/wp-content\/uploads\/2017\/06\/Green-White-Minimalist-Certificate-of-Participation-4-300x300.png\" class=\"attachment-woocommerce_thumbnail size-woocommerce_thumbnail\" alt=\"\u0130\u015fe Giri\u015fi\/Terfi\" srcset=\"https:\/\/sivrihisar.org.tr\/wp-content\/uploads\/2017\/06\/Green-White-Minimalist-Certificate-of-Participation-4-300x300.png 300w, https:\/\/sivrihisar.org.tr\/wp-content\/uploads\/2017\/06\/Green-White-Minimalist-Certificate-of-Participation-4-150x150.png 150w, https:\/\/sivrihisar.org.tr\/wp-content\/uploads\/2017\/06\/Green-White-Minimalist-Certificate-of-Participation-4-550x550.png 550w, https:\/\/sivrihisar.org.tr\/wp-content\/uploads\/2017\/06\/Green-White-Minimalist-Certificate-of-Participation-4-1100x1100.png 1100w, https:\/\/sivrihisar.org.tr\/wp-content\/uploads\/2017\/06\/Green-White-Minimalist-Certificate-of-Participation-4-100x100.png 100w\" sizes=\"auto, (max-width: 300px) 100vw, 300px\" \/><div class=\"mkdf-pl-text\"><div class=\"mkdf-pl-text-outer\"><div class=\"mkdf-pl-text-inner\"><a href=\"https:\/\/sivrihisar.org.tr\/index.php\/product\/ise-giris-terfi\/\" aria-describedby=\"woocommerce_loop_add_to_cart_link_describedby_1880\" data-quantity=\"1\" class=\"button product_type_simple add_to_cart_button\" data-product_id=\"1880\" data-product_sku=\"002\" aria-label=\"Sepete ekle: \u201c\u0130\u015fe Giri\u015fi\/Terfi\u201d\" rel=\"nofollow\" data-success_message=\"&quot;\u0130\u015fe Giri\u015fi\/Terfi&quot; sepetinize eklendi\">Sertifika Olu\u015ftur<\/a>\t<span id=\"woocommerce_loop_add_to_cart_link_describedby_1880\" class=\"screen-reader-text\">\n\t\t\t<\/span>\n<\/div><\/div><\/div><\/div><a href=\"https:\/\/sivrihisar.org.tr\/index.php\/product\/ise-giris-terfi\/\" class=\"woocommerce-LoopProduct-link woocommerce-loop-product__link\"><\/a><\/div><div class=\"mkdf-pl-text-wrapper\"><div class=\"mkdf-pl-rating-holder\"><\/div><h5 class=\"mkdf-product-list-title\"><a href=\"https:\/\/sivrihisar.org.tr\/index.php\/product\/ise-giris-terfi\/\">\u0130\u015fe Giri\u015fi\/Terfi<\/a><\/h5>\n\t<span class=\"price\"><span class=\"woocommerce-Price-amount amount\"><bdi>1.000,00<span class=\"woocommerce-Price-currencySymbol\">&#8378;<\/span><\/bdi><\/span><\/span>\n<\/div><\/li><li class=\"product type-product post-71196 status-publish first instock product_cat-sertifikalar has-post-thumbnail shipping-taxable purchasable product-type-simple\">\n\t<div class=\"mkdf-pl-inner\"><div class=\"mkdf-pl-image\"><img loading=\"lazy\" decoding=\"async\" width=\"300\" height=\"300\" src=\"https:\/\/sivrihisar.org.tr\/wp-content\/uploads\/2026\/04\/Green-White-Minimalist-Certificate-of-Participation-6-300x300.png\" class=\"attachment-woocommerce_thumbnail size-woocommerce_thumbnail\" alt=\"Sevdikleriniz \u0130\u00e7in\" srcset=\"https:\/\/sivrihisar.org.tr\/wp-content\/uploads\/2026\/04\/Green-White-Minimalist-Certificate-of-Participation-6-300x300.png 300w, https:\/\/sivrihisar.org.tr\/wp-content\/uploads\/2026\/04\/Green-White-Minimalist-Certificate-of-Participation-6-150x150.png 150w, https:\/\/sivrihisar.org.tr\/wp-content\/uploads\/2026\/04\/Green-White-Minimalist-Certificate-of-Participation-6-550x550.png 550w, https:\/\/sivrihisar.org.tr\/wp-content\/uploads\/2026\/04\/Green-White-Minimalist-Certificate-of-Participation-6-1100x1100.png 1100w, https:\/\/sivrihisar.org.tr\/wp-content\/uploads\/2026\/04\/Green-White-Minimalist-Certificate-of-Participation-6-100x100.png 100w\" sizes=\"auto, (max-width: 300px) 100vw, 300px\" \/><div class=\"mkdf-pl-text\"><div class=\"mkdf-pl-text-outer\"><div class=\"mkdf-pl-text-inner\"><a href=\"https:\/\/sivrihisar.org.tr\/index.php\/product\/sevdikleriniz-icin\/\" aria-describedby=\"woocommerce_loop_add_to_cart_link_describedby_71196\" data-quantity=\"1\" class=\"button product_type_simple add_to_cart_button\" data-product_id=\"71196\" data-product_sku=\"\" aria-label=\"Sepete ekle: \u201cSevdikleriniz \u0130\u00e7in\u201d\" rel=\"nofollow\" data-success_message=\"&quot;Sevdikleriniz \u0130\u00e7in&quot; sepetinize eklendi\">Sertifika Olu\u015ftur<\/a>\t<span id=\"woocommerce_loop_add_to_cart_link_describedby_71196\" class=\"screen-reader-text\">\n\t\t\t<\/span>\n<\/div><\/div><\/div><\/div><a href=\"https:\/\/sivrihisar.org.tr\/index.php\/product\/sevdikleriniz-icin\/\" class=\"woocommerce-LoopProduct-link woocommerce-loop-product__link\"><\/a><\/div><div class=\"mkdf-pl-text-wrapper\"><h5 class=\"mkdf-product-list-title\"><a href=\"https:\/\/sivrihisar.org.tr\/index.php\/product\/sevdikleriniz-icin\/\">Sevdikleriniz \u0130\u00e7in<\/a><\/h5>\n\t<span class=\"price\"><span class=\"woocommerce-Price-amount amount\"><bdi>1.000,00<span class=\"woocommerce-Price-currencySymbol\">&#8378;<\/span><\/bdi><\/span><\/span>\n<\/div><\/li><li class=\"product type-product post-1849 status-publish instock product_cat-sertifikalar has-post-thumbnail shipping-taxable purchasable product-type-simple\">\n\t<div class=\"mkdf-pl-inner\"><div class=\"mkdf-pl-image\"><img loading=\"lazy\" decoding=\"async\" width=\"300\" height=\"300\" src=\"https:\/\/sivrihisar.org.tr\/wp-content\/uploads\/2017\/06\/Green-White-Minimalist-Certificate-of-Participation-300x300.png\" class=\"attachment-woocommerce_thumbnail size-woocommerce_thumbnail\" alt=\"Sevgililer G\u00fcn\u00fc\" srcset=\"https:\/\/sivrihisar.org.tr\/wp-content\/uploads\/2017\/06\/Green-White-Minimalist-Certificate-of-Participation-300x300.png 300w, https:\/\/sivrihisar.org.tr\/wp-content\/uploads\/2017\/06\/Green-White-Minimalist-Certificate-of-Participation-150x150.png 150w, https:\/\/sivrihisar.org.tr\/wp-content\/uploads\/2017\/06\/Green-White-Minimalist-Certificate-of-Participation-550x550.png 550w, https:\/\/sivrihisar.org.tr\/wp-content\/uploads\/2017\/06\/Green-White-Minimalist-Certificate-of-Participation-1100x1100.png 1100w, https:\/\/sivrihisar.org.tr\/wp-content\/uploads\/2017\/06\/Green-White-Minimalist-Certificate-of-Participation-100x100.png 100w\" sizes=\"auto, (max-width: 300px) 100vw, 300px\" \/><div class=\"mkdf-pl-text\"><div class=\"mkdf-pl-text-outer\"><div class=\"mkdf-pl-text-inner\"><a href=\"https:\/\/sivrihisar.org.tr\/index.php\/product\/sevgililer-gunu\/\" aria-describedby=\"woocommerce_loop_add_to_cart_link_describedby_1849\" data-quantity=\"1\" class=\"button product_type_simple add_to_cart_button\" data-product_id=\"1849\" data-product_sku=\"007\" aria-label=\"Sepete ekle: \u201cSevgililer G\u00fcn\u00fc\u201d\" rel=\"nofollow\" data-success_message=\"&quot;Sevgililer G\u00fcn\u00fc&quot; sepetinize eklendi\">Sertifika Olu\u015ftur<\/a>\t<span id=\"woocommerce_loop_add_to_cart_link_describedby_1849\" class=\"screen-reader-text\">\n\t\t\t<\/span>\n<\/div><\/div><\/div><\/div><a href=\"https:\/\/sivrihisar.org.tr\/index.php\/product\/sevgililer-gunu\/\" class=\"woocommerce-LoopProduct-link woocommerce-loop-product__link\"><\/a><\/div><div class=\"mkdf-pl-text-wrapper\"><div class=\"mkdf-pl-rating-holder\"><\/div><h5 class=\"mkdf-product-list-title\"><a href=\"https:\/\/sivrihisar.org.tr\/index.php\/product\/sevgililer-gunu\/\">Sevgililer G\u00fcn\u00fc<\/a><\/h5>\n\t<span class=\"price\"><span class=\"woocommerce-Price-amount amount\"><bdi>1.000,00<span class=\"woocommerce-Price-currencySymbol\">&#8378;<\/span><\/bdi><\/span><\/span>\n<\/div><\/li><li class=\"product type-product post-1829 status-publish last instock product_cat-sertifikalar has-post-thumbnail shipping-taxable purchasable product-type-simple\">\n\t<div class=\"mkdf-pl-inner\"><div class=\"mkdf-pl-image\"><img loading=\"lazy\" decoding=\"async\" width=\"300\" height=\"300\" src=\"https:\/\/sivrihisar.org.tr\/wp-content\/uploads\/2017\/06\/Green-White-Minimalist-Certificate-of-Participation-1-300x300.png\" class=\"attachment-woocommerce_thumbnail size-woocommerce_thumbnail\" alt=\"Vefat\" srcset=\"https:\/\/sivrihisar.org.tr\/wp-content\/uploads\/2017\/06\/Green-White-Minimalist-Certificate-of-Participation-1-300x300.png 300w, https:\/\/sivrihisar.org.tr\/wp-content\/uploads\/2017\/06\/Green-White-Minimalist-Certificate-of-Participation-1-150x150.png 150w, https:\/\/sivrihisar.org.tr\/wp-content\/uploads\/2017\/06\/Green-White-Minimalist-Certificate-of-Participation-1-550x550.png 550w, https:\/\/sivrihisar.org.tr\/wp-content\/uploads\/2017\/06\/Green-White-Minimalist-Certificate-of-Participation-1-1100x1100.png 1100w, https:\/\/sivrihisar.org.tr\/wp-content\/uploads\/2017\/06\/Green-White-Minimalist-Certificate-of-Participation-1-100x100.png 100w\" sizes=\"auto, (max-width: 300px) 100vw, 300px\" \/><div class=\"mkdf-pl-text\"><div class=\"mkdf-pl-text-outer\"><div class=\"mkdf-pl-text-inner\"><a href=\"https:\/\/sivrihisar.org.tr\/index.php\/product\/vefat-settifikasi\/\" aria-describedby=\"woocommerce_loop_add_to_cart_link_describedby_1829\" data-quantity=\"1\" class=\"button product_type_simple add_to_cart_button\" data-product_id=\"1829\" data-product_sku=\"009\" aria-label=\"Sepete ekle: \u201cVefat\u201d\" rel=\"nofollow\" data-success_message=\"&quot;Vefat&quot; sepetinize eklendi\">Sertifika Olu\u015ftur<\/a>\t<span id=\"woocommerce_loop_add_to_cart_link_describedby_1829\" class=\"screen-reader-text\">\n\t\t\t<\/span>\n<\/div><\/div><\/div><\/div><a href=\"https:\/\/sivrihisar.org.tr\/index.php\/product\/vefat-settifikasi\/\" class=\"woocommerce-LoopProduct-link woocommerce-loop-product__link\"><\/a><\/div><div class=\"mkdf-pl-text-wrapper\"><div class=\"mkdf-pl-rating-holder\"><\/div><h5 class=\"mkdf-product-list-title\"><a href=\"https:\/\/sivrihisar.org.tr\/index.php\/product\/vefat-settifikasi\/\">Vefat<\/a><\/h5>\n\t<span class=\"price\"><span class=\"woocommerce-Price-amount amount\"><bdi>1.000,00<span class=\"woocommerce-Price-currencySymbol\">&#8378;<\/span><\/bdi><\/span><\/span>\n<\/div><\/li><\/ul>\n<\/div>[\/vc_column][\/vc_row]<\/p>\n<\/section>","protected":false},"excerpt":{"rendered":"<p>[vc_row content_text_aligment=&#8221;left&#8221; css=&#8221;.vc_custom_1496996541314{margin-top: -40px !important;padding-bottom: 30px !important;background-position: 0 0 !important;background-repeat: no-repeat !important;}&#8221;][vc_column offset=&#8221;vc_col-lg-offset-1 vc_col-lg-11&#8243;][\/vc_column][\/vc_row]<\/p>\n","protected":false},"author":1,"featured_media":0,"parent":447,"menu_order":0,"comment_status":"closed","ping_status":"closed","template":"","meta":{"_bbp_topic_count":0,"_bbp_reply_count":0,"_bbp_total_topic_count":0,"_bbp_total_reply_count":0,"_bbp_voice_count":0,"_bbp_anonymous_reply_count":0,"_bbp_topic_count_hidden":0,"_bbp_reply_count_hidden":0,"_bbp_forum_subforum_count":0,"footnotes":""},"class_list":["post-2724","page","type-page","status-publish","hentry"],"_links":{"self":[{"href":"https:\/\/sivrihisar.org.tr\/index.php\/wp-json\/wp\/v2\/pages\/2724","targetHints":{"allow":["GET"]}}],"collection":[{"href":"https:\/\/sivrihisar.org.tr\/index.php\/wp-json\/wp\/v2\/pages"}],"about":[{"href":"https:\/\/sivrihisar.org.tr\/index.php\/wp-json\/wp\/v2\/types\/page"}],"author":[{"embeddable":true,"href":"https:\/\/sivrihisar.org.tr\/index.php\/wp-json\/wp\/v2\/users\/1"}],"replies":[{"embeddable":true,"href":"https:\/\/sivrihisar.org.tr\/index.php\/wp-json\/wp\/v2\/comments?post=2724"}],"version-history":[{"count":5,"href":"https:\/\/sivrihisar.org.tr\/index.php\/wp-json\/wp\/v2\/pages\/2724\/revisions"}],"predecessor-version":[{"id":71198,"href":"https:\/\/sivrihisar.org.tr\/index.php\/wp-json\/wp\/v2\/pages\/2724\/revisions\/71198"}],"up":[{"embeddable":true,"href":"https:\/\/sivrihisar.org.tr\/index.php\/wp-json\/wp\/v2\/pages\/447"}],"wp:attachment":[{"href":"https:\/\/sivrihisar.org.tr\/index.php\/wp-json\/wp\/v2\/media?parent=2724"}],"curies":[{"name":"wp","href":"https:\/\/api.w.org\/{rel}","templated":true}]}}