{"id":306,"date":"2017-05-26T14:27:40","date_gmt":"2017-05-26T14:27:40","guid":{"rendered":"http:\/\/iacademy.mikado-themes.com\/?page_id=306"},"modified":"2017-05-26T14:27:40","modified_gmt":"2017-05-26T14:27:40","slug":"all-courses","status":"publish","type":"page","link":"https:\/\/sivrihisar.org.tr\/index.php\/courses\/all-courses\/","title":{"rendered":"All Courses"},"content":{"rendered":"<section class=\"wpb-content-wrapper\"><p>[vc_row css=&#8221;.vc_custom_1495809860309{padding-bottom: 68px !important;}&#8221;][vc_column]<div class=\"mkdf-course-list-holder mkdf-cl-gallery mkdf-normal-space mkdf-cl-three-columns mkdf-cl-standard mkdf-cl-pag-no-pagination  mkdf-cl-has-filter   \"  data-number-of-columns=\"3\" data-space-between-items=\"normal\" data-number-of-items=\"9\" data-enable-image=\"yes\" data-image-proportions=\"full\" data-category=\"education\" data-order-by=\"date\" data-order=\"ASC\" data-item-layout=\"standard\" data-enable-title=\"yes\" data-title-tag=\"h5\" data-enable-instructor=\"yes\" data-enable-price=\"yes\" data-enable-excerpt=\"yes\" data-excerpt-length=\"60\" data-enable-students=\"yes\" data-enable-category=\"yes\" data-pagination-type=\"no-pagination\" data-filter=\"yes\" data-enable-article-animation=\"no\" data-course-slider-on=\"no\" data-enable-loop=\"yes\" data-enable-autoplay=\"yes\" data-slider-speed=\"5000\" data-slider-speed-animation=\"600\" data-enable-navigation=\"yes\" data-enable-pagination=\"yes\" data-widget=\"no\" data-max-num-pages=\"2\" data-next-page=\"2\">\n    <div class=\"mkdf-cl-filter-holder\">\n    <div class=\"mkdf-course-layout-filter\">\n        <span class=\"mkdf-active\" data-type=\"gallery\"><i class=\" icon_grid-2x2\" aria-hidden=\"true\"><\/i><\/span>\n        <span data-type=\"simple\"><i class=\"icon_ul\" aria-hidden=\"true\"><\/i><\/span>\n    <\/div>\n    <div class=\"mkdf-course-items-counter\">\n        <span class=\"counter-label\">Showing<\/span>\n        <span class=\"counter-min-value\">1<\/span>\n        <span class=\"counter-dash\">&ndash;<\/span>\n        <span class=\"counter-max-value\">9<\/span>\n        <span class=\"counter-label\">of<\/span>\n        <span class=\"counter-total\">12<\/span>\n    <\/div>\n    <div class=\"mkdf-course-items-order\">\n        <select class=\"mkdf-course-order-filter\">\n            <option data-type=\"date\" data-order=\"DESC\">Newly Publised<\/option>\n            <option data-type=\"name\" data-order=\"ASC\">A-Z<\/option>\n            <option data-type=\"name\" data-order=\"DESC\">Z-A<\/option>\n        <\/select>\n    <\/div>\n<\/div>\n\t<div class=\"mkdf-cl-inner  clearfix\">\n\t\t<article class=\"mkdf-cl-item post-18 course type-course status-publish has-post-thumbnail hentry course-category-languages\"  data-name=do\u011fum-g\u00fcn\u00fc-sertifikas\u0131 data-date=>\n\t<div class=\"mkdf-cl-item-inner\">\n\t\t<div class=\"mkdf-cli-image-wrapper\">\n<div class=\"mkdf-cli-image\">\n\t\t\t\t<\/div><a href=\"javascript:void(0)\" class=\"mkdf-course-wishlist mkdf-icon-only\" data-course-id=\"18\">\n    <i class=\"icon_heart_alt\" aria-hidden=\"true\"><\/i>\n<\/a><\/div>\n<div class=\"mkdf-cli-text-holder\">\n\t<div class=\"mkdf-cli-text-wrapper\">\n\t\t<div class=\"mkdf-cli-text\">\n\t\t\t<div class=\"mkdf-cli-top-info\">\n\t\t\t\t\t<h5 itemprop=\"name\" class=\"mkdf-cli-title entry-title\" >\n\t<a itemprop=\"url\" href=\"https:\/\/sivrihisar.org.tr\/index.php\/course\/business-english\/\" target=\"_self\">\n\t\tDo\u011fum G\u00fcn\u00fc Sertifikas\u0131\t<\/a>\n\t<\/h5>\n\n\t\t\t\t<div class=\"mkdf-ci-price-holder clearfix\">\n        <span class=\"mkdf-ci-price-value\">\n          &#8378;20      <\/span>\n  <\/div>\n\t\t\t\t<a itemprop=\"url\" href=\"https:\/\/sivrihisar.org.tr\/index.php\/instructor\/preston-marshall\/\" target=\"_self\">\n    <span class=\"mkdf-instructor-name\">\n       Bekir Kal\u0131r    <\/span>\n<\/a>\n\t\t\t<\/div>\n\t\t\t\t<p itemprop=\"description\" class=\"mkdf-cli-excerpt\">Lorem ipsum dolor sit amet, te eros consulatu pro, quem labo<\/p>\n\t\t\t<div class=\"mkdf-cli-bottom-info\">\n\t\t\t\t\n<div class=\"mkdf-students-number-holder\">\n    <span aria-hidden=\"true\" class=\"icon_profile mkdf-student-icon\"><\/span>\n    <span>\n    0    <\/span>\n<\/div>\n\t\t\t\t\t\t<div class=\"mkdf-cli-category-holder\">\n\t\t\t<span aria-hidden=\"true\" class=\"icon_tag mkdf-category-icon\"><\/span>\n\t\t\t\t\t\t\t<a itemprop=\"url\" class=\"mkdf-cli-category\" href=\"https:\/\/sivrihisar.org.tr\/index.php\/course-category\/languages\/\">Languages<\/a>\n\t\t\t\t\t<\/div>\n\t\t\t\t<\/div>\n\t\t<\/div>\n\t<\/div>\n<\/div>\t\t<a itemprop=\"url\" class=\"mkdf-cli-link mkdf-block-drag-link\" href=\"https:\/\/sivrihisar.org.tr\/index.php\/course\/business-english\/\" target=\"_self\"><\/a>\n\t<\/div>\n<\/article><article class=\"mkdf-cl-item post-174 course type-course status-publish has-post-thumbnail hentry course-category-programming\"  data-name=social-computing data-date=>\n\t<div class=\"mkdf-cl-item-inner\">\n\t\t<div class=\"mkdf-cli-image-wrapper\">\n<div class=\"mkdf-cli-image\">\n\t\t\t\t<\/div><a href=\"javascript:void(0)\" class=\"mkdf-course-wishlist mkdf-icon-only\" data-course-id=\"174\">\n    <i class=\"icon_heart_alt\" aria-hidden=\"true\"><\/i>\n<\/a><\/div>\n<div class=\"mkdf-cli-text-holder\">\n\t<div class=\"mkdf-cli-text-wrapper\">\n\t\t<div class=\"mkdf-cli-text\">\n\t\t\t<div class=\"mkdf-cli-top-info\">\n\t\t\t\t\t<h5 itemprop=\"name\" class=\"mkdf-cli-title entry-title\" >\n\t<a itemprop=\"url\" href=\"https:\/\/sivrihisar.org.tr\/index.php\/course\/social-computing\/\" target=\"_self\">\n\t\tSocial Computing\t<\/a>\n\t<\/h5>\n\n\t\t\t\t<div class=\"mkdf-ci-price-holder clearfix\">\n        <span class=\"mkdf-ci-price-free\">\n        Free      <\/span>\n  <\/div>\n\t\t\t\t<a itemprop=\"url\" href=\"https:\/\/sivrihisar.org.tr\/index.php\/instructor\/david-sanders\/\" target=\"_self\">\n    <span class=\"mkdf-instructor-name\">\n       David Sanders    <\/span>\n<\/a>\n\t\t\t<\/div>\n\t\t\t\t<p itemprop=\"description\" class=\"mkdf-cli-excerpt\">Lorem ipsum dolor sit amet, te eros consulatu pro, quem labo<\/p>\n\t\t\t<div class=\"mkdf-cli-bottom-info\">\n\t\t\t\t\n<div class=\"mkdf-students-number-holder\">\n    <span aria-hidden=\"true\" class=\"icon_profile mkdf-student-icon\"><\/span>\n    <span>\n    0    <\/span>\n<\/div>\n\t\t\t\t\t\t<div class=\"mkdf-cli-category-holder\">\n\t\t\t<span aria-hidden=\"true\" class=\"icon_tag mkdf-category-icon\"><\/span>\n\t\t\t\t\t\t\t<a itemprop=\"url\" class=\"mkdf-cli-category\" href=\"https:\/\/sivrihisar.org.tr\/index.php\/course-category\/programming\/\">Programming<\/a>\n\t\t\t\t\t<\/div>\n\t\t\t\t<\/div>\n\t\t<\/div>\n\t<\/div>\n<\/div>\t\t<a itemprop=\"url\" class=\"mkdf-cli-link mkdf-block-drag-link\" href=\"https:\/\/sivrihisar.org.tr\/index.php\/course\/social-computing\/\" target=\"_self\"><\/a>\n\t<\/div>\n<\/article><article class=\"mkdf-cl-item post-229 course type-course status-publish has-post-thumbnail hentry course-category-languages\"  data-name=learn-spanish data-date=>\n\t<div class=\"mkdf-cl-item-inner\">\n\t\t<div class=\"mkdf-cli-image-wrapper\">\n<div class=\"mkdf-cli-image\">\n\t\t\t\t<\/div><a href=\"javascript:void(0)\" class=\"mkdf-course-wishlist mkdf-icon-only\" data-course-id=\"229\">\n    <i class=\"icon_heart_alt\" aria-hidden=\"true\"><\/i>\n<\/a><\/div>\n<div class=\"mkdf-cli-text-holder\">\n\t<div class=\"mkdf-cli-text-wrapper\">\n\t\t<div class=\"mkdf-cli-text\">\n\t\t\t<div class=\"mkdf-cli-top-info\">\n\t\t\t\t\t<h5 itemprop=\"name\" class=\"mkdf-cli-title entry-title\" >\n\t<a itemprop=\"url\" href=\"https:\/\/sivrihisar.org.tr\/index.php\/course\/learn-spanish\/\" target=\"_self\">\n\t\tLearn Spanish\t<\/a>\n\t<\/h5>\n\n\t\t\t\t<div class=\"mkdf-ci-price-holder clearfix\">\n        <span class=\"mkdf-ci-price-value\">\n          &#8378;20      <\/span>\n  <\/div>\n\t\t\t\t<a itemprop=\"url\" href=\"https:\/\/sivrihisar.org.tr\/index.php\/instructor\/jennie-king\/\" target=\"_self\">\n    <span class=\"mkdf-instructor-name\">\n       Jennie King    <\/span>\n<\/a>\n\t\t\t<\/div>\n\t\t\t\t<p itemprop=\"description\" class=\"mkdf-cli-excerpt\">Lorem ipsum dolor sit amet, te eros consulatu pro, quem labo<\/p>\n\t\t\t<div class=\"mkdf-cli-bottom-info\">\n\t\t\t\t\n<div class=\"mkdf-students-number-holder\">\n    <span aria-hidden=\"true\" class=\"icon_profile mkdf-student-icon\"><\/span>\n    <span>\n    0    <\/span>\n<\/div>\n\t\t\t\t\t\t<div class=\"mkdf-cli-category-holder\">\n\t\t\t<span aria-hidden=\"true\" class=\"icon_tag mkdf-category-icon\"><\/span>\n\t\t\t\t\t\t\t<a itemprop=\"url\" class=\"mkdf-cli-category\" href=\"https:\/\/sivrihisar.org.tr\/index.php\/course-category\/languages\/\">Languages<\/a>\n\t\t\t\t\t<\/div>\n\t\t\t\t<\/div>\n\t\t<\/div>\n\t<\/div>\n<\/div>\t\t<a itemprop=\"url\" class=\"mkdf-cli-link mkdf-block-drag-link\" href=\"https:\/\/sivrihisar.org.tr\/index.php\/course\/learn-spanish\/\" target=\"_self\"><\/a>\n\t<\/div>\n<\/article><article class=\"mkdf-cl-item post-269 course type-course status-publish has-post-thumbnail hentry course-category-business\"  data-name=basic-marketing data-date=>\n\t<div class=\"mkdf-cl-item-inner\">\n\t\t<div class=\"mkdf-cli-image-wrapper\">\n<div class=\"mkdf-cli-image\">\n\t\t\t\t<\/div><a href=\"javascript:void(0)\" class=\"mkdf-course-wishlist mkdf-icon-only\" data-course-id=\"269\">\n    <i class=\"icon_heart_alt\" aria-hidden=\"true\"><\/i>\n<\/a><\/div>\n<div class=\"mkdf-cli-text-holder\">\n\t<div class=\"mkdf-cli-text-wrapper\">\n\t\t<div class=\"mkdf-cli-text\">\n\t\t\t<div class=\"mkdf-cli-top-info\">\n\t\t\t\t\t<h5 itemprop=\"name\" class=\"mkdf-cli-title entry-title\" >\n\t<a itemprop=\"url\" href=\"https:\/\/sivrihisar.org.tr\/index.php\/course\/basic-marketing\/\" target=\"_self\">\n\t\tBasic Marketing\t<\/a>\n\t<\/h5>\n\n\t\t\t\t<div class=\"mkdf-ci-price-holder clearfix\">\n        <span class=\"mkdf-ci-price-value\">\n          &#8378;40      <\/span>\n  <\/div>\n\t\t\t\t<a itemprop=\"url\" href=\"https:\/\/sivrihisar.org.tr\/index.php\/checkout\/\" target=\"_self\">\n    <span class=\"mkdf-instructor-name\">\n       Checkout    <\/span>\n<\/a>\n\t\t\t<\/div>\n\t\t\t\t<p itemprop=\"description\" class=\"mkdf-cli-excerpt\">Lorem ipsum dolor sit amet, te eros consulatu pro, quem labo<\/p>\n\t\t\t<div class=\"mkdf-cli-bottom-info\">\n\t\t\t\t\n<div class=\"mkdf-students-number-holder\">\n    <span aria-hidden=\"true\" class=\"icon_profile mkdf-student-icon\"><\/span>\n    <span>\n    0    <\/span>\n<\/div>\n\t\t\t\t\t\t<div class=\"mkdf-cli-category-holder\">\n\t\t\t<span aria-hidden=\"true\" class=\"icon_tag mkdf-category-icon\"><\/span>\n\t\t\t\t\t\t\t<a itemprop=\"url\" class=\"mkdf-cli-category\" href=\"https:\/\/sivrihisar.org.tr\/index.php\/course-category\/business\/\">Business<\/a>\n\t\t\t\t\t<\/div>\n\t\t\t\t<\/div>\n\t\t<\/div>\n\t<\/div>\n<\/div>\t\t<a itemprop=\"url\" class=\"mkdf-cli-link mkdf-block-drag-link\" href=\"https:\/\/sivrihisar.org.tr\/index.php\/course\/basic-marketing\/\" target=\"_self\"><\/a>\n\t<\/div>\n<\/article><article class=\"mkdf-cl-item post-272 course type-course status-publish has-post-thumbnail hentry course-category-programming\"  data-name=android-developer data-date=>\n\t<div class=\"mkdf-cl-item-inner\">\n\t\t<div class=\"mkdf-cli-image-wrapper\">\n<div class=\"mkdf-cli-image\">\n\t\t\t<img loading=\"lazy\" decoding=\"async\" width=\"1000\" height=\"639\" src=\"https:\/\/sivrihisar.org.tr\/wp-content\/uploads\/2017\/05\/course-5-f-img.jpg\" class=\"attachment-full size-full wp-post-image\" alt=\"a\" srcset=\"https:\/\/sivrihisar.org.tr\/wp-content\/uploads\/2017\/05\/course-5-f-img.jpg 1000w, https:\/\/sivrihisar.org.tr\/wp-content\/uploads\/2017\/05\/course-5-f-img-600x383.jpg 600w, https:\/\/sivrihisar.org.tr\/wp-content\/uploads\/2017\/05\/course-5-f-img-300x192.jpg 300w, https:\/\/sivrihisar.org.tr\/wp-content\/uploads\/2017\/05\/course-5-f-img-768x491.jpg 768w\" sizes=\"auto, (max-width: 1000px) 100vw, 1000px\" \/>\t<\/div><a href=\"javascript:void(0)\" class=\"mkdf-course-wishlist mkdf-icon-only\" data-course-id=\"272\">\n    <i class=\"icon_heart_alt\" aria-hidden=\"true\"><\/i>\n<\/a><\/div>\n<div class=\"mkdf-cli-text-holder\">\n\t<div class=\"mkdf-cli-text-wrapper\">\n\t\t<div class=\"mkdf-cli-text\">\n\t\t\t<div class=\"mkdf-cli-top-info\">\n\t\t\t\t\t<h5 itemprop=\"name\" class=\"mkdf-cli-title entry-title\" >\n\t<a itemprop=\"url\" href=\"https:\/\/sivrihisar.org.tr\/index.php\/course\/android-developer\/\" target=\"_self\">\n\t\tAndroid Developer\t<\/a>\n\t<\/h5>\n\n\t\t\t\t<div class=\"mkdf-ci-price-holder clearfix\">\n        <span class=\"mkdf-ci-price-free\">\n        Free      <\/span>\n  <\/div>\n\t\t\t\t<a itemprop=\"url\" href=\"https:\/\/sivrihisar.org.tr\/index.php\/instructor\/david-sanders\/\" target=\"_self\">\n    <span class=\"mkdf-instructor-name\">\n       David Sanders    <\/span>\n<\/a>\n\t\t\t<\/div>\n\t\t\t\t<p itemprop=\"description\" class=\"mkdf-cli-excerpt\">Lorem ipsum dolor sit amet, te eros consulatu pro, quem labo<\/p>\n\t\t\t<div class=\"mkdf-cli-bottom-info\">\n\t\t\t\t\n<div class=\"mkdf-students-number-holder\">\n    <span aria-hidden=\"true\" class=\"icon_profile mkdf-student-icon\"><\/span>\n    <span>\n    0    <\/span>\n<\/div>\n\t\t\t\t\t\t<div class=\"mkdf-cli-category-holder\">\n\t\t\t<span aria-hidden=\"true\" class=\"icon_tag mkdf-category-icon\"><\/span>\n\t\t\t\t\t\t\t<a itemprop=\"url\" class=\"mkdf-cli-category\" href=\"https:\/\/sivrihisar.org.tr\/index.php\/course-category\/programming\/\">Programming<\/a>\n\t\t\t\t\t<\/div>\n\t\t\t\t<\/div>\n\t\t<\/div>\n\t<\/div>\n<\/div>\t\t<a itemprop=\"url\" class=\"mkdf-cli-link mkdf-block-drag-link\" href=\"https:\/\/sivrihisar.org.tr\/index.php\/course\/android-developer\/\" target=\"_self\"><\/a>\n\t<\/div>\n<\/article><article class=\"mkdf-cl-item post-274 course type-course status-publish has-post-thumbnail hentry course-category-programming\"  data-name=web-designing data-date=>\n\t<div class=\"mkdf-cl-item-inner\">\n\t\t<div class=\"mkdf-cli-image-wrapper\">\n<div class=\"mkdf-cli-image\">\n\t\t\t<img loading=\"lazy\" decoding=\"async\" width=\"1000\" height=\"639\" src=\"https:\/\/sivrihisar.org.tr\/wp-content\/uploads\/2017\/05\/course-6-f-img.jpg\" class=\"attachment-full size-full wp-post-image\" alt=\"a\" srcset=\"https:\/\/sivrihisar.org.tr\/wp-content\/uploads\/2017\/05\/course-6-f-img.jpg 1000w, https:\/\/sivrihisar.org.tr\/wp-content\/uploads\/2017\/05\/course-6-f-img-600x383.jpg 600w, https:\/\/sivrihisar.org.tr\/wp-content\/uploads\/2017\/05\/course-6-f-img-300x192.jpg 300w, https:\/\/sivrihisar.org.tr\/wp-content\/uploads\/2017\/05\/course-6-f-img-768x491.jpg 768w\" sizes=\"auto, (max-width: 1000px) 100vw, 1000px\" \/>\t<\/div><a href=\"javascript:void(0)\" class=\"mkdf-course-wishlist mkdf-icon-only\" data-course-id=\"274\">\n    <i class=\"icon_heart_alt\" aria-hidden=\"true\"><\/i>\n<\/a><\/div>\n<div class=\"mkdf-cli-text-holder\">\n\t<div class=\"mkdf-cli-text-wrapper\">\n\t\t<div class=\"mkdf-cli-text\">\n\t\t\t<div class=\"mkdf-cli-top-info\">\n\t\t\t\t\t<h5 itemprop=\"name\" class=\"mkdf-cli-title entry-title\" >\n\t<a itemprop=\"url\" href=\"https:\/\/sivrihisar.org.tr\/index.php\/course\/web-designing\/\" target=\"_self\">\n\t\tWeb Designing\t<\/a>\n\t<\/h5>\n\n\t\t\t\t<div class=\"mkdf-ci-price-holder clearfix\">\n        <span class=\"mkdf-ci-price-free\">\n        Free      <\/span>\n  <\/div>\n\t\t\t\t<a itemprop=\"url\" href=\"https:\/\/sivrihisar.org.tr\/index.php\/instructor\/jennifer-powell\/\" target=\"_self\">\n    <span class=\"mkdf-instructor-name\">\n       Jennifer Powell    <\/span>\n<\/a>\n\t\t\t<\/div>\n\t\t\t\t<p itemprop=\"description\" class=\"mkdf-cli-excerpt\">Lorem ipsum dolor sit amet, te eros consulatu pro, quem labo<\/p>\n\t\t\t<div class=\"mkdf-cli-bottom-info\">\n\t\t\t\t\n<div class=\"mkdf-students-number-holder\">\n    <span aria-hidden=\"true\" class=\"icon_profile mkdf-student-icon\"><\/span>\n    <span>\n    0    <\/span>\n<\/div>\n\t\t\t\t\t\t<div class=\"mkdf-cli-category-holder\">\n\t\t\t<span aria-hidden=\"true\" class=\"icon_tag mkdf-category-icon\"><\/span>\n\t\t\t\t\t\t\t<a itemprop=\"url\" class=\"mkdf-cli-category\" href=\"https:\/\/sivrihisar.org.tr\/index.php\/course-category\/programming\/\">Programming<\/a>\n\t\t\t\t\t<\/div>\n\t\t\t\t<\/div>\n\t\t<\/div>\n\t<\/div>\n<\/div>\t\t<a itemprop=\"url\" class=\"mkdf-cli-link mkdf-block-drag-link\" href=\"https:\/\/sivrihisar.org.tr\/index.php\/course\/web-designing\/\" target=\"_self\"><\/a>\n\t<\/div>\n<\/article><article class=\"mkdf-cl-item post-277 course type-course status-publish has-post-thumbnail hentry course-category-business\"  data-name=financial-modeling data-date=>\n\t<div class=\"mkdf-cl-item-inner\">\n\t\t<div class=\"mkdf-cli-image-wrapper\">\n<div class=\"mkdf-cli-image\">\n\t\t\t<img loading=\"lazy\" decoding=\"async\" width=\"1000\" height=\"639\" src=\"https:\/\/sivrihisar.org.tr\/wp-content\/uploads\/2017\/05\/course-12-f-img.jpg\" class=\"attachment-full size-full wp-post-image\" alt=\"a\" srcset=\"https:\/\/sivrihisar.org.tr\/wp-content\/uploads\/2017\/05\/course-12-f-img.jpg 1000w, https:\/\/sivrihisar.org.tr\/wp-content\/uploads\/2017\/05\/course-12-f-img-600x383.jpg 600w, https:\/\/sivrihisar.org.tr\/wp-content\/uploads\/2017\/05\/course-12-f-img-300x192.jpg 300w, https:\/\/sivrihisar.org.tr\/wp-content\/uploads\/2017\/05\/course-12-f-img-768x491.jpg 768w\" sizes=\"auto, (max-width: 1000px) 100vw, 1000px\" \/>\t<\/div><a href=\"javascript:void(0)\" class=\"mkdf-course-wishlist mkdf-icon-only\" data-course-id=\"277\">\n    <i class=\"icon_heart_alt\" aria-hidden=\"true\"><\/i>\n<\/a><\/div>\n<div class=\"mkdf-cli-text-holder\">\n\t<div class=\"mkdf-cli-text-wrapper\">\n\t\t<div class=\"mkdf-cli-text\">\n\t\t\t<div class=\"mkdf-cli-top-info\">\n\t\t\t\t\t<h5 itemprop=\"name\" class=\"mkdf-cli-title entry-title\" >\n\t<a itemprop=\"url\" href=\"https:\/\/sivrihisar.org.tr\/index.php\/course\/financial-modeling\/\" target=\"_self\">\n\t\tFinancial Modeling\t<\/a>\n\t<\/h5>\n\n\t\t\t\t<div class=\"mkdf-ci-price-holder clearfix\">\n        <span class=\"mkdf-ci-price-value\">\n          &#8378;20      <\/span>\n  <\/div>\n\t\t\t\t<a itemprop=\"url\" href=\"https:\/\/sivrihisar.org.tr\/index.php\/checkout\/\" target=\"_self\">\n    <span class=\"mkdf-instructor-name\">\n       Checkout    <\/span>\n<\/a>\n\t\t\t<\/div>\n\t\t\t\t<p itemprop=\"description\" class=\"mkdf-cli-excerpt\">Lorem ipsum dolor sit amet, te eros consulatu pro, quem labo<\/p>\n\t\t\t<div class=\"mkdf-cli-bottom-info\">\n\t\t\t\t\n<div class=\"mkdf-students-number-holder\">\n    <span aria-hidden=\"true\" class=\"icon_profile mkdf-student-icon\"><\/span>\n    <span>\n    0    <\/span>\n<\/div>\n\t\t\t\t\t\t<div class=\"mkdf-cli-category-holder\">\n\t\t\t<span aria-hidden=\"true\" class=\"icon_tag mkdf-category-icon\"><\/span>\n\t\t\t\t\t\t\t<a itemprop=\"url\" class=\"mkdf-cli-category\" href=\"https:\/\/sivrihisar.org.tr\/index.php\/course-category\/business\/\">Business<\/a>\n\t\t\t\t\t<\/div>\n\t\t\t\t<\/div>\n\t\t<\/div>\n\t<\/div>\n<\/div>\t\t<a itemprop=\"url\" class=\"mkdf-cli-link mkdf-block-drag-link\" href=\"https:\/\/sivrihisar.org.tr\/index.php\/course\/financial-modeling\/\" target=\"_self\"><\/a>\n\t<\/div>\n<\/article><article class=\"mkdf-cl-item post-279 course type-course status-publish has-post-thumbnail hentry course-category-languages\"  data-name=academic-english data-date=>\n\t<div class=\"mkdf-cl-item-inner\">\n\t\t<div class=\"mkdf-cli-image-wrapper\">\n<div class=\"mkdf-cli-image\">\n\t\t\t<img loading=\"lazy\" decoding=\"async\" width=\"1000\" height=\"639\" src=\"https:\/\/sivrihisar.org.tr\/wp-content\/uploads\/2017\/05\/course-11-f-img.jpg\" class=\"attachment-full size-full wp-post-image\" alt=\"a\" srcset=\"https:\/\/sivrihisar.org.tr\/wp-content\/uploads\/2017\/05\/course-11-f-img.jpg 1000w, https:\/\/sivrihisar.org.tr\/wp-content\/uploads\/2017\/05\/course-11-f-img-600x383.jpg 600w, https:\/\/sivrihisar.org.tr\/wp-content\/uploads\/2017\/05\/course-11-f-img-300x192.jpg 300w, https:\/\/sivrihisar.org.tr\/wp-content\/uploads\/2017\/05\/course-11-f-img-768x491.jpg 768w\" sizes=\"auto, (max-width: 1000px) 100vw, 1000px\" \/>\t<\/div><a href=\"javascript:void(0)\" class=\"mkdf-course-wishlist mkdf-icon-only\" data-course-id=\"279\">\n    <i class=\"icon_heart_alt\" aria-hidden=\"true\"><\/i>\n<\/a><\/div>\n<div class=\"mkdf-cli-text-holder\">\n\t<div class=\"mkdf-cli-text-wrapper\">\n\t\t<div class=\"mkdf-cli-text\">\n\t\t\t<div class=\"mkdf-cli-top-info\">\n\t\t\t\t\t<h5 itemprop=\"name\" class=\"mkdf-cli-title entry-title\" >\n\t<a itemprop=\"url\" href=\"https:\/\/sivrihisar.org.tr\/index.php\/course\/academic-english\/\" target=\"_self\">\n\t\tAcademic English\t<\/a>\n\t<\/h5>\n\n\t\t\t\t<div class=\"mkdf-ci-price-holder clearfix\">\n        <span class=\"mkdf-ci-price-free\">\n        Free      <\/span>\n  <\/div>\n\t\t\t\t<a itemprop=\"url\" href=\"https:\/\/sivrihisar.org.tr\/index.php\/instructor\/dave-robbins\/\" target=\"_self\">\n    <span class=\"mkdf-instructor-name\">\n       Dave Robbins    <\/span>\n<\/a>\n\t\t\t<\/div>\n\t\t\t\t<p itemprop=\"description\" class=\"mkdf-cli-excerpt\">Lorem ipsum dolor sit amet, te eros consulatu pro, quem labo<\/p>\n\t\t\t<div class=\"mkdf-cli-bottom-info\">\n\t\t\t\t\n<div class=\"mkdf-students-number-holder\">\n    <span aria-hidden=\"true\" class=\"icon_profile mkdf-student-icon\"><\/span>\n    <span>\n    0    <\/span>\n<\/div>\n\t\t\t\t\t\t<div class=\"mkdf-cli-category-holder\">\n\t\t\t<span aria-hidden=\"true\" class=\"icon_tag mkdf-category-icon\"><\/span>\n\t\t\t\t\t\t\t<a itemprop=\"url\" class=\"mkdf-cli-category\" href=\"https:\/\/sivrihisar.org.tr\/index.php\/course-category\/languages\/\">Languages<\/a>\n\t\t\t\t\t<\/div>\n\t\t\t\t<\/div>\n\t\t<\/div>\n\t<\/div>\n<\/div>\t\t<a itemprop=\"url\" class=\"mkdf-cli-link mkdf-block-drag-link\" href=\"https:\/\/sivrihisar.org.tr\/index.php\/course\/academic-english\/\" target=\"_self\"><\/a>\n\t<\/div>\n<\/article><article class=\"mkdf-cl-item post-276 course type-course status-publish has-post-thumbnail hentry course-category-business\"  data-name=modern-psychology data-date=>\n\t<div class=\"mkdf-cl-item-inner\">\n\t\t<div class=\"mkdf-cli-image-wrapper\">\n<div class=\"mkdf-cli-image\">\n\t\t\t<img loading=\"lazy\" decoding=\"async\" width=\"1000\" height=\"639\" src=\"https:\/\/sivrihisar.org.tr\/wp-content\/uploads\/2017\/05\/course-7-f-img.jpg\" class=\"attachment-full size-full wp-post-image\" alt=\"\" srcset=\"https:\/\/sivrihisar.org.tr\/wp-content\/uploads\/2017\/05\/course-7-f-img.jpg 1000w, https:\/\/sivrihisar.org.tr\/wp-content\/uploads\/2017\/05\/course-7-f-img-600x383.jpg 600w, https:\/\/sivrihisar.org.tr\/wp-content\/uploads\/2017\/05\/course-7-f-img-300x192.jpg 300w, https:\/\/sivrihisar.org.tr\/wp-content\/uploads\/2017\/05\/course-7-f-img-768x491.jpg 768w\" sizes=\"auto, (max-width: 1000px) 100vw, 1000px\" \/>\t<\/div><a href=\"javascript:void(0)\" class=\"mkdf-course-wishlist mkdf-icon-only\" data-course-id=\"276\">\n    <i class=\"icon_heart_alt\" aria-hidden=\"true\"><\/i>\n<\/a><\/div>\n<div class=\"mkdf-cli-text-holder\">\n\t<div class=\"mkdf-cli-text-wrapper\">\n\t\t<div class=\"mkdf-cli-text\">\n\t\t\t<div class=\"mkdf-cli-top-info\">\n\t\t\t\t\t<h5 itemprop=\"name\" class=\"mkdf-cli-title entry-title\" >\n\t<a itemprop=\"url\" href=\"https:\/\/sivrihisar.org.tr\/index.php\/course\/modern-psychology\/\" target=\"_self\">\n\t\tModern Psychology\t<\/a>\n\t<\/h5>\n\n\t\t\t\t<div class=\"mkdf-ci-price-holder clearfix\">\n        <span class=\"mkdf-ci-price-value\">\n          &#8378;40      <\/span>\n  <\/div>\n\t\t\t\t<a itemprop=\"url\" href=\"https:\/\/sivrihisar.org.tr\/index.php\/instructor\/kathryn-webb\/\" target=\"_self\">\n    <span class=\"mkdf-instructor-name\">\n       Kathryn Webb    <\/span>\n<\/a>\n\t\t\t<\/div>\n\t\t\t\t<p itemprop=\"description\" class=\"mkdf-cli-excerpt\">Lorem ipsum dolor sit amet, te eros consulatu pro, quem labo<\/p>\n\t\t\t<div class=\"mkdf-cli-bottom-info\">\n\t\t\t\t\n<div class=\"mkdf-students-number-holder\">\n    <span aria-hidden=\"true\" class=\"icon_profile mkdf-student-icon\"><\/span>\n    <span>\n    0    <\/span>\n<\/div>\n\t\t\t\t\t\t<div class=\"mkdf-cli-category-holder\">\n\t\t\t<span aria-hidden=\"true\" class=\"icon_tag mkdf-category-icon\"><\/span>\n\t\t\t\t\t\t\t<a itemprop=\"url\" class=\"mkdf-cli-category\" href=\"https:\/\/sivrihisar.org.tr\/index.php\/course-category\/business\/\">Business<\/a>\n\t\t\t\t\t<\/div>\n\t\t\t\t<\/div>\n\t\t<\/div>\n\t<\/div>\n<\/div>\t\t<a itemprop=\"url\" class=\"mkdf-cli-link mkdf-block-drag-link\" href=\"https:\/\/sivrihisar.org.tr\/index.php\/course\/modern-psychology\/\" target=\"_self\"><\/a>\n\t<\/div>\n<\/article>\t<\/div>\n\t\n\t<\/div>[\/vc_column][\/vc_row]<\/p>\n<\/section>","protected":false},"excerpt":{"rendered":"<p>[vc_row css=&#8221;.vc_custom_1495809860309{padding-bottom: 68px !important;}&#8221;][vc_column][\/vc_column][\/vc_row]<\/p>\n","protected":false},"author":1,"featured_media":0,"parent":289,"menu_order":0,"comment_status":"closed","ping_status":"closed","template":"","meta":{"_bbp_topic_count":0,"_bbp_reply_count":0,"_bbp_total_topic_count":0,"_bbp_total_reply_count":0,"_bbp_voice_count":0,"_bbp_anonymous_reply_count":0,"_bbp_topic_count_hidden":0,"_bbp_reply_count_hidden":0,"_bbp_forum_subforum_count":0,"footnotes":""},"class_list":["post-306","page","type-page","status-publish","hentry"],"_links":{"self":[{"href":"https:\/\/sivrihisar.org.tr\/index.php\/wp-json\/wp\/v2\/pages\/306","targetHints":{"allow":["GET"]}}],"collection":[{"href":"https:\/\/sivrihisar.org.tr\/index.php\/wp-json\/wp\/v2\/pages"}],"about":[{"href":"https:\/\/sivrihisar.org.tr\/index.php\/wp-json\/wp\/v2\/types\/page"}],"author":[{"embeddable":true,"href":"https:\/\/sivrihisar.org.tr\/index.php\/wp-json\/wp\/v2\/users\/1"}],"replies":[{"embeddable":true,"href":"https:\/\/sivrihisar.org.tr\/index.php\/wp-json\/wp\/v2\/comments?post=306"}],"version-history":[{"count":0,"href":"https:\/\/sivrihisar.org.tr\/index.php\/wp-json\/wp\/v2\/pages\/306\/revisions"}],"up":[{"embeddable":true,"href":"https:\/\/sivrihisar.org.tr\/index.php\/wp-json\/wp\/v2\/pages\/289"}],"wp:attachment":[{"href":"https:\/\/sivrihisar.org.tr\/index.php\/wp-json\/wp\/v2\/media?parent=306"}],"curies":[{"name":"wp","href":"https:\/\/api.w.org\/{rel}","templated":true}]}}