{"id":3325,"date":"2017-06-14T12:57:38","date_gmt":"2017-06-14T12:57:38","guid":{"rendered":"http:\/\/iacademy.mikado-themes.com\/?page_id=3325"},"modified":"2017-06-14T12:57:38","modified_gmt":"2017-06-14T12:57:38","slug":"five-columns-grid","status":"publish","type":"page","link":"https:\/\/sivrihisar.org.tr\/index.php\/shop-2\/five-columns-grid\/","title":{"rendered":"Five Columns Grid"},"content":{"rendered":"<section class=\"wpb-content-wrapper\"><p>[vc_row row_content_width=&#8221;grid&#8221; css=&#8221;.vc_custom_1497443596817{padding-bottom: 50px !important;}&#8221;][vc_column]<div class=\"woocommerce columns-5 \"><ul class=\"products columns-5\">\n<li class=\"product type-product post-1829 status-publish first instock product_cat-sertifikalar has-post-thumbnail shipping-taxable purchasable product-type-simple\">\n\t<div class=\"mkdf-pl-inner\"><div class=\"mkdf-pl-image\"><img loading=\"lazy\" decoding=\"async\" width=\"300\" height=\"300\" src=\"https:\/\/sivrihisar.org.tr\/wp-content\/uploads\/2017\/06\/Green-White-Minimalist-Certificate-of-Participation-1-300x300.png\" class=\"attachment-woocommerce_thumbnail size-woocommerce_thumbnail\" alt=\"Vefat\" srcset=\"https:\/\/sivrihisar.org.tr\/wp-content\/uploads\/2017\/06\/Green-White-Minimalist-Certificate-of-Participation-1-300x300.png 300w, https:\/\/sivrihisar.org.tr\/wp-content\/uploads\/2017\/06\/Green-White-Minimalist-Certificate-of-Participation-1-150x150.png 150w, https:\/\/sivrihisar.org.tr\/wp-content\/uploads\/2017\/06\/Green-White-Minimalist-Certificate-of-Participation-1-550x550.png 550w, https:\/\/sivrihisar.org.tr\/wp-content\/uploads\/2017\/06\/Green-White-Minimalist-Certificate-of-Participation-1-1100x1100.png 1100w, https:\/\/sivrihisar.org.tr\/wp-content\/uploads\/2017\/06\/Green-White-Minimalist-Certificate-of-Participation-1-100x100.png 100w\" sizes=\"auto, (max-width: 300px) 100vw, 300px\" \/><div class=\"mkdf-pl-text\"><div class=\"mkdf-pl-text-outer\"><div class=\"mkdf-pl-text-inner\"><a href=\"https:\/\/sivrihisar.org.tr\/index.php\/product\/vefat-settifikasi\/\" aria-describedby=\"woocommerce_loop_add_to_cart_link_describedby_1829\" data-quantity=\"1\" class=\"button product_type_simple add_to_cart_button\" data-product_id=\"1829\" data-product_sku=\"009\" aria-label=\"Sepete ekle: \u201cVefat\u201d\" rel=\"nofollow\" data-success_message=\"&quot;Vefat&quot; sepetinize eklendi\">Sertifika Olu\u015ftur<\/a>\t<span id=\"woocommerce_loop_add_to_cart_link_describedby_1829\" class=\"screen-reader-text\">\n\t\t\t<\/span>\n<\/div><\/div><\/div><\/div><a href=\"https:\/\/sivrihisar.org.tr\/index.php\/product\/vefat-settifikasi\/\" class=\"woocommerce-LoopProduct-link woocommerce-loop-product__link\"><\/a><\/div><div class=\"mkdf-pl-text-wrapper\"><div class=\"mkdf-pl-rating-holder\"><\/div><h5 class=\"mkdf-product-list-title\"><a href=\"https:\/\/sivrihisar.org.tr\/index.php\/product\/vefat-settifikasi\/\">Vefat<\/a><\/h5>\n\t<span class=\"price\"><span class=\"woocommerce-Price-amount amount\"><bdi>1.000,00<span class=\"woocommerce-Price-currencySymbol\">&#8378;<\/span><\/bdi><\/span><\/span>\n<\/div><\/li><li class=\"product type-product post-1740 status-publish instock product_cat-sertifikalar has-post-thumbnail shipping-taxable purchasable product-type-simple\">\n\t<div class=\"mkdf-pl-inner\"><div class=\"mkdf-pl-image\"><img loading=\"lazy\" decoding=\"async\" width=\"300\" height=\"300\" src=\"https:\/\/sivrihisar.org.tr\/wp-content\/uploads\/2017\/06\/Green-White-Minimalist-Certificate-of-Participation-2-300x300.png\" class=\"attachment-woocommerce_thumbnail size-woocommerce_thumbnail\" alt=\"Do\u011fum G\u00fcn\u00fc Sertifikas\u0131\" srcset=\"https:\/\/sivrihisar.org.tr\/wp-content\/uploads\/2017\/06\/Green-White-Minimalist-Certificate-of-Participation-2-300x300.png 300w, https:\/\/sivrihisar.org.tr\/wp-content\/uploads\/2017\/06\/Green-White-Minimalist-Certificate-of-Participation-2-150x150.png 150w, https:\/\/sivrihisar.org.tr\/wp-content\/uploads\/2017\/06\/Green-White-Minimalist-Certificate-of-Participation-2-550x550.png 550w, https:\/\/sivrihisar.org.tr\/wp-content\/uploads\/2017\/06\/Green-White-Minimalist-Certificate-of-Participation-2-1100x1100.png 1100w, https:\/\/sivrihisar.org.tr\/wp-content\/uploads\/2017\/06\/Green-White-Minimalist-Certificate-of-Participation-2-100x100.png 100w\" sizes=\"auto, (max-width: 300px) 100vw, 300px\" \/><div class=\"mkdf-pl-text\"><div class=\"mkdf-pl-text-outer\"><div class=\"mkdf-pl-text-inner\"><a href=\"https:\/\/sivrihisar.org.tr\/index.php\/product\/dogum-gunu\/\" aria-describedby=\"woocommerce_loop_add_to_cart_link_describedby_1740\" data-quantity=\"1\" class=\"button product_type_simple add_to_cart_button\" data-product_id=\"1740\" data-product_sku=\"\" aria-label=\"Sepete ekle: \u201cDo\u011fum G\u00fcn\u00fc Sertifikas\u0131\u201d\" rel=\"nofollow\" data-success_message=\"&quot;Do\u011fum G\u00fcn\u00fc Sertifikas\u0131&quot; sepetinize eklendi\">Sertifika Olu\u015ftur<\/a>\t<span id=\"woocommerce_loop_add_to_cart_link_describedby_1740\" class=\"screen-reader-text\">\n\t\t\t<\/span>\n<\/div><\/div><\/div><\/div><a href=\"https:\/\/sivrihisar.org.tr\/index.php\/product\/dogum-gunu\/\" class=\"woocommerce-LoopProduct-link woocommerce-loop-product__link\"><\/a><\/div><div class=\"mkdf-pl-text-wrapper\"><div class=\"mkdf-pl-rating-holder\"><\/div><h5 class=\"mkdf-product-list-title\"><a href=\"https:\/\/sivrihisar.org.tr\/index.php\/product\/dogum-gunu\/\">Do\u011fum G\u00fcn\u00fc Sertifikas\u0131<\/a><\/h5>\n\t<span class=\"price\"><span class=\"woocommerce-Price-amount amount\"><bdi>1.000,00<span class=\"woocommerce-Price-currencySymbol\">&#8378;<\/span><\/bdi><\/span><\/span>\n<\/div><\/li><\/ul>\n<\/div>[\/vc_column][\/vc_row]<\/p>\n<\/section>","protected":false},"excerpt":{"rendered":"<p>[vc_row row_content_width=&#8221;grid&#8221; css=&#8221;.vc_custom_1497443596817{padding-bottom: 50px !important;}&#8221;][vc_column][\/vc_column][\/vc_row]<\/p>\n","protected":false},"author":1,"featured_media":0,"parent":4123,"menu_order":0,"comment_status":"closed","ping_status":"closed","template":"","meta":{"_bbp_topic_count":0,"_bbp_reply_count":0,"_bbp_total_topic_count":0,"_bbp_total_reply_count":0,"_bbp_voice_count":0,"_bbp_anonymous_reply_count":0,"_bbp_topic_count_hidden":0,"_bbp_reply_count_hidden":0,"_bbp_forum_subforum_count":0,"footnotes":""},"class_list":["post-3325","page","type-page","status-publish","hentry"],"_links":{"self":[{"href":"https:\/\/sivrihisar.org.tr\/index.php\/wp-json\/wp\/v2\/pages\/3325","targetHints":{"allow":["GET"]}}],"collection":[{"href":"https:\/\/sivrihisar.org.tr\/index.php\/wp-json\/wp\/v2\/pages"}],"about":[{"href":"https:\/\/sivrihisar.org.tr\/index.php\/wp-json\/wp\/v2\/types\/page"}],"author":[{"embeddable":true,"href":"https:\/\/sivrihisar.org.tr\/index.php\/wp-json\/wp\/v2\/users\/1"}],"replies":[{"embeddable":true,"href":"https:\/\/sivrihisar.org.tr\/index.php\/wp-json\/wp\/v2\/comments?post=3325"}],"version-history":[{"count":0,"href":"https:\/\/sivrihisar.org.tr\/index.php\/wp-json\/wp\/v2\/pages\/3325\/revisions"}],"up":[{"embeddable":true,"href":"https:\/\/sivrihisar.org.tr\/index.php\/wp-json\/wp\/v2\/pages\/4123"}],"wp:attachment":[{"href":"https:\/\/sivrihisar.org.tr\/index.php\/wp-json\/wp\/v2\/media?parent=3325"}],"curies":[{"name":"wp","href":"https:\/\/api.w.org\/{rel}","templated":true}]}}