{"id":4512,"date":"2026-04-20T06:22:46","date_gmt":"2026-04-20T06:22:46","guid":{"rendered":"https:\/\/sivrihisar.org.tr\/?page_id=4512"},"modified":"2026-04-20T06:22:46","modified_gmt":"2026-04-20T06:22:46","slug":"hakkimizda","status":"publish","type":"page","link":"https:\/\/sivrihisar.org.tr\/index.php\/hakkimizda\/","title":{"rendered":"Hakk\u0131m\u0131zda"},"content":{"rendered":"<section class=\"wpb-content-wrapper\"><p>[vc_row][vc_column][vc_column_text]<b>VAKFIN KURULU\u015eU<\/b><\/p>\n<p><b>Manevi Dayan\u0131\u015fma ve Hizmet:<\/b><\/p>\n<p>\u00d6teden beri t\u00fcm Sivrihisarl\u0131lar\u0131n birle\u015ftikleri bir \u00f6zlem vard\u0131: Birbirinden kopuk da\u011f\u0131n\u0131k gruplar halinden \u00e7\u0131karak, ac\u0131 veya tatl\u0131 g\u00fcnlerinde birbirlerini aray\u0131p sorabilen, kar\u015f\u0131l\u0131kl\u0131 sevgi, sayg\u0131 ve manevi dayan\u0131\u015fma i\u00e7erisinde kal\u0131narak ecdat geleneklerine uygun bir Kurulu\u015fta birle\u015fmek\u2026<\/p>\n<p>Bu arzu ve istek \u00e7e\u015fitli zamanlarda de\u011fi\u015fik toplant\u0131larla, devaml\u0131l\u0131\u011f\u0131 sa\u011flamak \u00fczere te\u015febb\u00fcs edilmi\u015f ise de; kal\u0131c\u0131 bir kurum haline getirilememi\u015fti.<\/p>\n<p>Bu genel arzu bug\u00fcn, Sivrihisar ve \u00e7evresini kalk\u0131nd\u0131rmak \u00f6rf, adet ve kendine \u00f6zg\u00fc geleneklerin devam\u0131n\u0131 sa\u011flamak maksad\u0131 ile k\u00fclt\u00fcrel faaliyetlerini h\u0131zland\u0131rmak, Ancak; Sivrihisar ve \u00fclke gen\u00e7li\u011fine H\u0130ZMET ETME d\u00fc\u015f\u00fcncesiyle ba\u015fta Eski\u015fehir olmak \u00fczere T\u00fcrkiye i\u00e7erisine da\u011f\u0131lm\u0131\u015f hem\u015fehrilerimiz i\u00e7in ge\u00e7 kal\u0131nm\u0131\u015f bir istek olarak ka\u00e7\u0131n\u0131lmazd\u0131.<\/p>\n<p><b>Dernek Kurma Fikri:<\/b><\/p>\n<p>26 \u015eubat 1991 Sal\u0131 ak\u015fam\u0131 25 hem\u015fehrimizle Emek Otel Roof\u2019ta bir toplant\u0131da bir araya geldik. Bu toplant\u0131da, \u015fimdiye kadar Sivrihisarl\u0131lar\u0131n ge\u00e7irmi\u015f olduklar\u0131 deneyimlerin \u0131\u015f\u0131\u011f\u0131 alt\u0131nda, hem\u015fehrilerimizin dilek ve d\u00fc\u015f\u00fcncelerini tespit ettik ve DERNEK kurulma fikrinde birle\u015fildi. Kurulacak olan derne\u011fin hukuki, idari ve mali y\u00f6nlerini realize etmek \u00fczere m\u00fcte\u015febbis heyet olarak H. Atilla \u015eAMDAN, Mehmet \u0130NC\u0130, M. Ali G\u00d6RENEK, Ya\u015far \u00d6ZGENEC\u0130, \u0130rfan \u00dcNVER, G\u00fcrk\u00f6k Y\u00dcZ\u00dcG\u00dcLL\u00dc, Mustafa KIDAN ve Hayati ERDEMG\u0130L\u2019\u0130 g\u00f6revlendirerek da\u011f\u0131ld\u0131.<\/p>\n<p>&nbsp;<\/p>\n<p>Ge\u00e7ici y\u00f6netim be\u015f g\u00fcn gibi k\u0131sa s\u00fcrede demirba\u015f\u0131 kurulu\u015fa ait olmak \u00fczere G\u00f6ksu \u0130\u015fhan\u0131 52 no\u2019lu b\u00fcrosunda faaliyetlerine ba\u015flad\u0131. Konunun di\u011fer hem\u015fehrilerimizde tabana yay\u0131lmas\u0131 i\u00e7in \u00e7ok s\u0131k meslek gruplar\u0131 toplant\u0131lar\u0131 d\u00fczenlendi. Daha geni\u015f kapsaml\u0131 04 Nisan 1991 Per\u015fembe g\u00fcn\u00fc verilecek iftar yeme\u011fi toplant\u0131s\u0131 \u00e7al\u0131\u015fmalar\u0131 s\u0131ras\u0131nda ilgi ve heyecan\u0131n y\u00fcksekli\u011fi a\u00e7\u0131k bir \u015fekilde g\u00f6r\u00fcld\u00fc.<\/p>\n<p>Bir dernek \u00e7at\u0131s\u0131 alt\u0131nda birle\u015fmek ve yap\u0131labilirse derne\u011fin hukuki \u00e7er\u00e7evesinde Sivrihisarl\u0131lara yard\u0131mda bulunmak bir ama\u00e7t\u0131. Bu ama\u00e7 1950\u2019li 60\u2019l\u0131 y\u0131llar\u0131n Eski\u015fehir\u2019de ya\u015fayan \u00fcyeleri i\u00e7in, o g\u00fcnk\u00fc ya\u015fam ko\u015fullar\u0131, n\u00fcfus azl\u0131\u011f\u0131, u\u011fra\u015f\u0131 darl\u0131\u011f\u0131 ve maddi imk\u00e2nlar\u0131 \u00e7er\u00e7evesinde do\u011fal kar\u015f\u0131lanan bir kenetlenme \u015fekli olabilirdi\u2026<\/p>\n<p>Bug\u00fcn\u00fcn Sivrihisarl\u0131s\u0131n\u0131 tan\u0131mlarken; kendi imkanlar\u0131yla bir yere gelmi\u015f, genellikle alt yap\u0131s\u0131n\u0131 olu\u015fturmu\u015f, sosyal ve i\u00e7timai mevkiiler kazanm\u0131\u015f olduklar\u0131ndan, her birini \u201cbireysel bir dernek\u201d s\u00f6z\u00fcyle tan\u0131mlamak san\u0131r\u0131z ki yanl\u0131\u015f de\u011fildir.<\/p>\n<p>Bulunduklar\u0131 yerlere ekonomik ve k\u00fclt\u00fcrel g\u00fc\u00e7 kazand\u0131ran Sivrihisarl\u0131y\u0131 daha geni\u015f kapsaml\u0131 ve kal\u0131c\u0131 bir kurulu\u015fta toplaman\u0131n gereklili\u011fine inand\u0131k.<\/p>\n<p><b>Vak\u0131f Kurma Fikri:<\/b><\/p>\n<p>Yo\u011fun \u00e7al\u0131\u015fmalar i\u00e7erisinde demek kurma haz\u0131rl\u0131klar\u0131 tamamland\u0131. Ne var ki, Sivrihisar\u2019\u0131n Eski\u015fehir\u2019de \u00e7ok b\u00fcy\u00fck bir potansiyeli varken, sadece lokali ve dar ya\u015fam\u0131 i\u00e7erisinde derne\u011fe s\u0131k\u0131\u015f\u0131p kalmak Sivrihisarl\u0131ya yetmeyecekti.<\/p>\n<p><img loading=\"lazy\" decoding=\"async\" class=\"alignnone size-medium wp-image-4513\" src=\"https:\/\/sivrihisar.org.tr\/wp-content\/uploads\/2026\/04\/huseyin-atilla-samdan-221x300.jpg\" alt=\"\" width=\"221\" height=\"300\" srcset=\"https:\/\/sivrihisar.org.tr\/wp-content\/uploads\/2026\/04\/huseyin-atilla-samdan-221x300.jpg 221w, https:\/\/sivrihisar.org.tr\/wp-content\/uploads\/2026\/04\/huseyin-atilla-samdan.jpg 400w\" sizes=\"auto, (max-width: 221px) 100vw, 221px\" \/><\/p>\n<p>M\u00fcte\u015febbis heyet ba\u015fkanl\u0131\u011f\u0131 g\u00f6revini s\u00fcrd\u00fcren H. Atilla \u015eAMDAN \u2018\u0131n Sivrihisar E\u011fitim Vakf\u0131 kurma fikri ve \u0131srar\u0131 heyetimizce de tart\u0131\u015fmas\u0131z kabul edildi.<\/p>\n<p>M\u00fcte\u015febbis Heyet olarak g\u00f6revi \u00fcstlenen arkada\u015flar geceli ve g\u00fcnd\u00fczl\u00fc \u00e7al\u0131\u015fmalarla Vehbi Ko\u00e7 E\u011fitim, Malatya E\u011fitim, \u0130stanbul Teknik \u00dcniversite, T\u00fcrk E\u011fitim, Enka Spor, E\u011fitim, Yoksul Yard\u0131mla\u015fma, T\u00fcrk Loydu, Sosyal Sa\u011fl\u0131k Yard\u0131mla\u015fma, T\u00fcrkiye Petrolleri E\u011fitim ve T\u00fcrkiye Turizm Geli\u015ftirme ve E\u011fitim V\u00e2k\u0131flar\u0131 gibi faaliyet h\u00e2lindeki vak\u0131flar\u0131n \u00e7al\u0131\u015fmalar\u0131 ve vak\u0131f senetleri \u00f6rnek al\u0131narak titiz bir incelemeye tabi tutuldular.<\/p>\n<p>Sivrihisar E\u011fitim, K\u00fclt\u00fcr ve Dayan\u0131\u015fma Vakf\u0131 i\u015fte bu \u00e7al\u0131\u015fma, tetkik, ara\u015ft\u0131rma ve Sivrihisar beldesinin hizmet anlay\u0131\u015f\u0131 ile k\u0131sa zamanda kurulmu\u015ftur.<\/p>\n<p>Bir g\u00fcn; Gelecek Ku\u015faklar\u0131n \u015f\u00fckran duygular\u0131 ile anacaklar\u0131n\u0131 temenni etti\u011fimiz bu insanlar; hem\u015fehriler aras\u0131nda manevi dayan\u0131\u015fma d\u00fc\u015f\u00fcncesini ve Sivrihisar Gen\u00e7li\u011fi ve yararlanan t\u00fcm gen\u00e7li\u011fi hizmet fikri ile donatarak belli bir sonuca ula\u015fmak \u0130nsanl\u0131\u011fa hizmet yar\u0131\u015f\u0131nda, ebedile\u015fmesi dile\u011fiyle\u2026<\/p>\n<p>&nbsp;<\/p>\n<p><b>VAKFIN AMACI VE FAAL\u0130YETLER\u0130<\/b><\/p>\n<p><b>VAKFIN AMACI:<\/b><\/p>\n<p><b>Vakf\u0131n Ama\u00e7lar\u0131<\/b><\/p>\n<p>a) T\u00fcrk Milli E\u011fitim ve \u00f6\u011fretimine katk\u0131da bulunmak,<\/p>\n<p>b) Okul \u00f6ncesi ve okuma \u00e7a\u011f\u0131na gelmi\u015f \u00f6\u011frencilerin her t\u00fcrl\u00fc \u00e7a\u011fda\u015f e\u011fitim, \u00f6\u011fretim ve sosyal ihtiya\u00e7lar\u0131n\u0131n kar\u015f\u0131lanmas\u0131nda; ba\u015fta Sivrihisar k\u00f6kenli, yetenekli fakat s\u0131n\u0131rl\u0131 \u0130mkanlar\u0131 olan \u00f6\u011frencileri kontenjan kulland\u0131rtmak suretiyle yard\u0131mda bulunmak,<\/p>\n<p>c) Vakfa yap\u0131lacak \u00f6zel ba\u011f\u0131\u015f ve vasiyetlerle elde edilecek gelirlerden okula haz\u0131rl\u0131k, ilk, orta ve \u00fcniversite \u00f6\u011frenimi ile ilgili okul, yurt, lojman, sa\u011fl\u0131k, sosyal ve spor tesisleri yapmak,<\/p>\n<p>d) Yurt i\u00e7i ve yurt d\u0131\u015f\u0131na yay\u0131lm\u0131\u015f bulunan t\u00fcm hem\u015fehriler aras\u0131nda kar\u015f\u0131l\u0131kl\u0131 yard\u0131m ve sosyal dayan\u0131\u015fmay\u0131 sa\u011flamak amac\u0131yla toplant\u0131lar d\u00fczenleyerek; Atat\u00fcrk \u0130lkelerine ba\u011fl\u0131 manevi ve milli de\u011ferlerine sayg\u0131l\u0131 bir toplum olu\u015fturulmas\u0131na katk\u0131da bulunmak,<\/p>\n<p>e) Y\u00f6renin, kendine \u00f6zg\u00fc k\u00fclt\u00fcrel, etnografik, geleneksel de\u011ferlerini ara\u015ft\u0131rarak gelecek ku\u015faklara intikalini sa\u011flay\u0131c\u0131 ve tan\u0131t\u0131c\u0131 faaliyetlerde bulunmakt\u0131r.<\/p>\n<p>&nbsp;<\/p>\n<p><b>VAKFIN FAAL\u0130YETLER\u0130<\/b><\/p>\n<p>Vak\u0131f, yukar\u0131da yaz\u0131l\u0131 ama\u00e7lar\u0131n\u0131 ger\u00e7ekle\u015ftirmek \u00fczere:<\/p>\n<p>a) Yurt i\u00e7i ve yurt d\u0131\u015f\u0131nda bulunan \u00dcniversite, y\u00fcksek ve mesleki okullarda \u00f6\u011frenim g\u00f6ren, ba\u015far\u0131l\u0131, muhta\u00e7 Sivrihisar k\u00f6kenli \u00f6\u011frencilerden uygun g\u00f6r\u00fclenlere imkanlar\u0131 \u00f6l\u00e7\u00fcs\u00fcnde kar\u015f\u0131l\u0131ks\u0131z burslar verir, yurt binalar\u0131 tesis eder, bilgi birikimi sa\u011flamak \u00fczere kurslar d\u00fczenler, kitap laboratuvar, \u00f6\u011frenim ve ara\u015ft\u0131rma, malzeme ara\u00e7 ve gere\u00e7lerini sa\u011flar.<\/p>\n<p>Y\u00f6netim Kurulu karar\u0131yla muhta\u00e7l\u0131\u011f\u0131 tespit edilen \u00f6\u011frencilerin \u00f6\u011frenim s\u00fcreleri i\u00e7erisinde ve vakf\u0131n imkanlar\u0131 dahilinde k\u0131smen veya tamamen yurt i\u00e7i ve yurtd\u0131\u015f\u0131 tedavilerini (organ nakli, protez, endoprotez, ara\u00e7, gere\u00e7, ila\u00e7 vs.) sa\u011flar.<\/p>\n<p>b) E\u011fitim ve sporu, bir b\u00fct\u00fcn olarak de\u011ferlendiren vak\u0131f; her t\u00fcrl\u00fc e\u011fitim hizmetlerinin yan\u0131 s\u0131ra spor faaliyetlerini desteklemek amac\u0131yla T\u00fcrk Sporunun ve Atat\u00fcrk Milliyet\u00e7ili\u011fi ile dolu ahlakl\u0131 sporcu gen\u00e7lerin yeti\u015fmeleri i\u00e7in maddi ve manevi yard\u0131mda bulunur.<\/p>\n<p>c) Sivrihisar ve \u00e7evresini k\u00fclt\u00fcrel, co\u011frafi, arkeolojik, turistik ve tarihi \u00f6zelliklerini kitle ileti\u015fim ara\u00e7lar\u0131 ile yaz\u0131l\u0131 ve s\u00f6zl\u00fc olarak korunmas\u0131n\u0131 geli\u015ftirmesini g\u00fczelle\u015ftirilmesini ve TANITILMASINI sa\u011flar,<\/p>\n<p>d) Sivrihisar\u2019\u0131n yeti\u015ftirdi\u011fi Yunus Emre, Nasrettin Hoca, H\u0131z\u0131r Bey, Mahmul H\u00fcdai Hazretleri, Baba Y\u00fbsuf-i S\u0130VR\u0130H\u0130SAR\u0130 ve di\u011ferleri gibi ilim, edep, vakar ve mizah ehli b\u00fcy\u00fcklerin anma, tan\u0131tma toplant\u0131lar\u0131nda Merkezi ve Mahalli \u0130darelerle koordineli dayan\u0131\u015fmaya katk\u0131da bulunur.<\/p>\n<p>e) Sivrihisar ve \u00e7evresi insanlar\u0131n\u0131 k\u00fclt\u00fcrel, ekonomik ve sosyal y\u00f6nden kalk\u0131nd\u0131rmak, bilgi ve becerilerini art\u0131rmak, \u00fcniversite kazanamam\u0131\u015f gen\u00e7lerine mesleki e\u011fitim vermek, mevcut u\u011fra\u015f\u0131lar\u0131 yan\u0131 s\u0131ra ikili meslek e\u011fitiminden yararlanmak isteyenlere, ilgili kurum, kurulu\u015f ve vak\u0131flar\u0131n yard\u0131m ve desteklerini sa\u011flayarak bilgisayar, konfeksiyon, hal\u0131-kilim, mermer, g\u00fcm\u00fc\u015f i\u015flemecili\u011fi, \u00e7ift\u00e7ilik ve hayvanc\u0131l\u0131k (ar\u0131c\u0131l\u0131k, hindi-k\u00fcmes hayvanlar\u0131 yeti\u015ftirme, k\u00fc\u00e7\u00fck ve b\u00fcy\u00fck ba\u015f hayvan yeti\u015ftirme, bah\u00e7e ve ziraat tar\u0131m\u0131 vs.) konular\u0131nda yurt i\u00e7i ve yurt d\u0131\u015f\u0131 bilgi hizmetlerini ara\u00e7 ve gere\u00e7lerini temininde yard\u0131mc\u0131 olur.<\/p>\n<p>Geziler i\u00e7erikli geceler, sergiler, konserler, konferanslar, seminer ve paneller d\u00fczenler. Bu faaliyetler ile ilgili fikir al\u0131\u015fveri\u015fi sa\u011flamak amac\u0131yla lokal, toplant\u0131 salonu, a\u00e7ar. Kre\u015f, a\u015fevi, huzurevi gibi topluma hizmet \u00fcniteleri kurar ve \u00f6zel y\u00f6netmelik esaslar\u0131na g\u00f6re i\u015fletir.<\/p>\n<p>f) Vakf\u0131n ama\u00e7lar\u0131n\u0131n ger\u00e7ekle\u015ftirilmesi i\u00e7in sa\u011fl\u0131\u011f\u0131nda veya \u00f6l\u00fcme ba\u011fl\u0131 bir tasarrufla (vasiyet) vakfa ba\u011f\u0131\u015f ve yard\u0131mda bulunanlar\u0131n yap\u0131lmas\u0131n\u0131 istedikleri yurt, okul veya bir b\u00f6l\u00fcm ve tesislere ba\u011f\u0131\u015f yapan\u0131n ismini vermek suretiyle \u00f6zendirici ve te\u015fvik edici her t\u00fcrl\u00fc \u00f6nlemleri al\u0131r. Gerekli g\u00f6rd\u00fc\u011f\u00fcnde vakfa maddi ve manevi katk\u0131da bulunanlar\u0131 vak\u0131f ana t\u00fcz\u00fc\u011f\u00fcnde yaz\u0131l\u0131 esaslar dairesinde \u015feref \u00fcyeli\u011fine se\u00e7er.<\/p>\n<p>&nbsp;<\/p>\n<p><b>M\u0130SYON<\/b><\/p>\n<p>SEV Sivrihisar halk\u0131n\u0131n sivil toplumcu, kent k\u00fclt\u00fcr\u00fcn\u00fc geli\u015ftirmek amac\u0131yla, tarih, k\u00fclt\u00fcr, e\u011fitim ve sosyal i\u00e7erikli d\u00fc\u015f\u00fcnsel ve sanatsal alanlarda \u00e7al\u0131\u015fmalar yapar.<\/p>\n<p>&nbsp;<\/p>\n<p><b>V\u0130ZYON<\/b><\/p>\n<p>Sivrihisar\u2019\u0131n Tarih, K\u00fclt\u00fcr, E\u011fitim ve Sosyal geli\u015fiminin \u00f6nc\u00fc ve g\u00fc\u00e7l\u00fc bir sivil toplum kurulu\u015fu olmak.<\/p>\n<p>&nbsp;<\/p>\n<p><b>\u0130LKELER<\/b><\/p>\n<p>E\u011fitimin her dal\u0131nda etkili ve kal\u0131c\u0131 \u00e7al\u0131\u015fmalar sergilemek,<\/p>\n<p>Her y\u0131l ihtiya\u00e7 sahibi ba\u015far\u0131l\u0131 \u00fcniversite \u00f6\u011frencilerine burs yard\u0131m\u0131nda bulunmak,<\/p>\n<p>K\u00fclt\u00fcr\u00fcm\u00fcz\u00fcn d\u00fcn\u00fc ve bu g\u00fcn\u00fcn\u00fc tan\u0131mak ve tan\u0131tmak,<\/p>\n<p>K\u00fclt\u00fcr\u00fcm\u00fcze sahip \u00e7\u0131k\u0131p, zenginli\u011fini korumak,<\/p>\n<p>Y\u00f6re tarihini tan\u0131mak ve tan\u0131tmak<\/p>\n<p>Sivrihisar\u2019a \u00f6zg\u00fc co\u011frafyay\u0131 korumak,<\/p>\n<p>Y\u00f6remizde yeti\u015fen \u00fcnl\u00fclere sahip \u00e7\u0131k\u0131p, onlar\u0131n en \u00fcst d\u00fczeyde tan\u0131t\u0131m\u0131n\u0131 yapmak,<\/p>\n<p>Sivil toplum \u00f6rg\u00fctleriyle birlik, beraberlik sa\u011flay\u0131p, tayin edilen hedefe ula\u015fmak,<\/p>\n<p>Y\u00f6remizin \u00f6zellikle el sanatlar\u0131na ilgili ve sayg\u0131l\u0131 olmak, onlar\u0131 g\u00fcn\u00fcm\u00fcze ta\u015f\u0131mak,<\/p>\n<p>\u00d6zellikle ba\u011fc\u0131l\u0131\u011f\u0131 canland\u0131rmak ve onun \u00fcr\u00fcnlerini en \u00fcst d\u00fczeyde de\u011ferlendirmek.<\/p>\n<p>SEV[\/vc_column_text][\/vc_column][\/vc_row]<\/p>\n<\/section>","protected":false},"excerpt":{"rendered":"<p>[vc_row][vc_column][vc_column_text]VAKFIN KURULU\u015eU Manevi Dayan\u0131\u015fma ve Hizmet: \u00d6teden beri t\u00fcm Sivrihisarl\u0131lar\u0131n birle\u015ftikleri bir \u00f6zlem vard\u0131: Birbirinden kopuk da\u011f\u0131n\u0131k gruplar halinden \u00e7\u0131karak, ac\u0131 veya tatl\u0131 g\u00fcnlerinde birbirlerini aray\u0131p sorabilen, kar\u015f\u0131l\u0131kl\u0131 sevgi, sayg\u0131 ve manevi dayan\u0131\u015fma i\u00e7erisinde kal\u0131narak ecdat geleneklerine uygun bir Kurulu\u015fta<\/p>\n","protected":false},"author":1,"featured_media":0,"parent":0,"menu_order":0,"comment_status":"closed","ping_status":"closed","template":"","meta":{"_bbp_topic_count":0,"_bbp_reply_count":0,"_bbp_total_topic_count":0,"_bbp_total_reply_count":0,"_bbp_voice_count":0,"_bbp_anonymous_reply_count":0,"_bbp_topic_count_hidden":0,"_bbp_reply_count_hidden":0,"_bbp_forum_subforum_count":0,"footnotes":""},"class_list":["post-4512","page","type-page","status-publish","hentry"],"_links":{"self":[{"href":"https:\/\/sivrihisar.org.tr\/index.php\/wp-json\/wp\/v2\/pages\/4512","targetHints":{"allow":["GET"]}}],"collection":[{"href":"https:\/\/sivrihisar.org.tr\/index.php\/wp-json\/wp\/v2\/pages"}],"about":[{"href":"https:\/\/sivrihisar.org.tr\/index.php\/wp-json\/wp\/v2\/types\/page"}],"author":[{"embeddable":true,"href":"https:\/\/sivrihisar.org.tr\/index.php\/wp-json\/wp\/v2\/users\/1"}],"replies":[{"embeddable":true,"href":"https:\/\/sivrihisar.org.tr\/index.php\/wp-json\/wp\/v2\/comments?post=4512"}],"version-history":[{"count":1,"href":"https:\/\/sivrihisar.org.tr\/index.php\/wp-json\/wp\/v2\/pages\/4512\/revisions"}],"predecessor-version":[{"id":4514,"href":"https:\/\/sivrihisar.org.tr\/index.php\/wp-json\/wp\/v2\/pages\/4512\/revisions\/4514"}],"wp:attachment":[{"href":"https:\/\/sivrihisar.org.tr\/index.php\/wp-json\/wp\/v2\/media?parent=4512"}],"curies":[{"name":"wp","href":"https:\/\/api.w.org\/{rel}","templated":true}]}}