{"id":4516,"date":"2026-04-20T06:25:31","date_gmt":"2026-04-20T06:25:31","guid":{"rendered":"https:\/\/sivrihisar.org.tr\/?page_id=4516"},"modified":"2026-04-20T06:25:31","modified_gmt":"2026-04-20T06:25:31","slug":"tarihcemiz","status":"publish","type":"page","link":"https:\/\/sivrihisar.org.tr\/index.php\/tarihcemiz\/","title":{"rendered":"Tarih\u00e7emiz"},"content":{"rendered":"<section class=\"wpb-content-wrapper\"><p>[vc_row][vc_column][vc_column_text]Sivrihisar, Eski\u015fehir\u2018in en b\u00fcy\u00fck il\u00e7esidir. Nasreddin Hoca, Yunus Emre, Aziz Mahmut H\u00fcdai, H\u0131z\u0131r Bey gibi \u00e7ok \u00f6nemli T\u00fcrk b\u00fcy\u00fcklerinin bu il\u00e7eden \u00e7\u0131kt\u0131\u011f\u0131 iddia edilmektedir. Ankara\u2018ya 120 kilometre Eski\u015fehir\u2018e 90 kilometre uzakl\u0131ktad\u0131r. 1926\u2019dan \u00f6nce Ankara\u2019ya ba\u011fl\u0131 bir il\u00e7eydi.<\/p>\n<p>Sivrihisar 1289 tarihinde Osmanl\u0131 hakimiyeti alt\u0131na girdi. Bir m\u00fcddet sonra, Osman Bey Sivrihisar\u2019la birlikte b\u00fct\u00fcn Eski\u015fehir \u00e7evresinin idaresini karde\u015fi G\u00fcnd\u00fcz Bey\u2019e vermi\u015ftir.<\/p>\n<p><strong>K\u00fclt\u00fcr<\/strong><br \/>\n1650 senesinden kalan tarihi Surp Yerrortutyun Ermeni Kilisesi bug\u00fcn restore edildi.<\/p>\n<p><strong>Kibele\u2019nin B\u00fcy\u00fck Tap\u0131na\u011f\u0131<\/strong><br \/>\nHristiyanl\u0131\u011f\u0131n yay\u0131l\u0131\u015f\u0131na kadar, dini inan\u0131\u015f\u0131n temeli olan ve yery\u00fcz\u00fcndeki b\u00fct\u00fcn varl\u0131klar\u0131n do\u011furucusu olarak bilinen ulu ana tanr\u0131\u00e7a Kibele\u2019nin b\u00fcy\u00fck tap\u0131na\u011f\u0131 Sivrihisar s\u0131n\u0131rlar\u0131 i\u00e7erisinde. Ge\u00e7mi\u015fi M.\u00d6 3500\u2019lere dayan\u0131yor. Ana Tanr\u0131\u00e7a, \u015fehir ilkbahara girerken, b\u00fcy\u00fck tap\u0131na\u011f\u0131 ziyarete gelenlerle birlikte diz \u00e7\u00f6kerek ve kollar\u0131n\u0131 a\u00e7arak Arayit Da\u011f\u0131 arkas\u0131ndan sabah\u0131n ilk \u0131\u015f\u0131klar\u0131n\u0131 beklermi\u015f. \u0130lkbaharda bitkilerin yeni ba\u015ftan canlan\u0131\u015f\u0131 kutlan\u0131r ve vah\u015fi musikinin k\u0131\u015fk\u0131rt\u0131c\u0131 ezgileri duyulurmu\u015f.<\/p>\n<p>Pessinus\u2019u ortaya \u00e7\u0131karmak i\u00e7in ilk kaz\u0131 \u00e7al\u0131\u015fmalar\u0131 1967 y\u0131l\u0131nda yap\u0131lmaya ba\u015fland\u0131. \u00c7al\u0131\u015fmalar\u0131 Bel\u00e7ika\u2019dan Gant \u00dcniversitesi y\u00fcr\u00fct\u00fcyor. Mabet, tiyatro, \u00e7ar\u015f\u0131, nemropol, mermer su kanallar\u0131 ve bir k\u0131s\u0131m bina temelleri ortaya \u00e7\u0131kar\u0131lm\u0131\u015f. Helenistik ve Roma \u00e7a\u011f\u0131na ait olan bu yap\u0131lardan yaln\u0131zca mabet kal\u0131nt\u0131lar\u0131 Frig uygarl\u0131\u011f\u0131na kadar uzan\u0131yor.<\/p>\n<p>Eti ve Frig uygarl\u0131klar\u0131n yan\u0131 s\u0131ra Roma, Bizans ve Anadolu Sel\u00e7uklu gibi \u00f6nemli uygarl\u0131klara da ev sahipli\u011fi yapan Sivrihisar\u2019da, bu d\u00f6nemlere ait kal\u0131nt\u0131lar da var.<\/p>\n<p><strong>67 A\u011fa\u00e7 S\u00fctunlu Ulu Cami<\/strong><br \/>\n\u0130l\u00e7edeki en \u00f6nemli eserlerden biri, \u015fehir merkezindeki Ulu Cami. 1275 y\u0131l\u0131nda Mevlana\u2019n\u0131n m\u00fcritlerinden Eminiddin-i Mikail taraf\u0131ndan yapt\u0131r\u0131lan yap\u0131, Anadolu\u2019nun en b\u00fcy\u00fck ah\u015fap direkli camilerinden. \u00c7at\u0131s\u0131n\u0131 67 adet a\u011fa\u00e7 s\u00fctun tutuyor. \u00c7e\u015fitli geometrik \u015fekillerin ahenkli bir birle\u015fiminden olu\u015fan minberi ise \u015faheser sanat eseri olarak nitelendiriliyor.<\/p>\n<p>Ulu Cami\u2019nin kuzeyine d\u00fc\u015fen ve 1327 \u2013 1328 y\u0131llar\u0131 aras\u0131nda Melik \u015eah taraf\u0131ndan, karde\u015fi Sultan \u015eah i\u00e7in yapt\u0131r\u0131lan Alem\u015fah K\u00fcmbeti, Anadolu Sel\u00e7uklular\u0131\u2019ndan Necibiddin Mustafa\u2019n\u0131n kar\u0131s\u0131 ad\u0131na yapt\u0131rd\u0131\u011f\u0131 Ho\u015fkadem Camii ve 1492 y\u0131l\u0131nda \u015eeyh Baba Yusuf taraf\u0131ndan yapt\u0131r\u0131lan Kur\u015funlu Camii \u015fehrin di\u011fer \u00f6nemli tarihi eserleri.<\/p>\n<p><strong>Nasreddin Hoca\u2019n\u0131n Do\u011fdu\u011fu \u015eehir<\/strong><br \/>\nSivrihisar \u015fehirle b\u00fct\u00fcnle\u015fmi\u015f ve il\u00e7enin medar-\u0131 iftihar\u0131 olan Nasreddin Hoca\u2019n\u0131n da do\u011fum yeri. T\u00fcrk halk mizah\u0131n\u0131n b\u00fcy\u00fck filozofu Nasreddin Hoca, 1208\u2019de Sivrihisar\u2019\u0131n Hortu K\u00f6y\u00fc\u2019nde do\u011fdu. Mahallenin ad\u0131 1999\u2019da Nasreddin Hoca olarak de\u011fi\u015ftirildi. Hoca\u2019n\u0131n evi h\u00e2len burada varl\u0131\u011f\u0131n\u0131 s\u00fcrd\u00fcr\u00fcyor. \u0130ki katl\u0131 ev, belediyeden anahtar\u0131 al\u0131narak gezilebiliniyor. Hortu K\u00f6y\u00fc Sivrihisar\u2019a 26 kilometre uzakl\u0131kta.<\/p>\n<p>Mahallede, K\u00fclt\u00fcr ve Turizm Bakanl\u0131\u011f\u0131 taraf\u0131ndan bir de temsili Nasreddin Hoca evi yapt\u0131r\u0131lm\u0131\u015f. Bu ev de halka a\u00e7\u0131k.<\/p>\n<p>Hoca\u2019n\u0131n do\u011fdu\u011fu evin Sivrihisar\u2019da, t\u00fcrbesinin ise Ak\u015fehir\u2019de bulunmas\u0131 iki il\u00e7e aras\u0131nda, Hoca\u2019y\u0131 sahiplenme y\u00f6n\u00fcnde, s\u00fcrekli bir tart\u0131\u015fma ve gerginlik konusu olmu\u015f. Sivrihisar Belediye Ba\u015fkan\u0131 Ya\u015far Yurtda\u015f, \u015fair Arif Nihat Asya\u2019n\u0131n \u015fu dizeleri ile aradaki buzlar\u0131 eritmek istedi\u011fini s\u00f6yl\u00fcyor: \u2018Bir be\u015fik kalm\u0131\u015f Sivrihisar\u2019da. Ak\u015fehir\u2019de bir mezar. Sayesinde akraba olmu\u015flar Ak\u015fehir\u2019le Sivrihisar.\u2019<\/p>\n<p><strong>Anadolu\u2019daki \u0130lk Bakanlar Kurulu<\/strong><br \/>\nBakanlar Kurulu Anadolu\u2019da ilk kez Sivrihisar Zaima\u011fa Kona\u011f\u0131\u2019nda, Atat\u00fcrk\u2019\u00fcn kat\u0131l\u0131m\u0131yla toplanm\u0131\u015f. Konak, \u015fehrin merkezinde yer al\u0131yor. Restorasyon i\u00e7in K\u00fclt\u00fcr ve Turizm Bakanl\u0131\u011f\u0131 \u00e7al\u0131\u015fmalara ba\u015flam\u0131\u015f .Sivrihisar\u2019da tarihi yap\u0131lar\u0131n b\u00fcy\u00fck b\u00f6l\u00fcm\u00fc \u015fehir merkezi etraf\u0131nda yapm\u0131\u015ft\u0131r.\u00c7ok fazla efor sarfetmeden hepsini gezip g\u00f6rebilmek m\u00fcmk\u00fcn. E\u011fer gelmi\u015fken biraz da spor yapal\u0131m diyorsan\u0131z, il\u00e7enin sivri kayal\u0131klar\u0131 t\u0131rmanmak i\u00e7in ideal. Kayal\u0131klar \u00fczerindeki Kayasaat\u2019e t\u0131rmanarak buradan b\u00f6lgeye ku\u015fbak\u0131\u015f\u0131 bakabilirsiniz.<\/p>\n<p><strong>Ula\u015f\u0131m<\/strong><br \/>\nAnkara, \u0130zmir ve Eski\u015fehir yollar\u0131n\u0131n kesi\u015fme noktas\u0131 olan Sivrihisar; Afyonkarahisar\u2019a 120, Eski\u015fehir\u2019e 100, Ankara\u2019ya 135, \u0130stanbul\u2019a 427, \u0130zmir\u2019e 448, Bursa\u2019ya 250, \u00c7anakkale\u2019ye ise 520 kilometre uzakl\u0131kta. \u0130l\u00e7enin kendisine ait Sivrihisar birlik otob\u00fcsleri bulunmaktad\u0131r. Fakat yol \u00fczerinde bulundu\u011fu i\u00e7in Ankara\u2019dan ve Eski\u015fehir\u2019den kalkan \u015fehirleraras\u0131 otob\u00fcslerle Sivrihisar\u2019a gidilebilir.<\/p>\n<p>Bursa-Ankara karayolu il\u00e7eden ge\u00e7mektedir. Ayr\u0131ca Ankara\u2019dan kalk\u0131p \u0130zmir, Afyonkarahisar, K\u00fctahya, Eski\u015fehir, Bursa, Bal\u0131kesir, \u00c7anakkale gibi illere giden otob\u00fcsler Sivrihisar\u2019dan ge\u00e7mektedir.<\/p>\n<p><strong>Yemekleri<\/strong><br \/>\nGeleneksel yiyeceklerinin ba\u015f\u0131nda, araba\u015f\u0131 gelir. Un, tuz ve suyla yap\u0131lan ve tepsilere d\u00f6k\u00fcl\u00fcp so\u011fuduktan sonra dilimlenen hamuru vard\u0131r.Ya\u011fl\u0131 tavuk ya da horoz suyu kaynat\u0131larak i\u00e7ine limon, tuz, kurutulmu\u015f biberle haz\u0131rlanan araba\u015f\u0131 suyu vard\u0131r. Hamur dilimleri tahta ka\u015f\u0131kla kaynar tavuk suyuna dald\u0131r\u0131l\u0131r ve yutulur. Hamuru suya ka\u00e7\u0131ran helva al\u0131r. Ayr\u0131ca buran\u0131n bir de \u201cBazlama\u201d denilen ekme\u011fi me\u015fhurdur, bazlaman\u0131n pidesi de yap\u0131l\u0131r. Sivrihisar\u2019\u0131n ayn\u0131 zamanda bamya \u00e7orbas\u0131, kelem (lahana) dolmas\u0131 ve un helvas\u0131 me\u015fhurdur. Bunun yan\u0131nda me\u015fhur bulgur pilav\u0131n\u0131 ve yaprak sarmas\u0131n\u0131 da unutmamak gerekir. Yaprak sarmas\u0131 ve kelem dolmas\u0131 \u201cdene\u201d ile yap\u0131lmaktad\u0131r. Dene:Bulgurun \u00e7ok daha incesi. Ayr\u0131ca p\u0131rasa dolmas\u0131, limonla birlikte servis edilirse m\u00fckemmel olur.Ama o da Kepen\u2019in p\u0131rasas\u0131yla olunca harikad\u0131r. Bir de Ko\u00e7a\u015f mahallesinin patl\u0131can\u0131n\u0131 da unutmamak gerekir.[\/vc_column_text][\/vc_column][\/vc_row]<\/p>\n<\/section>","protected":false},"excerpt":{"rendered":"<p>[vc_row][vc_column][vc_column_text]Sivrihisar, Eski\u015fehir\u2018in en b\u00fcy\u00fck il\u00e7esidir. Nasreddin Hoca, Yunus Emre, Aziz Mahmut H\u00fcdai, H\u0131z\u0131r Bey gibi \u00e7ok \u00f6nemli T\u00fcrk b\u00fcy\u00fcklerinin bu il\u00e7eden \u00e7\u0131kt\u0131\u011f\u0131 iddia edilmektedir. Ankara\u2018ya 120 kilometre Eski\u015fehir\u2018e 90 kilometre uzakl\u0131ktad\u0131r. 1926\u2019dan \u00f6nce Ankara\u2019ya ba\u011fl\u0131 bir il\u00e7eydi. Sivrihisar 1289 tarihinde<\/p>\n","protected":false},"author":1,"featured_media":0,"parent":0,"menu_order":0,"comment_status":"closed","ping_status":"closed","template":"","meta":{"_bbp_topic_count":0,"_bbp_reply_count":0,"_bbp_total_topic_count":0,"_bbp_total_reply_count":0,"_bbp_voice_count":0,"_bbp_anonymous_reply_count":0,"_bbp_topic_count_hidden":0,"_bbp_reply_count_hidden":0,"_bbp_forum_subforum_count":0,"footnotes":""},"class_list":["post-4516","page","type-page","status-publish","hentry"],"_links":{"self":[{"href":"https:\/\/sivrihisar.org.tr\/index.php\/wp-json\/wp\/v2\/pages\/4516","targetHints":{"allow":["GET"]}}],"collection":[{"href":"https:\/\/sivrihisar.org.tr\/index.php\/wp-json\/wp\/v2\/pages"}],"about":[{"href":"https:\/\/sivrihisar.org.tr\/index.php\/wp-json\/wp\/v2\/types\/page"}],"author":[{"embeddable":true,"href":"https:\/\/sivrihisar.org.tr\/index.php\/wp-json\/wp\/v2\/users\/1"}],"replies":[{"embeddable":true,"href":"https:\/\/sivrihisar.org.tr\/index.php\/wp-json\/wp\/v2\/comments?post=4516"}],"version-history":[{"count":1,"href":"https:\/\/sivrihisar.org.tr\/index.php\/wp-json\/wp\/v2\/pages\/4516\/revisions"}],"predecessor-version":[{"id":4517,"href":"https:\/\/sivrihisar.org.tr\/index.php\/wp-json\/wp\/v2\/pages\/4516\/revisions\/4517"}],"wp:attachment":[{"href":"https:\/\/sivrihisar.org.tr\/index.php\/wp-json\/wp\/v2\/media?parent=4516"}],"curies":[{"name":"wp","href":"https:\/\/api.w.org\/{rel}","templated":true}]}}