{"id":4519,"date":"2026-04-20T06:35:30","date_gmt":"2026-04-20T06:35:30","guid":{"rendered":"https:\/\/sivrihisar.org.tr\/?page_id=4519"},"modified":"2026-04-20T06:35:30","modified_gmt":"2026-04-20T06:35:30","slug":"baskanlarimiz","status":"publish","type":"page","link":"https:\/\/sivrihisar.org.tr\/index.php\/baskanlarimiz\/","title":{"rendered":"Ba\u015fkanlar\u0131m\u0131z"},"content":{"rendered":"<section class=\"wpb-content-wrapper\"><p>[vc_row][vc_column]<div class=\"mkdf-blog-list-holder mkdf-bl-standard mkdf-bl-three-columns mkdf-bl-normal-space mkdf-bl-pag-no-pagination\"  data-type=standard data-number-of-posts=-1 data-number-of-columns=3 data-space-between-columns=normal data-category=yonetim data-order-by=date data-order=ASC data-image-size=full data-title-tag=h3 data-excerpt-length=30 data-post-info-section=yes data-post-info-image=yes data-post-info-author=no data-post-info-date=no data-post-info-category=no data-post-info-comments=no data-post-info-like=no data-post-info-share=no data-pagination-type=no-pagination data-max-num-pages=0 data-next-page=2>\n\t<div class=\"mkdf-bl-wrapper\">\n\t\t<ul class=\"mkdf-blog-list\">\n\t\t\t<li class=\"mkdf-bl-item clearfix\">\n\t<div class=\"mkdf-bli-inner\">\n\t\t\n\t<div class=\"mkdf-post-image\">\n        \t\t    <a itemprop=\"url\" href=\"https:\/\/sivrihisar.org.tr\/index.php\/2026\/04\/14\/huseyin-atilla-samdan\/\" title=\"H\u00fcseyin Atilla \u015eamdan\">\n                            <img loading=\"lazy\" decoding=\"async\" width=\"221\" height=\"300\" src=\"https:\/\/sivrihisar.org.tr\/wp-content\/uploads\/2026\/04\/huseyin-atilla-samdan-221x300-1.jpg\" class=\"attachment-full size-full wp-post-image\" alt=\"\" \/>                \t\t    <\/a>\n        \t<\/div>\n        <div class=\"mkdf-bli-content\">\n                            <div class=\"mkdf-bli-info\">\n\t                                <\/div>\n            \t\n\t        \n<h3 itemprop=\"name\" class=\"entry-title mkdf-post-title\" >\n            <a itemprop=\"url\" href=\"https:\/\/sivrihisar.org.tr\/index.php\/2026\/04\/14\/huseyin-atilla-samdan\/\" title=\"H\u00fcseyin Atilla \u015eamdan\">\n            H\u00fcseyin Atilla \u015eamdan            <\/a>\n    <\/h3>\t\n\t        <div class=\"mkdf-bli-excerpt\">\n\t\t        \t\t<div class=\"mkdf-post-excerpt-holder\">\n\t\t\t<p itemprop=\"description\" class=\"mkdf-post-excerpt\">\n\t\t\t\tOnursal-Kurucu Ba\u015fkan\u0131m\u0131z\t\t\t<\/p>\n\t\t<\/div>\n\t\t        <\/div>\n            <div class=\"mkdf-bli-info mkdf-bli-info-bottom\">\n                            <\/div>\n        <\/div>\n\t<\/div>\n<\/li><li class=\"mkdf-bl-item clearfix\">\n\t<div class=\"mkdf-bli-inner\">\n\t\t\n\t<div class=\"mkdf-post-image\">\n        \t\t    <a itemprop=\"url\" href=\"https:\/\/sivrihisar.org.tr\/index.php\/2026\/04\/14\/mehmet-erkan-besler\/\" title=\"Mehmet \u0130nci\">\n                            <img loading=\"lazy\" decoding=\"async\" width=\"255\" height=\"300\" src=\"https:\/\/sivrihisar.org.tr\/wp-content\/uploads\/2026\/04\/Mehmet-inci-255x300-1.jpg\" class=\"attachment-full size-full wp-post-image\" alt=\"\" \/>                \t\t    <\/a>\n        \t<\/div>\n        <div class=\"mkdf-bli-content\">\n                            <div class=\"mkdf-bli-info\">\n\t                                <\/div>\n            \t\n\t        \n<h3 itemprop=\"name\" class=\"entry-title mkdf-post-title\" >\n            <a itemprop=\"url\" href=\"https:\/\/sivrihisar.org.tr\/index.php\/2026\/04\/14\/mehmet-erkan-besler\/\" title=\"Mehmet \u0130nci\">\n            Mehmet \u0130nci            <\/a>\n    <\/h3>\t\n\t        <div class=\"mkdf-bli-excerpt\">\n\t\t        \t\t<div class=\"mkdf-post-excerpt-holder\">\n\t\t\t<p itemprop=\"description\" class=\"mkdf-post-excerpt\">\n\t\t\t\tVakf\u0131m\u0131z\u0131n \u0130kinci Ba\u015fkan\u0131\t\t\t<\/p>\n\t\t<\/div>\n\t\t        <\/div>\n            <div class=\"mkdf-bli-info mkdf-bli-info-bottom\">\n                            <\/div>\n        <\/div>\n\t<\/div>\n<\/li><li class=\"mkdf-bl-item clearfix\">\n\t<div class=\"mkdf-bli-inner\">\n\t\t\n\t<div class=\"mkdf-post-image\">\n        \t\t    <a itemprop=\"url\" href=\"https:\/\/sivrihisar.org.tr\/index.php\/2026\/04\/14\/yavuz-besler\/\" title=\"Yavuz Besler\">\n                            <img loading=\"lazy\" decoding=\"async\" width=\"251\" height=\"300\" src=\"https:\/\/sivrihisar.org.tr\/wp-content\/uploads\/2026\/04\/Yavuz-Besler-251x300-1.jpg\" class=\"attachment-full size-full wp-post-image\" alt=\"\" \/>                \t\t    <\/a>\n        \t<\/div>\n        <div class=\"mkdf-bli-content\">\n                            <div class=\"mkdf-bli-info\">\n\t                                <\/div>\n            \t\n\t        \n<h3 itemprop=\"name\" class=\"entry-title mkdf-post-title\" >\n            <a itemprop=\"url\" href=\"https:\/\/sivrihisar.org.tr\/index.php\/2026\/04\/14\/yavuz-besler\/\" title=\"Yavuz Besler\">\n            Yavuz Besler            <\/a>\n    <\/h3>\t\n\t        <div class=\"mkdf-bli-excerpt\">\n\t\t        \t\t<div class=\"mkdf-post-excerpt-holder\">\n\t\t\t<p itemprop=\"description\" class=\"mkdf-post-excerpt\">\n\t\t\t\tVakf\u0131m\u0131z\u0131n \u00dc\u00e7\u00fcnc\u00fc Ba\u015fkan\u0131\t\t\t<\/p>\n\t\t<\/div>\n\t\t        <\/div>\n            <div class=\"mkdf-bli-info mkdf-bli-info-bottom\">\n                            <\/div>\n        <\/div>\n\t<\/div>\n<\/li><li class=\"mkdf-bl-item clearfix\">\n\t<div class=\"mkdf-bli-inner\">\n\t\t\n\t<div class=\"mkdf-post-image\">\n        \t\t    <a itemprop=\"url\" href=\"https:\/\/sivrihisar.org.tr\/index.php\/2026\/04\/14\/mehmet-erkan-besler-2\/\" title=\"Mehmet Erkan Besler\">\n                            <img loading=\"lazy\" decoding=\"async\" width=\"227\" height=\"300\" src=\"https:\/\/sivrihisar.org.tr\/wp-content\/uploads\/2026\/04\/Mehmet-Erkan-Besler-1-227x300-1.jpg\" class=\"attachment-full size-full wp-post-image\" alt=\"\" \/>                \t\t    <\/a>\n        \t<\/div>\n        <div class=\"mkdf-bli-content\">\n                            <div class=\"mkdf-bli-info\">\n\t                                <\/div>\n            \t\n\t        \n<h3 itemprop=\"name\" class=\"entry-title mkdf-post-title\" >\n            <a itemprop=\"url\" href=\"https:\/\/sivrihisar.org.tr\/index.php\/2026\/04\/14\/mehmet-erkan-besler-2\/\" title=\"Mehmet Erkan Besler\">\n            Mehmet Erkan Besler            <\/a>\n    <\/h3>\t\n\t        <div class=\"mkdf-bli-excerpt\">\n\t\t        \t\t<div class=\"mkdf-post-excerpt-holder\">\n\t\t\t<p itemprop=\"description\" class=\"mkdf-post-excerpt\">\n\t\t\t\tVakf\u0131m\u0131z\u0131n D\u00f6rd\u00fcnc\u00fc Ba\u015fkan\u0131\t\t\t<\/p>\n\t\t<\/div>\n\t\t        <\/div>\n            <div class=\"mkdf-bli-info mkdf-bli-info-bottom\">\n                            <\/div>\n        <\/div>\n\t<\/div>\n<\/li><li class=\"mkdf-bl-item clearfix\">\n\t<div class=\"mkdf-bli-inner\">\n\t\t\n\t<div class=\"mkdf-post-image\">\n        \t\t    <a itemprop=\"url\" href=\"https:\/\/sivrihisar.org.tr\/index.php\/2026\/04\/14\/naci-sakar\/\" title=\"Naci \u015eakar\">\n                            <img loading=\"lazy\" decoding=\"async\" width=\"240\" height=\"300\" src=\"https:\/\/sivrihisar.org.tr\/wp-content\/uploads\/2026\/04\/Naci-sakar-1-240x300-1.jpg\" class=\"attachment-full size-full wp-post-image\" alt=\"\" \/>                \t\t    <\/a>\n        \t<\/div>\n        <div class=\"mkdf-bli-content\">\n                            <div class=\"mkdf-bli-info\">\n\t                                <\/div>\n            \t\n\t        \n<h3 itemprop=\"name\" class=\"entry-title mkdf-post-title\" >\n            <a itemprop=\"url\" href=\"https:\/\/sivrihisar.org.tr\/index.php\/2026\/04\/14\/naci-sakar\/\" title=\"Naci \u015eakar\">\n            Naci \u015eakar            <\/a>\n    <\/h3>\t\n\t        <div class=\"mkdf-bli-excerpt\">\n\t\t        \t\t<div class=\"mkdf-post-excerpt-holder\">\n\t\t\t<p itemprop=\"description\" class=\"mkdf-post-excerpt\">\n\t\t\t\tVakf\u0131m\u0131z\u0131n Be\u015finci Ba\u015fkan\u0131\t\t\t<\/p>\n\t\t<\/div>\n\t\t        <\/div>\n            <div class=\"mkdf-bli-info mkdf-bli-info-bottom\">\n                            <\/div>\n        <\/div>\n\t<\/div>\n<\/li><li class=\"mkdf-bl-item clearfix\">\n\t<div class=\"mkdf-bli-inner\">\n\t\t\n\t<div class=\"mkdf-post-image\">\n        \t\t    <a itemprop=\"url\" href=\"https:\/\/sivrihisar.org.tr\/index.php\/2026\/04\/14\/bekir-kalir\/\" title=\"Bekir Kal\u0131r\">\n                            <img loading=\"lazy\" decoding=\"async\" width=\"300\" height=\"281\" src=\"https:\/\/sivrihisar.org.tr\/wp-content\/uploads\/2026\/04\/bekir-kalir-300x281-1.jpg\" class=\"attachment-full size-full wp-post-image\" alt=\"\" \/>                \t\t    <\/a>\n        \t<\/div>\n        <div class=\"mkdf-bli-content\">\n                            <div class=\"mkdf-bli-info\">\n\t                                <\/div>\n            \t\n\t        \n<h3 itemprop=\"name\" class=\"entry-title mkdf-post-title\" >\n            <a itemprop=\"url\" href=\"https:\/\/sivrihisar.org.tr\/index.php\/2026\/04\/14\/bekir-kalir\/\" title=\"Bekir Kal\u0131r\">\n            Bekir Kal\u0131r            <\/a>\n    <\/h3>\t\n\t        <div class=\"mkdf-bli-excerpt\">\n\t\t        \t\t<div class=\"mkdf-post-excerpt-holder\">\n\t\t\t<p itemprop=\"description\" class=\"mkdf-post-excerpt\">\n\t\t\t\tMevcut Ba\u015fkan - 2026\t\t\t<\/p>\n\t\t<\/div>\n\t\t        <\/div>\n            <div class=\"mkdf-bli-info mkdf-bli-info-bottom\">\n                            <\/div>\n        <\/div>\n\t<\/div>\n<\/li>\t\t<\/ul>\n\t<\/div>\n\t<\/div>[\/vc_column][\/vc_row]<\/p>\n<\/section>","protected":false},"excerpt":{"rendered":"<p>[vc_row][vc_column][\/vc_column][\/vc_row]<\/p>\n","protected":false},"author":1,"featured_media":0,"parent":0,"menu_order":0,"comment_status":"closed","ping_status":"closed","template":"","meta":{"_bbp_topic_count":0,"_bbp_reply_count":0,"_bbp_total_topic_count":0,"_bbp_total_reply_count":0,"_bbp_voice_count":0,"_bbp_anonymous_reply_count":0,"_bbp_topic_count_hidden":0,"_bbp_reply_count_hidden":0,"_bbp_forum_subforum_count":0,"footnotes":""},"class_list":["post-4519","page","type-page","status-publish","hentry"],"_links":{"self":[{"href":"https:\/\/sivrihisar.org.tr\/index.php\/wp-json\/wp\/v2\/pages\/4519","targetHints":{"allow":["GET"]}}],"collection":[{"href":"https:\/\/sivrihisar.org.tr\/index.php\/wp-json\/wp\/v2\/pages"}],"about":[{"href":"https:\/\/sivrihisar.org.tr\/index.php\/wp-json\/wp\/v2\/types\/page"}],"author":[{"embeddable":true,"href":"https:\/\/sivrihisar.org.tr\/index.php\/wp-json\/wp\/v2\/users\/1"}],"replies":[{"embeddable":true,"href":"https:\/\/sivrihisar.org.tr\/index.php\/wp-json\/wp\/v2\/comments?post=4519"}],"version-history":[{"count":3,"href":"https:\/\/sivrihisar.org.tr\/index.php\/wp-json\/wp\/v2\/pages\/4519\/revisions"}],"predecessor-version":[{"id":4522,"href":"https:\/\/sivrihisar.org.tr\/index.php\/wp-json\/wp\/v2\/pages\/4519\/revisions\/4522"}],"wp:attachment":[{"href":"https:\/\/sivrihisar.org.tr\/index.php\/wp-json\/wp\/v2\/media?parent=4519"}],"curies":[{"name":"wp","href":"https:\/\/api.w.org\/{rel}","templated":true}]}}