{"id":4524,"date":"2026-04-20T06:41:38","date_gmt":"2026-04-20T06:41:38","guid":{"rendered":"https:\/\/sivrihisar.org.tr\/?page_id=4524"},"modified":"2026-04-20T07:22:06","modified_gmt":"2026-04-20T07:22:06","slug":"yonetim-kurulu","status":"publish","type":"page","link":"https:\/\/sivrihisar.org.tr\/index.php\/yonetim-kurulu\/","title":{"rendered":"Y\u00f6netim Kurulu"},"content":{"rendered":"<section class=\"wpb-content-wrapper\"><p>[vc_row][vc_column]<div class=\"mkdf-section-title-holder  mkdf-st-standard mkdf-st-title-left mkdf-st-normal-space \" style=\"text-align: center\">\n\t<div class=\"mkdf-st-inner\">\n\t\t\t\t\t<h2 class=\"mkdf-st-title\" >\n\t\t\t\tBa\u015fkan\t\t\t<\/h2>\n\t\t\t\t\t<\/div>\n<\/div>[vc_column_text]<\/p>\n<p style=\"text-align: center;\"><img loading=\"lazy\" decoding=\"async\" class=\"alignnone size-full wp-image-4411 aligncenter\" src=\"https:\/\/sivrihisar.org.tr\/wp-content\/uploads\/2026\/04\/bekir-kalir-300x281-1.jpg\" alt=\"\" width=\"300\" height=\"281\" \/><br \/>\n<strong>Bekir KALIR<\/strong><br \/>\n<strong>Y\u00f6netim Kurulu Ba\u015fkan\u0131<\/strong><\/p>\n<p style=\"text-align: center;\">1966 Sivrihisar do\u011fumludur. 1983 y\u0131l\u0131nda Sivrihisar End\u00fcstri Meslek Lisesi mezuniyetinden sonra Anadolu \u00dcniversitesi K\u00fctahya iktisadi ve idari bilimler fak\u00fcltesi i\u015fletme b\u00f6l\u00fcm\u00fcnden mezun oldu. 31 y\u0131l \u00f6zel bankalarda \u00e7al\u0131\u015ft\u0131ktan sonra 31.10.2020 tarihinde emekli oldu.25 y\u0131l \u015fube m\u00fcd\u00fcrl\u00fc\u011f\u00fc yapt\u0131. Mesle\u011fine Eski\u015fehir de ba\u015flad\u0131 S\u0131ras\u0131yla Manavgat, Bodrum, Antalya, Bilecik ve Afyonkarahisar illerinde \u00e7al\u0131\u015ft\u0131. Evli ve iki k\u0131z evlad\u0131 vard\u0131r..<\/p>\n<p>[\/vc_column_text]<div class=\"mkdf-section-title-holder  mkdf-st-standard mkdf-st-title-left mkdf-st-normal-space \" style=\"text-align: center\">\n\t<div class=\"mkdf-st-inner\">\n\t\t\t\t\t<h2 class=\"mkdf-st-title\" >\n\t\t\t\tY\u00f6netim Kurulu \u00dcyeleri\t\t\t<\/h2>\n\t\t\t\t\t<\/div>\n<\/div>[\/vc_column][\/vc_row][vc_row][vc_column width=&#8221;1\/2&#8243;][vc_column_text]<img loading=\"lazy\" decoding=\"async\" class=\"alignnone size-full wp-image-4422 aligncenter\" src=\"https:\/\/sivrihisar.org.tr\/wp-content\/uploads\/2017\/06\/sezgin-demir-256x300-1.jpg\" alt=\"\" width=\"256\" height=\"300\" \/><\/p>\n<p style=\"text-align: center;\"><strong>Sezgin DEM\u0130R<\/strong><br \/>\n<strong>Ba\u015fkan Yard\u0131mc\u0131s\u0131<\/strong><\/p>\n<p style=\"text-align: center;\">1966 Eski\u015fehir\u2019de do\u011fdu. S\u0131ras\u0131yla, Adalet ilkokulu, Cumhuriyet ortaokulu, Ticaret lisesi ve Anadolu \u00fcniversitesi iktisadi ve idari bilimler fak\u00fcltesi i\u015fletme b\u00f6l\u00fcm\u00fcnden mezun oldu. 1990 y\u0131l\u0131ndan beri ticaret hayat\u0131n\u0131 s\u00fcrd\u00fcrmektedir. Evli biri o\u011flan, biri k\u0131z iki \u00e7ocuk babas\u0131d\u0131r.<\/p>\n<p>[\/vc_column_text][\/vc_column][vc_column width=&#8221;1\/2&#8243;][vc_column_text]<img loading=\"lazy\" decoding=\"async\" class=\"alignnone size-full wp-image-4542 aligncenter\" src=\"https:\/\/sivrihisar.org.tr\/wp-content\/uploads\/2026\/04\/mustafa-kara-254x300-1.jpg\" alt=\"\" width=\"254\" height=\"300\" \/><\/p>\n<p style=\"text-align: center;\"><strong>Mustafa KARA<\/strong><br \/>\n<strong>Murahhas \u00dcye<\/strong><\/p>\n<p style=\"text-align: center;\">1966 Sivrihisar do\u011fumluyum. \u0130lk, orta ve lise tahsilimi Sivrihisar\u2019da yapt\u0131m. 2000 y\u0131l\u0131 Anadolu \u00dcniversitesi \u0130\u015fletme Fak\u00fcltesi mezunuyum. \u00c7e\u015fitli sivil toplum \u00f6rg\u00fctlerinde g\u00f6rev ald\u0131m. \u0130\u015f adam\u0131 evli ve iki evlat sahibiyim.<\/p>\n<p>[\/vc_column_text][\/vc_column][\/vc_row][vc_row][vc_column width=&#8221;1\/2&#8243;][vc_column_text]<img loading=\"lazy\" decoding=\"async\" class=\"alignnone size-full wp-image-4544 aligncenter\" src=\"https:\/\/sivrihisar.org.tr\/wp-content\/uploads\/2026\/04\/ali-inci.jpg\" alt=\"\" width=\"266\" height=\"300\" \/><\/p>\n<p style=\"text-align: center;\"><strong>Emekli Alb. Ali \u0130NC\u0130<\/strong><br \/>\n<strong>Y\u00f6netim Kurulu \u00dcyesi<\/strong><\/p>\n<p style=\"text-align: center;\">1968 y\u0131l\u0131nda Sovrihisarda do\u011fdu.. 1985 y\u0131l\u0131nda Sivrihisar Lisesinden mezun oldu.. Ayn\u0131 y\u0131l Hava Harp Okulunda e\u011fitimine ba\u015flad\u0131. 1989 y\u0131l\u0131nda te\u011fmen r\u00fctbesi ile mezun oldu. Hava Kuvvetlerinin muhtelif k\u0131ta ve karargahlar\u0131nda g\u00f6rev ald\u0131.. 2023 y\u0131l\u0131 Askeri \u015eura Kararlar\u0131 kapsam\u0131nda 34 y\u0131l hizmet sonras\u0131 Albay r\u00fctbesinde emeklili\u011fe sevk edildi.<\/p>\n<p>[\/vc_column_text][\/vc_column][vc_column width=&#8221;1\/2&#8243;][vc_column_text]<img loading=\"lazy\" decoding=\"async\" class=\"alignnone size-full wp-image-4545 aligncenter\" src=\"https:\/\/sivrihisar.org.tr\/wp-content\/uploads\/2026\/04\/yavuz-ayva-1-278x300-1.jpg\" alt=\"\" width=\"278\" height=\"300\" \/><\/p>\n<p style=\"text-align: center;\"><strong>Yavuz AYVA<\/strong><br \/>\n<strong>Y\u00f6netim Kurulu \u00dcyesi<\/strong><\/p>\n<p style=\"text-align: center;\">Yavuz Ayva 1970 y\u0131l\u0131 Eski\u015fehir ili Sivrihisar il\u00e7esi do\u011fumlu. Baba ad\u0131 Hulusi Anne Ad\u0131 Ay\u015fe birbirini \u00e7ok seven \u00c7\u0130FT\u00c7\u0130 aile 1980 y\u0131l\u0131nda elim bir trafik kazas\u0131nda birlikte vefat etti. \u0130lkokul ve ortaokulu Sivrihisar da okudu. Teknik liseyi okumak i\u00e7in 1985 y\u0131l\u0131nda Eski\u015fehir\u2019 e geldi. 1989 y\u0131l\u0131nda Dokuz Eyl\u00fcl \u00dcniversitesi Makine b\u00f6l\u00fcm\u00fcn\u00fc kazand\u0131, fakat imkans\u0131zl\u0131ktan dolay\u0131 kay\u0131t dondurmak zorunda kald\u0131. \u0130\u015f hayat\u0131nda kendisini geli\u015ftirmek i\u00e7in \u00e7e\u015fitli aktivitelerde bulundu.<\/p>\n<p>[\/vc_column_text][\/vc_column][\/vc_row][vc_row][vc_column width=&#8221;1\/2&#8243;][vc_column_text]<\/p>\n<p style=\"text-align: center;\"><img loading=\"lazy\" decoding=\"async\" class=\"alignnone size-full wp-image-4547 aligncenter\" src=\"https:\/\/sivrihisar.org.tr\/wp-content\/uploads\/2026\/04\/pinar-baris-ozkaptan-289x300-1.jpg\" alt=\"\" width=\"289\" height=\"300\" \/><br \/>\n<strong>P\u0131nar BARI\u015e<\/strong><br \/>\n<strong>Y\u00f6netim Kurulu \u00dcyesi<\/strong><br \/>\n1979 y\u0131l\u0131nda Sivrihisarl\u0131 bir anne ve baban\u0131n \u00e7ocu\u011fu olarak d\u00fcnyaya geldim. \u0130lk \u00f6\u011fretimi Murat At\u0131lgan ilkokulunda, orta ve lise \u00f6\u011fretimimi Eski\u015fehir Anadolu Lisesinde tamamlad\u0131m. \u00dcniversiteyi Uluda\u011f \u00dcniversitesi \u0130\u015fletme B\u00f6l\u00fcm\u00fcnde y\u00f6netim ve organizasyon dal\u0131nda y\u00fcksek lisans mezunu olarak bitirdim. Bursa\u2019da k\u0131sa s\u00fcreli bir i\u015f deneyiminden sonra, 2003 y\u0131l\u0131nda aile \u015firketimiz Bar\u0131\u015f Kazan\u2019da sat\u0131n alma ve kalite sorumlusu olarak i\u015fe ba\u015flad\u0131m. Halen kendi i\u015fyerimizde fabrika m\u00fcd\u00fcr\u00fc olarak i\u015fe devam etmekteyim. 2 erkek \u00e7ocuk sahibiyim.<\/p>\n<p>[\/vc_column_text][\/vc_column][vc_column width=&#8221;1\/2&#8243;][vc_column_text]<img loading=\"lazy\" decoding=\"async\" class=\"alignnone size-full wp-image-4548 aligncenter\" src=\"https:\/\/sivrihisar.org.tr\/wp-content\/uploads\/2026\/04\/PHOTO-2024-12-10-10-26-45-225x300-1.jpg\" alt=\"\" width=\"225\" height=\"300\" \/><\/p>\n<p style=\"text-align: center;\"><strong>Av. \u0130brahim Eren AKG\u00d6ZL\u00dc<\/strong><br \/>\n<strong>Y\u00f6netim Kurulu \u00dcyesi<\/strong><\/p>\n<p style=\"text-align: center;\">1986 y\u0131l\u0131nda Eski\u015fehir\u2019de do\u011fdu. Orta okul ve lise e\u011fitimini Eski\u015fehir Anadolu Lisesi\u2019nde, \u00fcniversite e\u011fitimini Anadolu \u00dcniversitesi Hukuk Fak\u00fcltesi\u2019nde tamamlad\u0131. Askerli\u011fini Ege Ordusu Komutanl\u0131\u011f\u0131\u2019nda Askeri Savc\u0131 olarak yapt\u0131. 2010 y\u0131l\u0131nda avukatl\u0131k ruhsat\u0131n\u0131 alm\u0131\u015f olup, hali haz\u0131rda serbest avukatl\u0131k olarak \u00e7al\u0131\u015fmaktad\u0131r. Evli ve 1 erkek \u00e7ocu\u011fu babas\u0131d\u0131r.<\/p>\n<p>[\/vc_column_text][\/vc_column][\/vc_row][vc_row][vc_column]<div class=\"mkdf-section-title-holder  mkdf-st-standard mkdf-st-title-left mkdf-st-normal-space \" style=\"text-align: center\">\n\t<div class=\"mkdf-st-inner\">\n\t\t\t\t\t<h2 class=\"mkdf-st-title\" >\n\t\t\t\tDenetim Kurulu\t\t\t<\/h2>\n\t\t\t\t\t<\/div>\n<\/div>[\/vc_column][\/vc_row][vc_row][vc_column][vc_column_text]<img loading=\"lazy\" decoding=\"async\" class=\"alignnone size-full wp-image-4550 aligncenter\" src=\"https:\/\/sivrihisar.org.tr\/wp-content\/uploads\/2026\/04\/Niyazi-Koca-232x300-1.jpg\" alt=\"\" width=\"232\" height=\"300\" \/><\/p>\n<p style=\"text-align: center;\"><strong>Niyazi KOCA<\/strong><br \/>\n<strong>Ba\u015fkan<\/strong><\/p>\n<p style=\"text-align: center;\">10.11.1960 Sivrihisar do\u011fumluyum. \u0130lkokul + Ortaokul ve End\u00fcstri meslek lisesini Sivrihisar\u2019da okudum. Daha sonra Anadolu \u00dcniversitesi Sosyal Bilimler \u00d6n lisans mezunuyum. Evliyim 2 k\u0131z \u00e7ocu\u011fum olup Eski\u015fehir Merkezinde ikamet etmekteyim. \u00c7al\u0131\u015fma hayat\u0131m. Sivrihisar Belediyesi 4 y\u0131l Tapu ve Kadastro M\u00fcd\u00fcrl\u00fc\u011f\u00fc b\u00fcnyesinde. Kadastro m\u00fcd\u00fcrl\u00fckleri ve Tapu Sicil M\u00fcd\u00fcrl\u00fc\u011f\u00fc ve Eski\u015fehir Tapu ve Kadastro B\u00f6lge M\u00fcd\u00fcrl\u00fc\u011f\u00fc 2019<\/p>\n<p>[\/vc_column_text][\/vc_column][\/vc_row][vc_row][vc_column]<div class=\"mkdf-section-title-holder  mkdf-st-standard mkdf-st-title-left mkdf-st-normal-space \" style=\"text-align: center\">\n\t<div class=\"mkdf-st-inner\">\n\t\t\t\t\t<h2 class=\"mkdf-st-title\" >\n\t\t\t\tDenetim Kurulu \u00dcyeleri\t\t\t<\/h2>\n\t\t\t\t\t<\/div>\n<\/div>[\/vc_column][\/vc_row][vc_row][vc_column width=&#8221;1\/2&#8243;][vc_column_text]<img loading=\"lazy\" decoding=\"async\" class=\"alignnone size-full wp-image-4552 aligncenter\" src=\"https:\/\/sivrihisar.org.tr\/wp-content\/uploads\/2026\/04\/Mehmet-Emel-216x300-1.jpg\" alt=\"\" width=\"216\" height=\"300\" \/><\/p>\n<p style=\"text-align: center;\"><strong>Mehmet EMEL<\/strong><br \/>\n<strong>\u00dcye<\/strong><\/p>\n<p style=\"text-align: center;\">1963 Y\u0131l\u0131 Eski\u015fehir ili Sivrihisar il\u00e7esi do\u011fumluyum. \u0130lk, Orta, ve Meslek Lisesini Sivrihisar\u2019da okumu\u015ftur. 1986 KT\u00dc \u0130nsaat M\u00fchendisli\u011fi b\u00f6l\u00fcm\u00fcnden mezun olmu\u015ftur. Proje ve \u0130n\u015faat \u0130\u015flerinde hizmet vermektedir. Evli ve 2 \u00e7ocuk babas\u0131d\u0131r.<\/p>\n<p>[\/vc_column_text][\/vc_column][vc_column width=&#8221;1\/2&#8243;][vc_column_text]<img loading=\"lazy\" decoding=\"async\" class=\"alignnone size-full wp-image-4553 aligncenter\" src=\"https:\/\/sivrihisar.org.tr\/wp-content\/uploads\/2026\/04\/Adnan-Kapucu-263x300-1.jpg\" alt=\"\" width=\"263\" height=\"300\" \/><\/p>\n<p style=\"text-align: center;\"><strong>Adnan KAPUCU<\/strong><br \/>\n<strong>\u00dcye<\/strong><\/p>\n<p style=\"text-align: center;\">1962 y\u0131l\u0131nda Sivrihisar Akta\u015f K\u00f6y\u00fc\u2019nde d\u00fcnyaya geldim. \u0130lk, Orta ve Meslek Lisesi Torna \u2013 Tesviye b\u00f6l\u00fcm\u00fcn\u00fc Sivrihisar\u2019da okudum. 1986 y\u0131l\u0131nda evlendim, biri k\u0131z biri erkek olmak \u00fczere iki \u00e7ocu\u011fum var. \u00c7al\u0131\u015fma hayat\u0131ma Sivrihisar Sanayi Sitesi sekt\u00f6r\u00fcnde ba\u015flad\u0131m. Polatl\u0131 Orta Do\u011fu Rulman Sanayii ve TUSA\u015e u\u00e7ak motor fabrikas\u0131nda \u00e7al\u0131\u015ft\u0131m ve buradan emekli oldum.<\/p>\n<p>[\/vc_column_text][\/vc_column][\/vc_row]<\/p>\n<\/section>","protected":false},"excerpt":{"rendered":"<p>[vc_row][vc_column][vc_column_text] Bekir KALIR Y\u00f6netim Kurulu Ba\u015fkan\u0131 1966 Sivrihisar do\u011fumludur. 1983 y\u0131l\u0131nda Sivrihisar End\u00fcstri Meslek Lisesi mezuniyetinden sonra Anadolu \u00dcniversitesi K\u00fctahya iktisadi ve idari bilimler fak\u00fcltesi i\u015fletme b\u00f6l\u00fcm\u00fcnden mezun oldu. 31 y\u0131l \u00f6zel bankalarda \u00e7al\u0131\u015ft\u0131ktan sonra 31.10.2020 tarihinde emekli oldu.25 y\u0131l<\/p>\n","protected":false},"author":1,"featured_media":0,"parent":0,"menu_order":0,"comment_status":"closed","ping_status":"closed","template":"","meta":{"_bbp_topic_count":0,"_bbp_reply_count":0,"_bbp_total_topic_count":0,"_bbp_total_reply_count":0,"_bbp_voice_count":0,"_bbp_anonymous_reply_count":0,"_bbp_topic_count_hidden":0,"_bbp_reply_count_hidden":0,"_bbp_forum_subforum_count":0,"footnotes":""},"class_list":["post-4524","page","type-page","status-publish","hentry"],"_links":{"self":[{"href":"https:\/\/sivrihisar.org.tr\/index.php\/wp-json\/wp\/v2\/pages\/4524","targetHints":{"allow":["GET"]}}],"collection":[{"href":"https:\/\/sivrihisar.org.tr\/index.php\/wp-json\/wp\/v2\/pages"}],"about":[{"href":"https:\/\/sivrihisar.org.tr\/index.php\/wp-json\/wp\/v2\/types\/page"}],"author":[{"embeddable":true,"href":"https:\/\/sivrihisar.org.tr\/index.php\/wp-json\/wp\/v2\/users\/1"}],"replies":[{"embeddable":true,"href":"https:\/\/sivrihisar.org.tr\/index.php\/wp-json\/wp\/v2\/comments?post=4524"}],"version-history":[{"count":14,"href":"https:\/\/sivrihisar.org.tr\/index.php\/wp-json\/wp\/v2\/pages\/4524\/revisions"}],"predecessor-version":[{"id":4554,"href":"https:\/\/sivrihisar.org.tr\/index.php\/wp-json\/wp\/v2\/pages\/4524\/revisions\/4554"}],"wp:attachment":[{"href":"https:\/\/sivrihisar.org.tr\/index.php\/wp-json\/wp\/v2\/media?parent=4524"}],"curies":[{"name":"wp","href":"https:\/\/api.w.org\/{rel}","templated":true}]}}