{"id":4576,"date":"2026-04-20T07:37:26","date_gmt":"2026-04-20T07:37:26","guid":{"rendered":"https:\/\/sivrihisar.org.tr\/?page_id=4576"},"modified":"2026-04-20T07:43:36","modified_gmt":"2026-04-20T07:43:36","slug":"yayinlarimiz","status":"publish","type":"page","link":"https:\/\/sivrihisar.org.tr\/index.php\/yayinlarimiz\/","title":{"rendered":"Yay\u0131nlar\u0131m\u0131z"},"content":{"rendered":"<section class=\"wpb-content-wrapper\"><p>[vc_row][vc_column width=&#8221;1\/2&#8243;][vc_column_text]<img loading=\"lazy\" decoding=\"async\" class=\"alignnone wp-image-4577 size-full\" src=\"https:\/\/sivrihisar.org.tr\/wp-content\/uploads\/2026\/04\/egitim-gonulluleri.webp\" alt=\"\" width=\"709\" height=\"999\" srcset=\"https:\/\/sivrihisar.org.tr\/wp-content\/uploads\/2026\/04\/egitim-gonulluleri.webp 709w, https:\/\/sivrihisar.org.tr\/wp-content\/uploads\/2026\/04\/egitim-gonulluleri-213x300.webp 213w, https:\/\/sivrihisar.org.tr\/wp-content\/uploads\/2026\/04\/egitim-gonulluleri-600x845.webp 600w\" sizes=\"auto, (max-width: 709px) 100vw, 709px\" \/><\/p>\n<p><a href=\"https:\/\/sivrihisar.org.tr\/wp-content\/uploads\/2023\/08\/sivrihisar-egitim-gonulluleri.pdf\"><img loading=\"lazy\" decoding=\"async\" class=\"alignnone size-full wp-image-4578\" src=\"https:\/\/sivrihisar.org.tr\/wp-content\/uploads\/2026\/04\/Ekran-Resmi-2026-04-20-10.34.41.png\" alt=\"\" width=\"212\" height=\"48\" \/><\/a>\u00a0 \u00a0 \u00a0 <a href=\"https:\/\/sivrihisar.org.tr\/wp-content\/uploads\/2023\/08\/sivrihisar-egitim-gonulluleri.pdf\"><img loading=\"lazy\" decoding=\"async\" class=\"alignnone size-full wp-image-4579\" src=\"https:\/\/sivrihisar.org.tr\/wp-content\/uploads\/2026\/04\/Ekran-Resmi-2026-04-20-10.35.25.png\" alt=\"\" width=\"212\" height=\"48\" \/><\/a>[\/vc_column_text][\/vc_column][vc_column width=&#8221;1\/2&#8243;][vc_column_text]<img loading=\"lazy\" decoding=\"async\" class=\"alignnone size-full wp-image-4580\" src=\"https:\/\/sivrihisar.org.tr\/wp-content\/uploads\/2026\/04\/osmanli-belgelerinde-sivrihisar.jpg\" alt=\"\" width=\"709\" height=\"500\" srcset=\"https:\/\/sivrihisar.org.tr\/wp-content\/uploads\/2026\/04\/osmanli-belgelerinde-sivrihisar.jpg 709w, https:\/\/sivrihisar.org.tr\/wp-content\/uploads\/2026\/04\/osmanli-belgelerinde-sivrihisar-300x212.jpg 300w, https:\/\/sivrihisar.org.tr\/wp-content\/uploads\/2026\/04\/osmanli-belgelerinde-sivrihisar-600x423.jpg 600w\" sizes=\"auto, (max-width: 709px) 100vw, 709px\" \/><\/p>\n<p><img loading=\"lazy\" decoding=\"async\" class=\"alignnone size-full wp-image-4578\" src=\"https:\/\/sivrihisar.org.tr\/wp-content\/uploads\/2026\/04\/Ekran-Resmi-2026-04-20-10.34.41.png\" alt=\"\" width=\"212\" height=\"48\" \/>\u00a0 \u00a0 <img loading=\"lazy\" decoding=\"async\" class=\"alignnone size-full wp-image-4579\" src=\"https:\/\/sivrihisar.org.tr\/wp-content\/uploads\/2026\/04\/Ekran-Resmi-2026-04-20-10.35.25.png\" alt=\"\" width=\"212\" height=\"48\" \/>[\/vc_column_text][\/vc_column][\/vc_row][vc_row][vc_column width=&#8221;1\/2&#8243;][vc_column_text]<img loading=\"lazy\" decoding=\"async\" class=\"alignnone size-full wp-image-4583\" src=\"https:\/\/sivrihisar.org.tr\/wp-content\/uploads\/2026\/04\/baba-yusuf-753x1024-1.webp\" alt=\"\" width=\"753\" height=\"1024\" srcset=\"https:\/\/sivrihisar.org.tr\/wp-content\/uploads\/2026\/04\/baba-yusuf-753x1024-1.webp 753w, https:\/\/sivrihisar.org.tr\/wp-content\/uploads\/2026\/04\/baba-yusuf-753x1024-1-221x300.webp 221w, https:\/\/sivrihisar.org.tr\/wp-content\/uploads\/2026\/04\/baba-yusuf-753x1024-1-600x816.webp 600w\" sizes=\"auto, (max-width: 753px) 100vw, 753px\" \/><\/p>\n<p><img loading=\"lazy\" decoding=\"async\" class=\"alignnone size-full wp-image-4578\" src=\"https:\/\/sivrihisar.org.tr\/wp-content\/uploads\/2026\/04\/Ekran-Resmi-2026-04-20-10.34.41.png\" alt=\"\" width=\"212\" height=\"48\" \/><img loading=\"lazy\" decoding=\"async\" class=\"alignnone size-full wp-image-4579\" src=\"https:\/\/sivrihisar.org.tr\/wp-content\/uploads\/2026\/04\/Ekran-Resmi-2026-04-20-10.35.25.png\" alt=\"\" width=\"212\" height=\"48\" \/>[\/vc_column_text][\/vc_column][vc_column width=&#8221;1\/2&#8243;][vc_column_text]<img loading=\"lazy\" decoding=\"async\" class=\"alignnone size-full wp-image-4584\" src=\"https:\/\/sivrihisar.org.tr\/wp-content\/uploads\/2026\/04\/hudai-818x1024-1.webp\" alt=\"\" width=\"818\" height=\"1024\" srcset=\"https:\/\/sivrihisar.org.tr\/wp-content\/uploads\/2026\/04\/hudai-818x1024-1.webp 818w, https:\/\/sivrihisar.org.tr\/wp-content\/uploads\/2026\/04\/hudai-818x1024-1-240x300.webp 240w, https:\/\/sivrihisar.org.tr\/wp-content\/uploads\/2026\/04\/hudai-818x1024-1-768x961.webp 768w, https:\/\/sivrihisar.org.tr\/wp-content\/uploads\/2026\/04\/hudai-818x1024-1-600x751.webp 600w\" sizes=\"auto, (max-width: 818px) 100vw, 818px\" \/><\/p>\n<p><img loading=\"lazy\" decoding=\"async\" class=\"alignnone size-full wp-image-4578\" src=\"https:\/\/sivrihisar.org.tr\/wp-content\/uploads\/2026\/04\/Ekran-Resmi-2026-04-20-10.34.41.png\" alt=\"\" width=\"212\" height=\"48\" \/>\u00a0 \u00a0 \u00a0 <img loading=\"lazy\" decoding=\"async\" class=\"alignnone size-full wp-image-4579\" src=\"https:\/\/sivrihisar.org.tr\/wp-content\/uploads\/2026\/04\/Ekran-Resmi-2026-04-20-10.35.25.png\" alt=\"\" width=\"212\" height=\"48\" \/>[\/vc_column_text][\/vc_column][\/vc_row][vc_row][vc_column width=&#8221;1\/2&#8243;][vc_column_text]<img loading=\"lazy\" decoding=\"async\" class=\"alignnone size-full wp-image-4587\" src=\"https:\/\/sivrihisar.org.tr\/wp-content\/uploads\/2026\/04\/atmaca-cile-755x1024-1.webp\" alt=\"\" width=\"755\" height=\"1024\" srcset=\"https:\/\/sivrihisar.org.tr\/wp-content\/uploads\/2026\/04\/atmaca-cile-755x1024-1.webp 755w, https:\/\/sivrihisar.org.tr\/wp-content\/uploads\/2026\/04\/atmaca-cile-755x1024-1-221x300.webp 221w, https:\/\/sivrihisar.org.tr\/wp-content\/uploads\/2026\/04\/atmaca-cile-755x1024-1-600x814.webp 600w\" sizes=\"auto, (max-width: 755px) 100vw, 755px\" \/><\/p>\n<p><img loading=\"lazy\" decoding=\"async\" class=\"alignnone size-full wp-image-4578\" src=\"https:\/\/sivrihisar.org.tr\/wp-content\/uploads\/2026\/04\/Ekran-Resmi-2026-04-20-10.34.41.png\" alt=\"\" width=\"212\" height=\"48\" \/>\u00a0 \u00a0 <img loading=\"lazy\" decoding=\"async\" class=\"alignnone size-full wp-image-4579\" src=\"https:\/\/sivrihisar.org.tr\/wp-content\/uploads\/2026\/04\/Ekran-Resmi-2026-04-20-10.35.25.png\" alt=\"\" width=\"212\" height=\"48\" \/>[\/vc_column_text][\/vc_column][vc_column width=&#8221;1\/2&#8243;][vc_column_text]<img loading=\"lazy\" decoding=\"async\" class=\"alignnone size-full wp-image-4588\" src=\"https:\/\/sivrihisar.org.tr\/wp-content\/uploads\/2026\/04\/ali-atmaca.webp\" alt=\"\" width=\"709\" height=\"1010\" srcset=\"https:\/\/sivrihisar.org.tr\/wp-content\/uploads\/2026\/04\/ali-atmaca.webp 709w, https:\/\/sivrihisar.org.tr\/wp-content\/uploads\/2026\/04\/ali-atmaca-211x300.webp 211w, https:\/\/sivrihisar.org.tr\/wp-content\/uploads\/2026\/04\/ali-atmaca-600x855.webp 600w\" sizes=\"auto, (max-width: 709px) 100vw, 709px\" \/><\/p>\n<p><img loading=\"lazy\" decoding=\"async\" class=\"alignnone size-full wp-image-4578\" src=\"https:\/\/sivrihisar.org.tr\/wp-content\/uploads\/2026\/04\/Ekran-Resmi-2026-04-20-10.34.41.png\" alt=\"\" width=\"212\" height=\"48\" \/>\u00a0 <img loading=\"lazy\" decoding=\"async\" class=\"alignnone size-full wp-image-4579\" src=\"https:\/\/sivrihisar.org.tr\/wp-content\/uploads\/2026\/04\/Ekran-Resmi-2026-04-20-10.35.25.png\" alt=\"\" width=\"212\" height=\"48\" \/>[\/vc_column_text][\/vc_column][\/vc_row][vc_row][vc_column width=&#8221;1\/2&#8243;][vc_column_text]<img loading=\"lazy\" decoding=\"async\" class=\"alignnone size-full wp-image-4590\" src=\"https:\/\/sivrihisar.org.tr\/wp-content\/uploads\/2026\/04\/yemekler-kitabi.webp\" alt=\"\" width=\"709\" height=\"1015\" srcset=\"https:\/\/sivrihisar.org.tr\/wp-content\/uploads\/2026\/04\/yemekler-kitabi.webp 709w, https:\/\/sivrihisar.org.tr\/wp-content\/uploads\/2026\/04\/yemekler-kitabi-210x300.webp 210w, https:\/\/sivrihisar.org.tr\/wp-content\/uploads\/2026\/04\/yemekler-kitabi-600x859.webp 600w\" sizes=\"auto, (max-width: 709px) 100vw, 709px\" \/><\/p>\n<p><a href=\"https:\/\/sivrihisar.org.tr\/wp-content\/uploads\/2023\/08\/Sivrihisarin-Unlu-Yemekleri.pdf\"><img loading=\"lazy\" decoding=\"async\" class=\"alignnone size-full wp-image-4578\" src=\"https:\/\/sivrihisar.org.tr\/wp-content\/uploads\/2026\/04\/Ekran-Resmi-2026-04-20-10.34.41.png\" alt=\"\" width=\"212\" height=\"48\" \/><\/a> <a href=\"https:\/\/sivrihisar.org.tr\/wp-content\/uploads\/2023\/08\/Sivrihisarin-Unlu-Yemekleri.pdf\"><img loading=\"lazy\" decoding=\"async\" class=\"alignnone size-full wp-image-4579\" src=\"https:\/\/sivrihisar.org.tr\/wp-content\/uploads\/2026\/04\/Ekran-Resmi-2026-04-20-10.35.25.png\" alt=\"\" width=\"212\" height=\"48\" \/><\/a>[\/vc_column_text][\/vc_column][vc_column width=&#8221;1\/2&#8243;][vc_column_text]<img loading=\"lazy\" decoding=\"async\" class=\"alignnone size-full wp-image-4591\" src=\"https:\/\/sivrihisar.org.tr\/wp-content\/uploads\/2026\/04\/ataturk-sivrihisarda-362x1024-1.webp\" alt=\"\" width=\"362\" height=\"1024\" srcset=\"https:\/\/sivrihisar.org.tr\/wp-content\/uploads\/2026\/04\/ataturk-sivrihisarda-362x1024-1.webp 362w, https:\/\/sivrihisar.org.tr\/wp-content\/uploads\/2026\/04\/ataturk-sivrihisarda-362x1024-1-106x300.webp 106w\" sizes=\"auto, (max-width: 362px) 100vw, 362px\" \/>[\/vc_column_text][\/vc_column][\/vc_row]<\/p>\n<\/section>","protected":false},"excerpt":{"rendered":"<p>[vc_row][vc_column width=&#8221;1\/2&#8243;][vc_column_text] \u00a0 \u00a0 \u00a0 [\/vc_column_text][\/vc_column][vc_column width=&#8221;1\/2&#8243;][vc_column_text] \u00a0 \u00a0 [\/vc_column_text][\/vc_column][\/vc_row][vc_row][vc_column width=&#8221;1\/2&#8243;][vc_column_text] [\/vc_column_text][\/vc_column][vc_column width=&#8221;1\/2&#8243;][vc_column_text] \u00a0 \u00a0 \u00a0 [\/vc_column_text][\/vc_column][\/vc_row][vc_row][vc_column width=&#8221;1\/2&#8243;][vc_column_text] \u00a0 \u00a0 [\/vc_column_text][\/vc_column][vc_column width=&#8221;1\/2&#8243;][vc_column_text] \u00a0 [\/vc_column_text][\/vc_column][\/vc_row][vc_row][vc_column width=&#8221;1\/2&#8243;][vc_column_text] [\/vc_column_text][\/vc_column][vc_column width=&#8221;1\/2&#8243;][vc_column_text][\/vc_column_text][\/vc_column][\/vc_row]<\/p>\n","protected":false},"author":1,"featured_media":0,"parent":0,"menu_order":0,"comment_status":"closed","ping_status":"closed","template":"","meta":{"_bbp_topic_count":0,"_bbp_reply_count":0,"_bbp_total_topic_count":0,"_bbp_total_reply_count":0,"_bbp_voice_count":0,"_bbp_anonymous_reply_count":0,"_bbp_topic_count_hidden":0,"_bbp_reply_count_hidden":0,"_bbp_forum_subforum_count":0,"footnotes":""},"class_list":["post-4576","page","type-page","status-publish","hentry"],"_links":{"self":[{"href":"https:\/\/sivrihisar.org.tr\/index.php\/wp-json\/wp\/v2\/pages\/4576","targetHints":{"allow":["GET"]}}],"collection":[{"href":"https:\/\/sivrihisar.org.tr\/index.php\/wp-json\/wp\/v2\/pages"}],"about":[{"href":"https:\/\/sivrihisar.org.tr\/index.php\/wp-json\/wp\/v2\/types\/page"}],"author":[{"embeddable":true,"href":"https:\/\/sivrihisar.org.tr\/index.php\/wp-json\/wp\/v2\/users\/1"}],"replies":[{"embeddable":true,"href":"https:\/\/sivrihisar.org.tr\/index.php\/wp-json\/wp\/v2\/comments?post=4576"}],"version-history":[{"count":5,"href":"https:\/\/sivrihisar.org.tr\/index.php\/wp-json\/wp\/v2\/pages\/4576\/revisions"}],"predecessor-version":[{"id":4592,"href":"https:\/\/sivrihisar.org.tr\/index.php\/wp-json\/wp\/v2\/pages\/4576\/revisions\/4592"}],"wp:attachment":[{"href":"https:\/\/sivrihisar.org.tr\/index.php\/wp-json\/wp\/v2\/media?parent=4576"}],"curies":[{"name":"wp","href":"https:\/\/api.w.org\/{rel}","templated":true}]}}