{"id":4593,"date":"2026-04-20T07:49:50","date_gmt":"2026-04-20T07:49:50","guid":{"rendered":"https:\/\/sivrihisar.org.tr\/?page_id=4593"},"modified":"2026-04-20T07:49:50","modified_gmt":"2026-04-20T07:49:50","slug":"faaliyet-raporlari","status":"publish","type":"page","link":"https:\/\/sivrihisar.org.tr\/index.php\/faaliyet-raporlari\/","title":{"rendered":"Faaliyet Raporlar\u0131"},"content":{"rendered":"<section class=\"wpb-content-wrapper\"><p>[vc_row][vc_column][vc_tta_tabs][vc_tta_section title=&#8221;2021&#8243; tab_id=&#8221;1776671249597-7fc0c0ad-77c5&#8243;][vc_column_text]<a href=\"https:\/\/sivrihisar.org.tr\/wp-content\/uploads\/2024\/12\/2021-FAALIYET.pptx\"><b><u>2021 Y\u0131l\u0131 Faaliyet Raporu ( Sunum )<\/u><\/b><\/a><\/p>\n<p><a href=\"https:\/\/sivrihisar.org.tr\/wp-content\/uploads\/2024\/12\/2021-yili-faaliyet-raporu.pptx\"><strong>2021 Y\u0131l\u0131 Ziyaret Raporu ( Sunum )<\/strong><\/a>[\/vc_column_text][\/vc_tta_section][vc_tta_section title=&#8221;2022&#8243; tab_id=&#8221;1776671249609-ff4136fc-1cdf&#8221;][vc_column_text]<span style=\"text-decoration: underline;\"><strong><a href=\"https:\/\/sivrihisar.org.tr\/wp-content\/uploads\/2023\/09\/2022-FAALIYET.pptx\">2022 Faaliyet Raporu (Sunum)<\/a><\/strong><\/span><\/p>\n<p><span style=\"text-decoration: underline;\"><strong><a href=\"https:\/\/sivrihisar.org.tr\/wp-content\/uploads\/2023\/09\/YENI-2022-YILI-SLAYT-FAALIYET-RAPORU.pptx\">2022 Y\u0131l\u0131 Ziyaretler Raporu <\/a><\/strong><\/span><strong><a href=\"https:\/\/sivrihisar.org.tr\/wp-content\/uploads\/2023\/09\/YENI-2022-YILI-SLAYT-FAALIYET-RAPORU.pptx\">\u00a0(Sunum)<\/a><\/strong>[\/vc_column_text][\/vc_tta_section][vc_tta_section title=&#8221;2023&#8243; tab_id=&#8221;1776671330486-dc323338-037d&#8221;][vc_column_text]<a href=\"https:\/\/sivrihisar.org.tr\/wp-content\/uploads\/2024\/12\/YENI-2023-YILI-ZIYARETLER-FAALIYETI.pptx\"><b>2023 Y\u0131l\u0131 Ziyaretler Faaliyeti ( Sunum )<\/b><\/a><\/p>\n<p><a href=\"https:\/\/sivrihisar.org.tr\/wp-content\/uploads\/2024\/12\/2023-yili-faaliyet-raporu.pptx\"><strong>2023 Y\u0131l\u0131 Faaliyet Raporu ( Sunum )<\/strong><\/a>[\/vc_column_text][\/vc_tta_section][vc_tta_section title=&#8221;2024&#8243; tab_id=&#8221;1776671362207-d09de5dd-ccd0&#8243;][vc_column_text]<a href=\"https:\/\/sivrihisar.org.tr\/wp-content\/uploads\/2025\/05\/YENI-2024-YILI-ZIYARETLER-FAALIYETI.pptx\"><b>2024 Y\u0131l\u0131 Ziyaretler Faaliyeti ( Sunum )<\/b><\/a><\/p>\n<p><a href=\"https:\/\/sivrihisar.org.tr\/wp-content\/uploads\/2025\/05\/2024-yili-faaliyet-raporu.pptx\"><strong>2024 Y\u0131l\u0131 Faaliyet Raporu ( Sunum )<\/strong><\/a>[\/vc_column_text][\/vc_tta_section][\/vc_tta_tabs][\/vc_column][\/vc_row]<\/p>\n<\/section>","protected":false},"excerpt":{"rendered":"<p>[vc_row][vc_column][vc_tta_tabs][vc_tta_section title=&#8221;2021&#8243; tab_id=&#8221;1776671249597-7fc0c0ad-77c5&#8243;][vc_column_text]2021 Y\u0131l\u0131 Faaliyet Raporu ( Sunum ) 2021 Y\u0131l\u0131 Ziyaret Raporu ( Sunum )[\/vc_column_text][\/vc_tta_section][vc_tta_section title=&#8221;2022&#8243; tab_id=&#8221;1776671249609-ff4136fc-1cdf&#8221;][vc_column_text]2022 Faaliyet Raporu (Sunum) 2022 Y\u0131l\u0131 Ziyaretler Raporu \u00a0(Sunum)[\/vc_column_text][\/vc_tta_section][vc_tta_section title=&#8221;2023&#8243; tab_id=&#8221;1776671330486-dc323338-037d&#8221;][vc_column_text]2023 Y\u0131l\u0131 Ziyaretler Faaliyeti ( Sunum ) 2023 Y\u0131l\u0131 Faaliyet Raporu ( Sunum<\/p>\n","protected":false},"author":1,"featured_media":0,"parent":0,"menu_order":0,"comment_status":"closed","ping_status":"closed","template":"","meta":{"_bbp_topic_count":0,"_bbp_reply_count":0,"_bbp_total_topic_count":0,"_bbp_total_reply_count":0,"_bbp_voice_count":0,"_bbp_anonymous_reply_count":0,"_bbp_topic_count_hidden":0,"_bbp_reply_count_hidden":0,"_bbp_forum_subforum_count":0,"footnotes":""},"class_list":["post-4593","page","type-page","status-publish","hentry"],"_links":{"self":[{"href":"https:\/\/sivrihisar.org.tr\/index.php\/wp-json\/wp\/v2\/pages\/4593","targetHints":{"allow":["GET"]}}],"collection":[{"href":"https:\/\/sivrihisar.org.tr\/index.php\/wp-json\/wp\/v2\/pages"}],"about":[{"href":"https:\/\/sivrihisar.org.tr\/index.php\/wp-json\/wp\/v2\/types\/page"}],"author":[{"embeddable":true,"href":"https:\/\/sivrihisar.org.tr\/index.php\/wp-json\/wp\/v2\/users\/1"}],"replies":[{"embeddable":true,"href":"https:\/\/sivrihisar.org.tr\/index.php\/wp-json\/wp\/v2\/comments?post=4593"}],"version-history":[{"count":1,"href":"https:\/\/sivrihisar.org.tr\/index.php\/wp-json\/wp\/v2\/pages\/4593\/revisions"}],"predecessor-version":[{"id":4594,"href":"https:\/\/sivrihisar.org.tr\/index.php\/wp-json\/wp\/v2\/pages\/4593\/revisions\/4594"}],"wp:attachment":[{"href":"https:\/\/sivrihisar.org.tr\/index.php\/wp-json\/wp\/v2\/media?parent=4593"}],"curies":[{"name":"wp","href":"https:\/\/api.w.org\/{rel}","templated":true}]}}