{"id":4596,"date":"2026-04-20T07:51:50","date_gmt":"2026-04-20T07:51:50","guid":{"rendered":"https:\/\/sivrihisar.org.tr\/?page_id=4596"},"modified":"2026-04-20T07:51:50","modified_gmt":"2026-04-20T07:51:50","slug":"banka-bilgileri","status":"publish","type":"page","link":"https:\/\/sivrihisar.org.tr\/index.php\/banka-bilgileri\/","title":{"rendered":"Banka Bilgileri"},"content":{"rendered":"<section class=\"wpb-content-wrapper\"><p>[vc_row][vc_column][vc_column_text]<\/p>\n<h2><strong>Sivrihisar E\u011fitim Vakf\u0131 Banka Hesap Bilgilerimiz:<\/strong><\/h2>\n<p><strong>BURS FONU: \u015eEKERBANK \u2013 Eski\u015fehir Merkez \u015eube<\/strong><br \/>\n<strong>IBAN:<\/strong>\u00a0TR 38 0005 9001 5053 5015 0005 37<\/p>\n<p><strong>SOSYAL YARDIMLA\u015eMA VE DAYANI\u015eMA FONU: \u015eEKERBANK \u2013 Eski\u015fehir Merkez \u015eb.<\/strong><br \/>\n<strong>IBAN:<\/strong>\u00a0TR 12 0005 9001 5053 7015 0535 11<\/p>\n<p><strong>D\u0130\u011eER GEL\u0130RLER(Aidat\/Pano) HESABI: \u015eEKERBANK \u2013 Eski\u015fehir Merkez \u015eube<\/strong><br \/>\n<strong>IBAN:<\/strong>\u00a0TR 78 0005 9001 5058 8015 0504 92[\/vc_column_text][\/vc_column][\/vc_row]<\/p>\n<\/section>","protected":false},"excerpt":{"rendered":"<p>[vc_row][vc_column][vc_column_text] Sivrihisar E\u011fitim Vakf\u0131 Banka Hesap Bilgilerimiz: BURS FONU: \u015eEKERBANK \u2013 Eski\u015fehir Merkez \u015eube IBAN:\u00a0TR 38 0005 9001 5053 5015 0005 37 SOSYAL YARDIMLA\u015eMA VE DAYANI\u015eMA FONU: \u015eEKERBANK \u2013 Eski\u015fehir Merkez \u015eb. IBAN:\u00a0TR 12 0005 9001 5053 7015 0535 11<\/p>\n","protected":false},"author":1,"featured_media":0,"parent":0,"menu_order":0,"comment_status":"closed","ping_status":"closed","template":"","meta":{"_bbp_topic_count":0,"_bbp_reply_count":0,"_bbp_total_topic_count":0,"_bbp_total_reply_count":0,"_bbp_voice_count":0,"_bbp_anonymous_reply_count":0,"_bbp_topic_count_hidden":0,"_bbp_reply_count_hidden":0,"_bbp_forum_subforum_count":0,"footnotes":""},"class_list":["post-4596","page","type-page","status-publish","hentry"],"_links":{"self":[{"href":"https:\/\/sivrihisar.org.tr\/index.php\/wp-json\/wp\/v2\/pages\/4596","targetHints":{"allow":["GET"]}}],"collection":[{"href":"https:\/\/sivrihisar.org.tr\/index.php\/wp-json\/wp\/v2\/pages"}],"about":[{"href":"https:\/\/sivrihisar.org.tr\/index.php\/wp-json\/wp\/v2\/types\/page"}],"author":[{"embeddable":true,"href":"https:\/\/sivrihisar.org.tr\/index.php\/wp-json\/wp\/v2\/users\/1"}],"replies":[{"embeddable":true,"href":"https:\/\/sivrihisar.org.tr\/index.php\/wp-json\/wp\/v2\/comments?post=4596"}],"version-history":[{"count":1,"href":"https:\/\/sivrihisar.org.tr\/index.php\/wp-json\/wp\/v2\/pages\/4596\/revisions"}],"predecessor-version":[{"id":4597,"href":"https:\/\/sivrihisar.org.tr\/index.php\/wp-json\/wp\/v2\/pages\/4596\/revisions\/4597"}],"wp:attachment":[{"href":"https:\/\/sivrihisar.org.tr\/index.php\/wp-json\/wp\/v2\/media?parent=4596"}],"curies":[{"name":"wp","href":"https:\/\/api.w.org\/{rel}","templated":true}]}}