{"id":4599,"date":"2026-04-20T07:54:41","date_gmt":"2026-04-20T07:54:41","guid":{"rendered":"https:\/\/sivrihisar.org.tr\/?page_id=4599"},"modified":"2026-04-20T07:54:41","modified_gmt":"2026-04-20T07:54:41","slug":"online-bagis","status":"publish","type":"page","link":"https:\/\/sivrihisar.org.tr\/index.php\/online-bagis\/","title":{"rendered":"Online Ba\u011f\u0131\u015f"},"content":{"rendered":"<section class=\"wpb-content-wrapper\"><p>[vc_row][vc_column][vc_column_text]<\/p>\n<h2><strong>Online Ba\u011f\u0131\u015f<\/strong><\/h2>\n<p>Online ba\u011f\u0131\u015f yapmak i\u00e7in a\u015fa\u011f\u0131daki ba\u011flant\u0131ya t\u0131klay\u0131n.<\/p>\n<p><a itemprop=\"url\" href=\"https:\/\/fonzip.com\/sivrihisar\/sev-bagis\" target=\"_self\"  class=\"mkdf-btn mkdf-btn-medium mkdf-btn-solid\"  >\n    <span class=\"mkdf-btn-text\">Online Ba\u011f\u0131\u015f Yap<\/span>\n    <i class=\"mkdf-icon-font-awesome fa  \" ><\/i><\/a>[\/vc_column_text][vc_column_text]<\/p>\n<div class=\"elementor-element elementor-element-eb0ce66 elementor-widget elementor-widget-text-editor\" data-id=\"eb0ce66\" data-element_type=\"widget\" data-e-type=\"widget\" data-widget_type=\"text-editor.default\">\n<div class=\"elementor-widget-container\">\n<h2><strong>Havale\/EFT Ba\u011f\u0131\u015f\u0131 \u0130\u00e7in Hesap Numaralar\u0131<\/strong><\/h2>\n<p>Banka kanal\u0131yla g\u00f6nderdi\u011finiz ba\u011f\u0131\u015f\u0131n\u0131z\u0131n a\u00e7\u0131klama b\u00f6l\u00fcm\u00fcne isminizi ve ileti\u015fim bilgilerinizi yazd\u0131r\u0131n\u0131z. E\u011fer yapaca\u011f\u0131n\u0131z ba\u011f\u0131\u015f belirli bir fona aktar\u0131ls\u0131n istiyorsan\u0131z a\u00e7\u0131klama k\u0131sm\u0131na desteklemek istedi\u011finiz fonun ad\u0131n\u0131 yazd\u0131r\u0131n\u0131z, b\u00f6ylece ba\u011f\u0131\u015f ula\u015ft\u0131\u011f\u0131nda direkt olarak sizin desteklemek istedi\u011finiz fona aktar\u0131l\u0131r.<\/p>\n<p>Bu bankalar\u0131n \u015fubelerinden (hesap numaras\u0131na gerek olmaks\u0131z\u0131n) Sivrihisar E\u011fitim Vakf\u0131\u2019na hi\u00e7bir masraf \u00f6demeden ba\u011f\u0131\u015f\u0131n\u0131z\u0131 ger\u00e7ekle\u015ftirebilirsiniz. Banka personelinden bu konuda destek rica edebilirsiniz.<\/p>\n<\/div>\n<\/div>\n<div class=\"elementor-element elementor-element-e1dc9c7 table elementor-widget elementor-widget-text-editor\" data-id=\"e1dc9c7\" data-element_type=\"widget\" data-e-type=\"widget\" data-widget_type=\"text-editor.default\">\n<div class=\"elementor-widget-container\">\n<table class=\"table aligncenter\">\n<thead>\n<tr class=\"border-bottom\">\n<th scope=\"col\">TL HESAPLARIMIZ (\u20ba)<\/th>\n<th scope=\"col\">HESAP NUMARASI<\/th>\n<th scope=\"col\">IBAN NUMARASI<\/th>\n<\/tr>\n<\/thead>\n<tbody>\n<tr>\n<td>\u015eEKERBANK Eski\u015fehir Merkez \u015eubesi<\/td>\n<td>00150535015000537<\/td>\n<td>TR 38 0005 9001 5053 5015 0005 37<\/td>\n<\/tr>\n<\/tbody>\n<\/table>\n<\/div>\n<\/div>\n<p>[\/vc_column_text][\/vc_column][\/vc_row]<\/p>\n<\/section>","protected":false},"excerpt":{"rendered":"<p>[vc_row][vc_column][vc_column_text] Online Ba\u011f\u0131\u015f Online ba\u011f\u0131\u015f yapmak i\u00e7in a\u015fa\u011f\u0131daki ba\u011flant\u0131ya t\u0131klay\u0131n. [\/vc_column_text][vc_column_text] Havale\/EFT Ba\u011f\u0131\u015f\u0131 \u0130\u00e7in Hesap Numaralar\u0131 Banka kanal\u0131yla g\u00f6nderdi\u011finiz ba\u011f\u0131\u015f\u0131n\u0131z\u0131n a\u00e7\u0131klama b\u00f6l\u00fcm\u00fcne isminizi ve ileti\u015fim bilgilerinizi yazd\u0131r\u0131n\u0131z. E\u011fer yapaca\u011f\u0131n\u0131z ba\u011f\u0131\u015f belirli bir fona aktar\u0131ls\u0131n istiyorsan\u0131z a\u00e7\u0131klama k\u0131sm\u0131na desteklemek istedi\u011finiz fonun<\/p>\n","protected":false},"author":1,"featured_media":0,"parent":0,"menu_order":0,"comment_status":"closed","ping_status":"closed","template":"","meta":{"_bbp_topic_count":0,"_bbp_reply_count":0,"_bbp_total_topic_count":0,"_bbp_total_reply_count":0,"_bbp_voice_count":0,"_bbp_anonymous_reply_count":0,"_bbp_topic_count_hidden":0,"_bbp_reply_count_hidden":0,"_bbp_forum_subforum_count":0,"footnotes":""},"class_list":["post-4599","page","type-page","status-publish","hentry"],"_links":{"self":[{"href":"https:\/\/sivrihisar.org.tr\/index.php\/wp-json\/wp\/v2\/pages\/4599","targetHints":{"allow":["GET"]}}],"collection":[{"href":"https:\/\/sivrihisar.org.tr\/index.php\/wp-json\/wp\/v2\/pages"}],"about":[{"href":"https:\/\/sivrihisar.org.tr\/index.php\/wp-json\/wp\/v2\/types\/page"}],"author":[{"embeddable":true,"href":"https:\/\/sivrihisar.org.tr\/index.php\/wp-json\/wp\/v2\/users\/1"}],"replies":[{"embeddable":true,"href":"https:\/\/sivrihisar.org.tr\/index.php\/wp-json\/wp\/v2\/comments?post=4599"}],"version-history":[{"count":2,"href":"https:\/\/sivrihisar.org.tr\/index.php\/wp-json\/wp\/v2\/pages\/4599\/revisions"}],"predecessor-version":[{"id":4601,"href":"https:\/\/sivrihisar.org.tr\/index.php\/wp-json\/wp\/v2\/pages\/4599\/revisions\/4601"}],"wp:attachment":[{"href":"https:\/\/sivrihisar.org.tr\/index.php\/wp-json\/wp\/v2\/media?parent=4599"}],"curies":[{"name":"wp","href":"https:\/\/api.w.org\/{rel}","templated":true}]}}