{"id":4603,"date":"2026-04-20T07:56:50","date_gmt":"2026-04-20T07:56:50","guid":{"rendered":"https:\/\/sivrihisar.org.tr\/?page_id=4603"},"modified":"2026-04-20T07:58:07","modified_gmt":"2026-04-20T07:58:07","slug":"bagisci-haklari-beyannamesi","status":"publish","type":"page","link":"https:\/\/sivrihisar.org.tr\/index.php\/bagisci-haklari-beyannamesi\/","title":{"rendered":"Ba\u011f\u0131\u015f\u00e7\u0131 Haklar\u0131 Beyannamesi"},"content":{"rendered":"<section class=\"wpb-content-wrapper\"><p>[vc_row][vc_column][vc_column_text]<img loading=\"lazy\" decoding=\"async\" class=\"alignnone wp-image-4604 size-full\" src=\"https:\/\/sivrihisar.org.tr\/wp-content\/uploads\/2026\/04\/bagisci-haklari-1.jpg\" alt=\"\" width=\"1080\" height=\"1113\" srcset=\"https:\/\/sivrihisar.org.tr\/wp-content\/uploads\/2026\/04\/bagisci-haklari-1.jpg 1080w, https:\/\/sivrihisar.org.tr\/wp-content\/uploads\/2026\/04\/bagisci-haklari-1-291x300.jpg 291w, https:\/\/sivrihisar.org.tr\/wp-content\/uploads\/2026\/04\/bagisci-haklari-1-994x1024.jpg 994w, https:\/\/sivrihisar.org.tr\/wp-content\/uploads\/2026\/04\/bagisci-haklari-1-768x791.jpg 768w, https:\/\/sivrihisar.org.tr\/wp-content\/uploads\/2026\/04\/bagisci-haklari-1-600x618.jpg 600w\" sizes=\"auto, (max-width: 1080px) 100vw, 1080px\" \/>[\/vc_column_text][\/vc_column][\/vc_row]<\/p>\n<\/section>","protected":false},"excerpt":{"rendered":"<p>[vc_row][vc_column][vc_column_text][\/vc_column_text][\/vc_column][\/vc_row]<\/p>\n","protected":false},"author":1,"featured_media":0,"parent":0,"menu_order":0,"comment_status":"closed","ping_status":"closed","template":"","meta":{"_bbp_topic_count":0,"_bbp_reply_count":0,"_bbp_total_topic_count":0,"_bbp_total_reply_count":0,"_bbp_voice_count":0,"_bbp_anonymous_reply_count":0,"_bbp_topic_count_hidden":0,"_bbp_reply_count_hidden":0,"_bbp_forum_subforum_count":0,"footnotes":""},"class_list":["post-4603","page","type-page","status-publish","hentry"],"_links":{"self":[{"href":"https:\/\/sivrihisar.org.tr\/index.php\/wp-json\/wp\/v2\/pages\/4603","targetHints":{"allow":["GET"]}}],"collection":[{"href":"https:\/\/sivrihisar.org.tr\/index.php\/wp-json\/wp\/v2\/pages"}],"about":[{"href":"https:\/\/sivrihisar.org.tr\/index.php\/wp-json\/wp\/v2\/types\/page"}],"author":[{"embeddable":true,"href":"https:\/\/sivrihisar.org.tr\/index.php\/wp-json\/wp\/v2\/users\/1"}],"replies":[{"embeddable":true,"href":"https:\/\/sivrihisar.org.tr\/index.php\/wp-json\/wp\/v2\/comments?post=4603"}],"version-history":[{"count":2,"href":"https:\/\/sivrihisar.org.tr\/index.php\/wp-json\/wp\/v2\/pages\/4603\/revisions"}],"predecessor-version":[{"id":4607,"href":"https:\/\/sivrihisar.org.tr\/index.php\/wp-json\/wp\/v2\/pages\/4603\/revisions\/4607"}],"wp:attachment":[{"href":"https:\/\/sivrihisar.org.tr\/index.php\/wp-json\/wp\/v2\/media?parent=4603"}],"curies":[{"name":"wp","href":"https:\/\/api.w.org\/{rel}","templated":true}]}}