{"id":653,"date":"2017-05-29T12:56:25","date_gmt":"2017-05-29T12:56:25","guid":{"rendered":"http:\/\/iacademy.mikado-themes.com\/?page_id=653"},"modified":"2017-05-29T12:56:25","modified_gmt":"2017-05-29T12:56:25","slug":"blog-list-shortcode","status":"publish","type":"page","link":"https:\/\/sivrihisar.org.tr\/index.php\/elements\/blog-list-shortcode\/","title":{"rendered":"Blog List Shortcode"},"content":{"rendered":"<section class=\"wpb-content-wrapper\"><p>[vc_row content_text_aligment=&#8221;left&#8221; css=&#8221;.vc_custom_1496992472794{margin-top: -24px !important;padding-bottom: 35px !important;background-position: 0 0 !important;background-repeat: no-repeat !important;}&#8221;][vc_column offset=&#8221;vc_col-lg-offset-1 vc_col-lg-11&#8243;]<div class=\"mkdf-blog-list-holder mkdf-bl-standard mkdf-bl-two-columns mkdf-bl-normal-space mkdf-bl-pag-no-pagination\"  data-type=standard data-number-of-posts=2 data-number-of-columns=2 data-space-between-columns=normal data-category=business data-order-by=date data-order=DESC data-image-size=full data-title-tag=h4 data-excerpt-length=15 data-post-info-section=yes data-post-info-image=yes data-post-info-author=yes data-post-info-date=yes data-post-info-category=no data-post-info-comments=no data-post-info-like=no data-post-info-share=no data-pagination-type=no-pagination data-max-num-pages=0 data-next-page=2>\n\t<div class=\"mkdf-bl-wrapper\">\n\t\t<ul class=\"mkdf-blog-list\">\n\t\t\t<p class=\"mkdf-blog-no-posts\">Sorry, no posts matched your criteria.<\/p>\t\t<\/ul>\n\t<\/div>\n\t<\/div>[\/vc_column][\/vc_row][vc_row content_text_aligment=&#8221;left&#8221; css=&#8221;.vc_custom_1496913386562{margin-top: -24px !important;padding-bottom: 40px !important;background-position: 0 0 !important;background-repeat: no-repeat !important;}&#8221;][vc_column offset=&#8221;vc_col-lg-offset-1 vc_col-lg-11&#8243;]<div class=\"mkdf-blog-list-holder mkdf-bl-simple mkdf-bl-three-columns mkdf-bl-normal-space mkdf-bl-pag-no-pagination\"  data-type=simple data-number-of-posts=2 data-number-of-columns=3 data-space-between-columns=normal data-order-by=date data-order=ASC data-image-size=square data-title-tag=h4 data-excerpt-length=23 data-post-info-section=yes data-post-info-image=yes data-post-info-author=yes data-post-info-date=yes data-post-info-category=yes data-post-info-comments=no data-post-info-like=no data-post-info-share=no data-pagination-type=no-pagination data-max-num-pages=50 data-next-page=2>\n\t<div class=\"mkdf-bl-wrapper\">\n\t\t<ul class=\"mkdf-blog-list\">\n\t\t\t<li class=\"mkdf-bl-item clearfix\">\n\t<div class=\"mkdf-bli-inner\">\n\t\t\n\t<div class=\"mkdf-post-image\">\n        \t\t    <a itemprop=\"url\" href=\"https:\/\/sivrihisar.org.tr\/index.php\/2017\/05\/29\/we-all-want-to-become-successful\/\" title=\"Vak\u0131f \u00dcyemiz \u00c7i\u011fdem Kuzucuo\u011flu Kurt&#8217; Te\u015fekk\u00fcr\">\n                            <img loading=\"lazy\" decoding=\"async\" width=\"550\" height=\"550\" src=\"https:\/\/sivrihisar.org.tr\/wp-content\/uploads\/2017\/05\/merve-yoru-1-1-550x550.jpg\" class=\"attachment-iacademy_mikado_square size-iacademy_mikado_square wp-post-image\" alt=\"\" srcset=\"https:\/\/sivrihisar.org.tr\/wp-content\/uploads\/2017\/05\/merve-yoru-1-1-550x550.jpg 550w, https:\/\/sivrihisar.org.tr\/wp-content\/uploads\/2017\/05\/merve-yoru-1-1-150x150.jpg 150w, https:\/\/sivrihisar.org.tr\/wp-content\/uploads\/2017\/05\/merve-yoru-1-1-1100x1100.jpg 1100w, https:\/\/sivrihisar.org.tr\/wp-content\/uploads\/2017\/05\/merve-yoru-1-1-300x300.jpg 300w, https:\/\/sivrihisar.org.tr\/wp-content\/uploads\/2017\/05\/merve-yoru-1-1-100x100.jpg 100w\" sizes=\"auto, (max-width: 550px) 100vw, 550px\" \/>                \t\t    <\/a>\n        \t<\/div>\n\t\t<div class=\"mkdf-bli-content\">\n\t\t\t\n<h4 itemprop=\"name\" class=\"entry-title mkdf-post-title\" >\n            <a itemprop=\"url\" href=\"https:\/\/sivrihisar.org.tr\/index.php\/2017\/05\/29\/we-all-want-to-become-successful\/\" title=\"Vak\u0131f \u00dcyemiz \u00c7i\u011fdem Kuzucuo\u011flu Kurt&#8217; Te\u015fekk\u00fcr\">\n            Vak\u0131f \u00dcyemiz \u00c7i\u011fdem Kuzucuo\u011flu Kurt&#8217; Te\u015fekk\u00fcr            <\/a>\n    <\/h4>\t\t\t\t\t\t\t<div class=\"mkdf-bli-excerpt\">\n\t\t\t\t\t\t\t<div class=\"mkdf-post-excerpt-holder\">\n\t\t\t<p itemprop=\"description\" class=\"mkdf-post-excerpt\">\n\t\t\t\tKendilerinin vakf\u0131m\u0131za ba\u011f\u0131\u015flam\u0131\u015f oldu\u011fu tabletler, Sivrihisar\u2019daki ihtiya\u00e7 sahibi okullar\u0131m\u0131za teslim edilmi\u015ftir.\t\t\t<\/p>\n\t\t<\/div>\n\t\t\t\t\t<\/div>\n\t\t\t\t<div class=\"mkdf-bli-info\">\n\t\t\t\t\t<div itemprop=\"dateCreated\" class=\"mkdf-post-info-date entry-date published updated\">\n            <a itemprop=\"url\" href=\"https:\/\/sivrihisar.org.tr\/index.php\/2017\/05\/\">\n    \n        May\u0131s 29, 2017        <\/a>\n    <meta itemprop=\"interactionCount\" content=\"UserComments: 2\"\/>\n<\/div>\t\t\t\t<\/div>\n\t\t\t\t\t<\/div>\n\t<\/div>\n<\/li><li class=\"mkdf-bl-item clearfix\">\n\t<div class=\"mkdf-bli-inner\">\n\t\t\n\t<div class=\"mkdf-post-image\">\n        \t\t    <a itemprop=\"url\" href=\"https:\/\/sivrihisar.org.tr\/index.php\/2017\/05\/29\/talent-is-cheaper-than-table-salt\/\" title=\"Eski\u015fehir Ticaret Odas\u0131 ba\u015fkan\u0131m\u0131z Sn.Metin G\u00fcler\u2019i ziyaret ettik.\">\n                            <img loading=\"lazy\" decoding=\"async\" width=\"550\" height=\"550\" src=\"https:\/\/sivrihisar.org.tr\/wp-content\/uploads\/2017\/05\/metin-guler-550x550.jpg\" class=\"attachment-iacademy_mikado_square size-iacademy_mikado_square wp-post-image\" alt=\"\" srcset=\"https:\/\/sivrihisar.org.tr\/wp-content\/uploads\/2017\/05\/metin-guler-550x550.jpg 550w, https:\/\/sivrihisar.org.tr\/wp-content\/uploads\/2017\/05\/metin-guler-150x150.jpg 150w, https:\/\/sivrihisar.org.tr\/wp-content\/uploads\/2017\/05\/metin-guler-300x300.jpg 300w, https:\/\/sivrihisar.org.tr\/wp-content\/uploads\/2017\/05\/metin-guler-100x100.jpg 100w\" sizes=\"auto, (max-width: 550px) 100vw, 550px\" \/>                \t\t    <\/a>\n        \t<\/div>\n\t\t<div class=\"mkdf-bli-content\">\n\t\t\t\n<h4 itemprop=\"name\" class=\"entry-title mkdf-post-title\" >\n            <a itemprop=\"url\" href=\"https:\/\/sivrihisar.org.tr\/index.php\/2017\/05\/29\/talent-is-cheaper-than-table-salt\/\" title=\"Eski\u015fehir Ticaret Odas\u0131 ba\u015fkan\u0131m\u0131z Sn.Metin G\u00fcler\u2019i ziyaret ettik.\">\n            Eski\u015fehir Ticaret Odas\u0131 ba\u015fkan\u0131m\u0131z Sn.Metin G\u00fcler\u2019i ziyaret ettik.            <\/a>\n    <\/h4>\t\t\t\t\t\t\t<div class=\"mkdf-bli-excerpt\">\n\t\t\t\t\t\t\t<div class=\"mkdf-post-excerpt-holder\">\n\t\t\t<p itemprop=\"description\" class=\"mkdf-post-excerpt\">\n\t\t\t\tEski\u015fehir Ticaret Odas\u0131 ba\u015fkan\u0131m\u0131z Sn.Metin G\u00fcler\u2019i ziyaret ettik.\t\t\t<\/p>\n\t\t<\/div>\n\t\t\t\t\t<\/div>\n\t\t\t\t<div class=\"mkdf-bli-info\">\n\t\t\t\t\t<div itemprop=\"dateCreated\" class=\"mkdf-post-info-date entry-date published updated\">\n            <a itemprop=\"url\" href=\"https:\/\/sivrihisar.org.tr\/index.php\/2017\/05\/\">\n    \n        May\u0131s 29, 2017        <\/a>\n    <meta itemprop=\"interactionCount\" content=\"UserComments: 0\"\/>\n<\/div>\t\t\t\t<\/div>\n\t\t\t\t\t<\/div>\n\t<\/div>\n<\/li>\t\t<\/ul>\n\t<\/div>\n\t<\/div>[\/vc_column][\/vc_row][vc_row content_text_aligment=&#8221;left&#8221; css=&#8221;.vc_custom_1496913406622{margin-top: -24px !important;padding-bottom: 62px !important;background-position: 0 0 !important;background-repeat: no-repeat !important;}&#8221;][vc_column offset=&#8221;vc_col-lg-offset-1 vc_col-lg-11&#8243;]<div class=\"mkdf-blog-list-holder mkdf-bl-simple mkdf-bl-three-columns mkdf-bl-normal-space mkdf-bl-pag-no-pagination\"  data-type=simple data-number-of-posts=2 data-number-of-columns=3 data-space-between-columns=normal data-order-by=name data-order=ASC data-image-size=full data-title-tag=h4 data-excerpt-length=30 data-post-info-section=yes data-post-info-image=no data-post-info-author=yes data-post-info-date=yes data-post-info-category=yes data-post-info-comments=no data-post-info-like=no data-post-info-share=no data-pagination-type=no-pagination data-max-num-pages=50 data-next-page=2>\n\t<div class=\"mkdf-bl-wrapper\">\n\t\t<ul class=\"mkdf-blog-list\">\n\t\t\t<li class=\"mkdf-bl-item clearfix\">\n\t<div class=\"mkdf-bli-inner\">\n\t\t\t\t<div class=\"mkdf-bli-content\">\n\t\t\t\n<h4 itemprop=\"name\" class=\"entry-title mkdf-post-title\" >\n            <a itemprop=\"url\" href=\"https:\/\/sivrihisar.org.tr\/index.php\/2022\/03\/04\/%f0%9f%94%bb%f0%9f%94%bbbursiyerimizden-mektup-%f0%9f%94%bb%f0%9f%94%bb\/\" title=\"\ud83d\udd3b\ud83d\udd3bBursiyerimizden mektup \ud83d\udd3b\ud83d\udd3b\">\n            \ud83d\udd3b\ud83d\udd3bBursiyerimizden mektup \ud83d\udd3b\ud83d\udd3b            <\/a>\n    <\/h4>\t\t\t\t\t\t\t<div class=\"mkdf-bli-excerpt\">\n\t\t\t\t\t\t\t<div class=\"mkdf-post-excerpt-holder\">\n\t\t\t<p itemprop=\"description\" class=\"mkdf-post-excerpt\">\n\t\t\t\t\n\ud83d\udd37Hacettepe \u00dcniversitesi  \u0130\u00e7 Mimarl\u0131k ve \u00c7evre Tasar\u0131m\u0131 d\u00f6rd\u00fcnc\u00fc s\u0131n\u0131fta okuyan bursiyerimizin vakf\u0131m\u0131za g\u00f6nderdi\u011fi mektup bizleri mutlu etmi\u015ftir.\n-.-.-.-.-.-.-.-.-.-.-.-.-.-.-.-.-.-.-.-.-.-.-.\n   Sivrihisar E\u011fitim Vakf\u0131, \nlisans e\u011fitimim boyunca deste\u011fini s\u00fcrekli yan\u0131mda hissetti\u011fim\t\t\t<\/p>\n\t\t<\/div>\n\t\t\t\t\t<\/div>\n\t\t\t\t<div class=\"mkdf-bli-info\">\n\t\t\t\t\t<div itemprop=\"dateCreated\" class=\"mkdf-post-info-date entry-date published updated\">\n            <a itemprop=\"url\" href=\"https:\/\/sivrihisar.org.tr\/index.php\/2022\/03\/\">\n    \n        Mart 4, 2022        <\/a>\n    <meta itemprop=\"interactionCount\" content=\"UserComments: 0\"\/>\n<\/div>\t\t\t\t<\/div>\n\t\t\t\t\t<\/div>\n\t<\/div>\n<\/li><li class=\"mkdf-bl-item clearfix\">\n\t<div class=\"mkdf-bli-inner\">\n\t\t\t\t<div class=\"mkdf-bli-content\">\n\t\t\t\n<h4 itemprop=\"name\" class=\"entry-title mkdf-post-title\" >\n            <a itemprop=\"url\" href=\"https:\/\/sivrihisar.org.tr\/index.php\/2022\/07\/13\/2022-2023-egitim-yili-burs-programina-basladik\/\" title=\"2022-2023 e\u011fitim y\u0131l\u0131 burs program\u0131na ba\u015flad\u0131k\">\n            2022-2023 e\u011fitim y\u0131l\u0131 burs program\u0131na ba\u015flad\u0131k            <\/a>\n    <\/h4>\t\t\t\t\t\t\t<div class=\"mkdf-bli-excerpt\">\n\t\t\t\t\t\t\t<div class=\"mkdf-post-excerpt-holder\">\n\t\t\t<p itemprop=\"description\" class=\"mkdf-post-excerpt\">\n\t\t\t\t\n2022-2023 e\u011fitim y\u0131l\u0131 burs program\u0131na ba\u015flad\u0131k. Hedef 250 \u00f6\u011frenciye burs sa\u011flamak. Sizlerin katk\u0131s\u0131yla.\ufffc\n\n\nS\u0130VR\u0130H\u0130SAR E\u011e\u0130T\u0130M VAKFI\t\t\t<\/p>\n\t\t<\/div>\n\t\t\t\t\t<\/div>\n\t\t\t\t<div class=\"mkdf-bli-info\">\n\t\t\t\t\t<div itemprop=\"dateCreated\" class=\"mkdf-post-info-date entry-date published updated\">\n            <a itemprop=\"url\" href=\"https:\/\/sivrihisar.org.tr\/index.php\/2022\/07\/\">\n    \n        Temmuz 13, 2022        <\/a>\n    <meta itemprop=\"interactionCount\" content=\"UserComments: 0\"\/>\n<\/div>\t\t\t\t<\/div>\n\t\t\t\t\t<\/div>\n\t<\/div>\n<\/li>\t\t<\/ul>\n\t<\/div>\n\t<\/div>[\/vc_column][\/vc_row]<\/p>\n<\/section>","protected":false},"excerpt":{"rendered":"<p>[vc_row content_text_aligment=&#8221;left&#8221; css=&#8221;.vc_custom_1496992472794{margin-top: -24px !important;padding-bottom: 35px !important;background-position: 0 0 !important;background-repeat: no-repeat !important;}&#8221;][vc_column offset=&#8221;vc_col-lg-offset-1 vc_col-lg-11&#8243;][\/vc_column][\/vc_row][vc_row content_text_aligment=&#8221;left&#8221; css=&#8221;.vc_custom_1496913386562{margin-top: -24px !important;padding-bottom: 40px !important;background-position: 0 0 !important;background-repeat: no-repeat !important;}&#8221;][vc_column offset=&#8221;vc_col-lg-offset-1 vc_col-lg-11&#8243;][\/vc_column][\/vc_row][vc_row content_text_aligment=&#8221;left&#8221; css=&#8221;.vc_custom_1496913406622{margin-top: -24px !important;padding-bottom: 62px !important;background-position: 0 0 !important;background-repeat: no-repeat !important;}&#8221;][vc_column offset=&#8221;vc_col-lg-offset-1 vc_col-lg-11&#8243;][\/vc_column][\/vc_row]<\/p>\n","protected":false},"author":1,"featured_media":0,"parent":447,"menu_order":0,"comment_status":"closed","ping_status":"closed","template":"","meta":{"_bbp_topic_count":0,"_bbp_reply_count":0,"_bbp_total_topic_count":0,"_bbp_total_reply_count":0,"_bbp_voice_count":0,"_bbp_anonymous_reply_count":0,"_bbp_topic_count_hidden":0,"_bbp_reply_count_hidden":0,"_bbp_forum_subforum_count":0,"footnotes":""},"class_list":["post-653","page","type-page","status-publish","hentry"],"_links":{"self":[{"href":"https:\/\/sivrihisar.org.tr\/index.php\/wp-json\/wp\/v2\/pages\/653","targetHints":{"allow":["GET"]}}],"collection":[{"href":"https:\/\/sivrihisar.org.tr\/index.php\/wp-json\/wp\/v2\/pages"}],"about":[{"href":"https:\/\/sivrihisar.org.tr\/index.php\/wp-json\/wp\/v2\/types\/page"}],"author":[{"embeddable":true,"href":"https:\/\/sivrihisar.org.tr\/index.php\/wp-json\/wp\/v2\/users\/1"}],"replies":[{"embeddable":true,"href":"https:\/\/sivrihisar.org.tr\/index.php\/wp-json\/wp\/v2\/comments?post=653"}],"version-history":[{"count":0,"href":"https:\/\/sivrihisar.org.tr\/index.php\/wp-json\/wp\/v2\/pages\/653\/revisions"}],"up":[{"embeddable":true,"href":"https:\/\/sivrihisar.org.tr\/index.php\/wp-json\/wp\/v2\/pages\/447"}],"wp:attachment":[{"href":"https:\/\/sivrihisar.org.tr\/index.php\/wp-json\/wp\/v2\/media?parent=653"}],"curies":[{"name":"wp","href":"https:\/\/api.w.org\/{rel}","templated":true}]}}