{"id":9,"date":"2026-04-10T10:16:21","date_gmt":"2026-04-10T10:16:21","guid":{"rendered":"https:\/\/sivrihisar.org.tr\/index.php\/cart\/"},"modified":"2026-04-14T12:03:02","modified_gmt":"2026-04-14T12:03:02","slug":"cart","status":"publish","type":"page","link":"https:\/\/sivrihisar.org.tr\/index.php\/cart\/","title":{"rendered":"Cart"},"content":{"rendered":"\n<div data-block-name=\"woocommerce\/cart\" class=\"wp-block-woocommerce-cart alignwide is-loading\">\n<div data-block-name=\"woocommerce\/filled-cart-block\" class=\"wp-block-woocommerce-filled-cart-block\">\n<div data-block-name=\"woocommerce\/cart-items-block\" class=\"wp-block-woocommerce-cart-items-block\">\n<div data-block-name=\"woocommerce\/cart-line-items-block\" class=\"wp-block-woocommerce-cart-line-items-block\"><\/div>\n\n\n<\/div>\n\n\n\n\n<div data-block-name=\"woocommerce\/cart-totals-block\" class=\"wp-block-woocommerce-cart-totals-block\">\n<div data-block-name=\"woocommerce\/cart-order-summary-block\" class=\"wp-block-woocommerce-cart-order-summary-block\">\n<div data-block-name=\"woocommerce\/cart-order-summary-heading-block\" class=\"wp-block-woocommerce-cart-order-summary-heading-block\"><\/div><div data-block-name=\"woocommerce\/cart-order-summary-coupon-form-block\" class=\"wp-block-woocommerce-cart-order-summary-coupon-form-block\"><\/div><div data-block-name=\"woocommerce\/cart-order-summary-totals-block\" class=\"wp-block-woocommerce-cart-order-summary-totals-block\">\n<div data-block-name=\"woocommerce\/cart-order-summary-subtotal-block\" class=\"wp-block-woocommerce-cart-order-summary-subtotal-block\"><\/div>\n<div data-block-name=\"woocommerce\/cart-order-summary-discount-block\" class=\"wp-block-woocommerce-cart-order-summary-discount-block\"><\/div>\n<div data-block-name=\"woocommerce\/cart-order-summary-fee-block\" class=\"wp-block-woocommerce-cart-order-summary-fee-block\"><\/div>\n<div data-block-name=\"woocommerce\/cart-order-summary-shipping-block\" class=\"wp-block-woocommerce-cart-order-summary-shipping-block\"><\/div>\n<div data-block-name=\"woocommerce\/cart-order-summary-taxes-block\" class=\"wp-block-woocommerce-cart-order-summary-taxes-block\"><\/div><\/div>\n<\/div>\n\n\n\n<div data-block-name=\"woocommerce\/cart-express-payment-block\" class=\"wp-block-woocommerce-cart-express-payment-block\"><\/div>\n\n\n\n<div data-block-name=\"woocommerce\/proceed-to-checkout-block\" class=\"wp-block-woocommerce-proceed-to-checkout-block\"><\/div>\n\n\n\n<div data-block-name=\"woocommerce\/cart-accepted-payment-methods-block\" class=\"wp-block-woocommerce-cart-accepted-payment-methods-block\"><\/div>\n<\/div>\n<\/div>\n\n\n\n<div data-block-name=\"woocommerce\/empty-cart-block\" class=\"wp-block-woocommerce-empty-cart-block\">\n<h2 class=\"wp-block-heading has-text-align-center with-empty-cart-icon wc-block-cart__empty-cart__title\">Your cart is currently empty!<\/h2>\n\n\n\n<hr class=\"wp-block-separator has-alpha-channel-opacity is-style-dots\"\/>\n\n\n\n<h2 class=\"wp-block-heading has-text-align-center\">New in store<\/h2>\n\n\n<div data-block-name=\"woocommerce\/product-new\" data-columns=\"4\" data-rows=\"1\" class=\"wc-block-grid wp-block-product-new wp-block-woocommerce-product-new wc-block-product-new has-4-columns\"><ul class=\"wc-block-grid__products\"><li class=\"wc-block-grid__product\">\n\t\t\t\t<a href=\"https:\/\/sivrihisar.org.tr\/index.php\/product\/evlilik-yil-donumu\/\" class=\"wc-block-grid__product-link\">\n\t\t\t\t\t\n\t\t\t\t\t<div class=\"wc-block-grid__product-image\"><img loading=\"lazy\" decoding=\"async\" width=\"300\" height=\"300\" src=\"https:\/\/sivrihisar.org.tr\/wp-content\/uploads\/2017\/06\/Green-White-Minimalist-Certificate-of-Participation-5-300x300.png\" class=\"attachment-woocommerce_thumbnail size-woocommerce_thumbnail\" alt=\"Evlilik Y\u0131ld\u00f6n\u00fcm\u00fc\" srcset=\"https:\/\/sivrihisar.org.tr\/wp-content\/uploads\/2017\/06\/Green-White-Minimalist-Certificate-of-Participation-5-300x300.png 300w, https:\/\/sivrihisar.org.tr\/wp-content\/uploads\/2017\/06\/Green-White-Minimalist-Certificate-of-Participation-5-150x150.png 150w, https:\/\/sivrihisar.org.tr\/wp-content\/uploads\/2017\/06\/Green-White-Minimalist-Certificate-of-Participation-5-550x550.png 550w, https:\/\/sivrihisar.org.tr\/wp-content\/uploads\/2017\/06\/Green-White-Minimalist-Certificate-of-Participation-5-1100x1100.png 1100w, https:\/\/sivrihisar.org.tr\/wp-content\/uploads\/2017\/06\/Green-White-Minimalist-Certificate-of-Participation-5-100x100.png 100w\" sizes=\"auto, (max-width: 300px) 100vw, 300px\" \/><\/div>\n\t\t\t\t\t<div class=\"wc-block-grid__product-title\">Evlilik Y\u0131ld\u00f6n\u00fcm\u00fc<\/div>\n\t\t\t\t<\/a>\n\t\t\t\t<div class=\"wc-block-grid__product-price price\"><span class=\"woocommerce-Price-amount amount\">1.000,00<span class=\"woocommerce-Price-currencySymbol\">&#8378;<\/span><\/span><\/div>\n\t\t\t\t<div class=\"wc-block-grid__product-rating\"><div class=\"star-rating\" role=\"img\" aria-label=\"5 \u00fczerinden 3.00 oy ald\u0131\"><span style=\"width:60%\"><span class=\"rating\">1<\/span> m\u00fc\u015fteri puan\u0131na dayanarak 5 \u00fczerinden <strong class=\"rating\">3.00<\/strong> puan ald\u0131<\/span><\/div><\/div>\n\t\t\t\t<div class=\"wp-block-button wc-block-grid__product-add-to-cart\"><a href=\"https:\/\/sivrihisar.org.tr\/index.php\/product\/evlilik-yil-donumu\/\" aria-label=\"Sepete ekle: \u201cEvlilik Y\u0131ld\u00f6n\u00fcm\u00fc\u201d\" data-quantity=\"1\" data-product_id=\"1897\" data-product_sku=\"003\" data-price=\"1000\" rel=\"nofollow\" class=\"wp-block-button__link  add_to_cart_button\">Sertifika Olu\u015ftur<\/a><\/div>\n\t\t\t<\/li><li class=\"wc-block-grid__product\">\n\t\t\t\t<a href=\"https:\/\/sivrihisar.org.tr\/index.php\/product\/ise-giris-terfi\/\" class=\"wc-block-grid__product-link\">\n\t\t\t\t\t\n\t\t\t\t\t<div class=\"wc-block-grid__product-image\"><img loading=\"lazy\" decoding=\"async\" width=\"300\" height=\"300\" src=\"https:\/\/sivrihisar.org.tr\/wp-content\/uploads\/2017\/06\/Green-White-Minimalist-Certificate-of-Participation-4-300x300.png\" class=\"attachment-woocommerce_thumbnail size-woocommerce_thumbnail\" alt=\"\u0130\u015fe Giri\u015fi\/Terfi\" srcset=\"https:\/\/sivrihisar.org.tr\/wp-content\/uploads\/2017\/06\/Green-White-Minimalist-Certificate-of-Participation-4-300x300.png 300w, https:\/\/sivrihisar.org.tr\/wp-content\/uploads\/2017\/06\/Green-White-Minimalist-Certificate-of-Participation-4-150x150.png 150w, https:\/\/sivrihisar.org.tr\/wp-content\/uploads\/2017\/06\/Green-White-Minimalist-Certificate-of-Participation-4-550x550.png 550w, https:\/\/sivrihisar.org.tr\/wp-content\/uploads\/2017\/06\/Green-White-Minimalist-Certificate-of-Participation-4-1100x1100.png 1100w, https:\/\/sivrihisar.org.tr\/wp-content\/uploads\/2017\/06\/Green-White-Minimalist-Certificate-of-Participation-4-100x100.png 100w\" sizes=\"auto, (max-width: 300px) 100vw, 300px\" \/><\/div>\n\t\t\t\t\t<div class=\"wc-block-grid__product-title\">\u0130\u015fe Giri\u015fi\/Terfi<\/div>\n\t\t\t\t<\/a>\n\t\t\t\t<div class=\"wc-block-grid__product-price price\"><span class=\"woocommerce-Price-amount amount\">1.000,00<span class=\"woocommerce-Price-currencySymbol\">&#8378;<\/span><\/span><\/div>\n\t\t\t\t<div class=\"wc-block-grid__product-rating\"><div class=\"star-rating\" role=\"img\" aria-label=\"5 \u00fczerinden 4.00 oy ald\u0131\"><span style=\"width:80%\"><span class=\"rating\">1<\/span> m\u00fc\u015fteri puan\u0131na dayanarak 5 \u00fczerinden <strong class=\"rating\">4.00<\/strong> puan ald\u0131<\/span><\/div><\/div>\n\t\t\t\t<div class=\"wp-block-button wc-block-grid__product-add-to-cart\"><a href=\"https:\/\/sivrihisar.org.tr\/index.php\/product\/ise-giris-terfi\/\" aria-label=\"Sepete ekle: \u201c\u0130\u015fe Giri\u015fi\/Terfi\u201d\" data-quantity=\"1\" data-product_id=\"1880\" data-product_sku=\"002\" data-price=\"1000\" rel=\"nofollow\" class=\"wp-block-button__link  add_to_cart_button\">Sertifika Olu\u015ftur<\/a><\/div>\n\t\t\t<\/li><li class=\"wc-block-grid__product\">\n\t\t\t\t<a href=\"https:\/\/sivrihisar.org.tr\/index.php\/product\/sevgililer-gunu\/\" class=\"wc-block-grid__product-link\">\n\t\t\t\t\t\n\t\t\t\t\t<div class=\"wc-block-grid__product-image\"><img loading=\"lazy\" decoding=\"async\" width=\"300\" height=\"300\" src=\"https:\/\/sivrihisar.org.tr\/wp-content\/uploads\/2017\/06\/Green-White-Minimalist-Certificate-of-Participation-300x300.png\" class=\"attachment-woocommerce_thumbnail size-woocommerce_thumbnail\" alt=\"Sevgililer G\u00fcn\u00fc\" srcset=\"https:\/\/sivrihisar.org.tr\/wp-content\/uploads\/2017\/06\/Green-White-Minimalist-Certificate-of-Participation-300x300.png 300w, https:\/\/sivrihisar.org.tr\/wp-content\/uploads\/2017\/06\/Green-White-Minimalist-Certificate-of-Participation-150x150.png 150w, https:\/\/sivrihisar.org.tr\/wp-content\/uploads\/2017\/06\/Green-White-Minimalist-Certificate-of-Participation-550x550.png 550w, https:\/\/sivrihisar.org.tr\/wp-content\/uploads\/2017\/06\/Green-White-Minimalist-Certificate-of-Participation-1100x1100.png 1100w, https:\/\/sivrihisar.org.tr\/wp-content\/uploads\/2017\/06\/Green-White-Minimalist-Certificate-of-Participation-100x100.png 100w\" sizes=\"auto, (max-width: 300px) 100vw, 300px\" \/><\/div>\n\t\t\t\t\t<div class=\"wc-block-grid__product-title\">Sevgililer G\u00fcn\u00fc<\/div>\n\t\t\t\t<\/a>\n\t\t\t\t<div class=\"wc-block-grid__product-price price\"><span class=\"woocommerce-Price-amount amount\">1.000,00<span class=\"woocommerce-Price-currencySymbol\">&#8378;<\/span><\/span><\/div>\n\t\t\t\t<div class=\"wc-block-grid__product-rating\"><div class=\"star-rating\" role=\"img\" aria-label=\"5 \u00fczerinden 5.00 oy ald\u0131\"><span style=\"width:100%\"><span class=\"rating\">1<\/span> m\u00fc\u015fteri puan\u0131na dayanarak 5 \u00fczerinden <strong class=\"rating\">5.00<\/strong> puan ald\u0131<\/span><\/div><\/div>\n\t\t\t\t<div class=\"wp-block-button wc-block-grid__product-add-to-cart\"><a href=\"https:\/\/sivrihisar.org.tr\/index.php\/product\/sevgililer-gunu\/\" aria-label=\"Sepete ekle: \u201cSevgililer G\u00fcn\u00fc\u201d\" data-quantity=\"1\" data-product_id=\"1849\" data-product_sku=\"007\" data-price=\"1000\" rel=\"nofollow\" class=\"wp-block-button__link  add_to_cart_button\">Sertifika Olu\u015ftur<\/a><\/div>\n\t\t\t<\/li><li class=\"wc-block-grid__product\">\n\t\t\t\t<a href=\"https:\/\/sivrihisar.org.tr\/index.php\/product\/vefat-settifikasi\/\" class=\"wc-block-grid__product-link\">\n\t\t\t\t\t\n\t\t\t\t\t<div class=\"wc-block-grid__product-image\"><img loading=\"lazy\" decoding=\"async\" width=\"300\" height=\"300\" src=\"https:\/\/sivrihisar.org.tr\/wp-content\/uploads\/2017\/06\/Green-White-Minimalist-Certificate-of-Participation-1-300x300.png\" class=\"attachment-woocommerce_thumbnail size-woocommerce_thumbnail\" alt=\"Vefat\" srcset=\"https:\/\/sivrihisar.org.tr\/wp-content\/uploads\/2017\/06\/Green-White-Minimalist-Certificate-of-Participation-1-300x300.png 300w, https:\/\/sivrihisar.org.tr\/wp-content\/uploads\/2017\/06\/Green-White-Minimalist-Certificate-of-Participation-1-150x150.png 150w, https:\/\/sivrihisar.org.tr\/wp-content\/uploads\/2017\/06\/Green-White-Minimalist-Certificate-of-Participation-1-550x550.png 550w, https:\/\/sivrihisar.org.tr\/wp-content\/uploads\/2017\/06\/Green-White-Minimalist-Certificate-of-Participation-1-1100x1100.png 1100w, https:\/\/sivrihisar.org.tr\/wp-content\/uploads\/2017\/06\/Green-White-Minimalist-Certificate-of-Participation-1-100x100.png 100w\" sizes=\"auto, (max-width: 300px) 100vw, 300px\" \/><\/div>\n\t\t\t\t\t<div class=\"wc-block-grid__product-title\">Vefat<\/div>\n\t\t\t\t<\/a>\n\t\t\t\t<div class=\"wc-block-grid__product-price price\"><span class=\"woocommerce-Price-amount amount\">1.000,00<span class=\"woocommerce-Price-currencySymbol\">&#8378;<\/span><\/span><\/div>\n\t\t\t\t<div class=\"wc-block-grid__product-rating\"><div class=\"star-rating\" role=\"img\" aria-label=\"5 \u00fczerinden 4.00 oy ald\u0131\"><span style=\"width:80%\"><span class=\"rating\">1<\/span> m\u00fc\u015fteri puan\u0131na dayanarak 5 \u00fczerinden <strong class=\"rating\">4.00<\/strong> puan ald\u0131<\/span><\/div><\/div>\n\t\t\t\t<div class=\"wp-block-button wc-block-grid__product-add-to-cart\"><a href=\"https:\/\/sivrihisar.org.tr\/index.php\/product\/vefat-settifikasi\/\" aria-label=\"Sepete ekle: \u201cVefat\u201d\" data-quantity=\"1\" data-product_id=\"1829\" data-product_sku=\"009\" data-price=\"1000\" rel=\"nofollow\" class=\"wp-block-button__link  add_to_cart_button\">Sertifika Olu\u015ftur<\/a><\/div>\n\t\t\t<\/li><\/ul><\/div><\/div>\n<\/div>\n","protected":false},"excerpt":{"rendered":"You may be interested in&hellip; Your cart is currently empty! New in store","protected":false},"author":1,"featured_media":0,"parent":0,"menu_order":0,"comment_status":"closed","ping_status":"closed","template":"","meta":{"_bbp_topic_count":0,"_bbp_reply_count":0,"_bbp_total_topic_count":0,"_bbp_total_reply_count":0,"_bbp_voice_count":0,"_bbp_anonymous_reply_count":0,"_bbp_topic_count_hidden":0,"_bbp_reply_count_hidden":0,"_bbp_forum_subforum_count":0,"footnotes":""},"class_list":["post-9","page","type-page","status-publish","hentry"],"_links":{"self":[{"href":"https:\/\/sivrihisar.org.tr\/index.php\/wp-json\/wp\/v2\/pages\/9","targetHints":{"allow":["GET"]}}],"collection":[{"href":"https:\/\/sivrihisar.org.tr\/index.php\/wp-json\/wp\/v2\/pages"}],"about":[{"href":"https:\/\/sivrihisar.org.tr\/index.php\/wp-json\/wp\/v2\/types\/page"}],"author":[{"embeddable":true,"href":"https:\/\/sivrihisar.org.tr\/index.php\/wp-json\/wp\/v2\/users\/1"}],"replies":[{"embeddable":true,"href":"https:\/\/sivrihisar.org.tr\/index.php\/wp-json\/wp\/v2\/comments?post=9"}],"version-history":[{"count":1,"href":"https:\/\/sivrihisar.org.tr\/index.php\/wp-json\/wp\/v2\/pages\/9\/revisions"}],"predecessor-version":[{"id":13,"href":"https:\/\/sivrihisar.org.tr\/index.php\/wp-json\/wp\/v2\/pages\/9\/revisions\/13"}],"wp:attachment":[{"href":"https:\/\/sivrihisar.org.tr\/index.php\/wp-json\/wp\/v2\/media?parent=9"}],"curies":[{"name":"wp","href":"https:\/\/api.w.org\/{rel}","templated":true}]}}