{"id":1740,"date":"2017-06-02T10:08:49","date_gmt":"2017-06-02T10:08:49","guid":{"rendered":"http:\/\/iacademy.mikado-themes.com\/?post_type=product&#038;p=1740"},"modified":"2026-04-20T10:45:24","modified_gmt":"2026-04-20T10:45:24","slug":"dogum-gunu","status":"publish","type":"product","link":"https:\/\/sivrihisar.org.tr\/index.php\/product\/dogum-gunu\/","title":{"rendered":"Do\u011fum G\u00fcn\u00fc Sertifikas\u0131"},"content":{"rendered":"<p data-path-to-node=\"3\">Sevdiklerinizin do\u011fum g\u00fcnlerinde onlara klasik arma\u011fanlar sunmak yerine, adlar\u0131na yapaca\u011f\u0131n\u0131z bir ba\u011f\u0131\u015fla gelece\u011fe kal\u0131c\u0131 bir iz b\u0131rakmaya ne dersiniz? Sivrihisar E\u011fitim Vakf\u0131 olarak, ayd\u0131nl\u0131k yar\u0131nlar\u0131m\u0131z\u0131n teminat\u0131 olan gen\u00e7lerimize destek olmak i\u00e7in &#8220;Do\u011fum G\u00fcn\u00fc Ba\u011f\u0131\u015f Sertifikas\u0131&#8221; uygulamas\u0131n\u0131 sunuyoruz.<\/p>\n<p data-path-to-node=\"4\">Sevdikleriniz ad\u0131na yapaca\u011f\u0131n\u0131z bu anlaml\u0131 ba\u011f\u0131\u015f, e\u011fitim yolculu\u011fundaki \u00f6\u011frencilerimiz i\u00e7in g\u00fc\u00e7l\u00fc bir deste\u011fe d\u00f6n\u00fc\u015f\u00fcrken; ba\u011f\u0131\u015f\u0131n\u0131z\u0131n bir hat\u0131ras\u0131 olarak isme \u00f6zel haz\u0131rlanan sertifikan\u0131z, sizin sevgi dolu mesaj\u0131n\u0131zla birlikte arma\u011fan sahibine ula\u015ft\u0131r\u0131l\u0131r.<\/p>\n<p data-path-to-node=\"5\">E\u011fitime yap\u0131lan yat\u0131r\u0131m, en de\u011ferli hediyedir. Gelin, yeni ya\u015f mutlulu\u011funu e\u011fitimde f\u0131rsat e\u015fitli\u011fi ve dayan\u0131\u015fmayla \u00e7o\u011faltal\u0131m.<\/p>\n","protected":false},"excerpt":{"rendered":"<p>E\u011fitime Destek Sertifikalar\u0131<\/p>\n","protected":false},"featured_media":4468,"template":"","meta":{"_bbp_topic_count":0,"_bbp_reply_count":0,"_bbp_total_topic_count":0,"_bbp_total_reply_count":0,"_bbp_voice_count":0,"_bbp_anonymous_reply_count":0,"_bbp_topic_count_hidden":0,"_bbp_reply_count_hidden":0,"_bbp_forum_subforum_count":0},"product_brand":[],"product_cat":[95],"product_tag":[],"class_list":{"0":"post-1740","1":"product","2":"type-product","3":"status-publish","4":"has-post-thumbnail","6":"product_cat-sertifikalar","8":"first","9":"instock","10":"shipping-taxable","11":"purchasable","12":"product-type-simple"},"_links":{"self":[{"href":"https:\/\/sivrihisar.org.tr\/index.php\/wp-json\/wp\/v2\/product\/1740","targetHints":{"allow":["GET"]}}],"collection":[{"href":"https:\/\/sivrihisar.org.tr\/index.php\/wp-json\/wp\/v2\/product"}],"about":[{"href":"https:\/\/sivrihisar.org.tr\/index.php\/wp-json\/wp\/v2\/types\/product"}],"wp:featuredmedia":[{"embeddable":true,"href":"https:\/\/sivrihisar.org.tr\/index.php\/wp-json\/wp\/v2\/media\/4468"}],"wp:attachment":[{"href":"https:\/\/sivrihisar.org.tr\/index.php\/wp-json\/wp\/v2\/media?parent=1740"}],"wp:term":[{"taxonomy":"product_brand","embeddable":true,"href":"https:\/\/sivrihisar.org.tr\/index.php\/wp-json\/wp\/v2\/product_brand?post=1740"},{"taxonomy":"product_cat","embeddable":true,"href":"https:\/\/sivrihisar.org.tr\/index.php\/wp-json\/wp\/v2\/product_cat?post=1740"},{"taxonomy":"product_tag","embeddable":true,"href":"https:\/\/sivrihisar.org.tr\/index.php\/wp-json\/wp\/v2\/product_tag?post=1740"}],"curies":[{"name":"wp","href":"https:\/\/api.w.org\/{rel}","templated":true}]}}