{"id":1829,"date":"2017-06-02T12:40:03","date_gmt":"2017-06-02T12:40:03","guid":{"rendered":"http:\/\/iacademy.mikado-themes.com\/?post_type=product&#038;p=1829"},"modified":"2026-04-20T10:45:19","modified_gmt":"2026-04-20T10:45:19","slug":"vefat-settifikasi","status":"publish","type":"product","link":"https:\/\/sivrihisar.org.tr\/index.php\/product\/vefat-settifikasi\/","title":{"rendered":"Vefat"},"content":{"rendered":"<p><b data-path-to-node=\"3\" data-index-in-node=\"0\">&#8220;Kaybetti\u011finiz sevdiklerinizin an\u0131s\u0131n\u0131, gelece\u011fe umut olan bir ad\u0131mla ya\u015fat\u0131n.&#8221;<\/b> Ebediyete u\u011furlad\u0131\u011f\u0131n\u0131z yak\u0131nlar\u0131n\u0131z\u0131n hat\u0131ras\u0131n\u0131 onurland\u0131rman\u0131n en anlaml\u0131 yollar\u0131ndan biri, onlar\u0131n ad\u0131n\u0131 e\u011fitime verilen bir destekle \u00f6l\u00fcms\u00fczle\u015ftirmektir. Sivrihisar E\u011fitim Vakf\u0131&#8217;na yapaca\u011f\u0131n\u0131z bu ba\u011f\u0131\u015fla, merhum\/merhumenin an\u0131s\u0131na \u00f6zel haz\u0131rlanan ba\u011f\u0131\u015f sertifikas\u0131na sahip olabilir; onlar\u0131n ismini ya\u015fat\u0131rken gen\u00e7lerimizin e\u011fitim yolculu\u011funa \u0131\u015f\u0131k tutabilirsiniz.<\/p>\n","protected":false},"excerpt":{"rendered":"<p>&#8220;Kaybetti\u011finiz sevdiklerinizin an\u0131s\u0131n\u0131, gelece\u011fe umut olan bir ad\u0131mla ya\u015fat\u0131n.&#8221; Ebediyete u\u011furlad\u0131\u011f\u0131n\u0131z yak\u0131nlar\u0131n\u0131z\u0131n hat\u0131ras\u0131n\u0131 onurland\u0131rman\u0131n en anlaml\u0131 yollar\u0131ndan biri, onlar\u0131n ad\u0131n\u0131 e\u011fitime verilen bir destekle \u00f6l\u00fcms\u00fczle\u015ftirmektir. Sivrihisar E\u011fitim Vakf\u0131&#8217;na yapaca\u011f\u0131n\u0131z bu ba\u011f\u0131\u015fla, merhum\/merhumenin an\u0131s\u0131na \u00f6zel haz\u0131rlanan ba\u011f\u0131\u015f sertifikas\u0131na sahip olabilir; onlar\u0131n<\/p>\n","protected":false},"featured_media":4466,"template":"","meta":{"_bbp_topic_count":0,"_bbp_reply_count":0,"_bbp_total_topic_count":0,"_bbp_total_reply_count":0,"_bbp_voice_count":0,"_bbp_anonymous_reply_count":0,"_bbp_topic_count_hidden":0,"_bbp_reply_count_hidden":0,"_bbp_forum_subforum_count":0},"product_brand":[],"product_cat":[95],"product_tag":[],"class_list":{"0":"post-1829","1":"product","2":"type-product","3":"status-publish","4":"has-post-thumbnail","6":"product_cat-sertifikalar","8":"first","9":"instock","10":"shipping-taxable","11":"purchasable","12":"product-type-simple"},"_links":{"self":[{"href":"https:\/\/sivrihisar.org.tr\/index.php\/wp-json\/wp\/v2\/product\/1829","targetHints":{"allow":["GET"]}}],"collection":[{"href":"https:\/\/sivrihisar.org.tr\/index.php\/wp-json\/wp\/v2\/product"}],"about":[{"href":"https:\/\/sivrihisar.org.tr\/index.php\/wp-json\/wp\/v2\/types\/product"}],"wp:featuredmedia":[{"embeddable":true,"href":"https:\/\/sivrihisar.org.tr\/index.php\/wp-json\/wp\/v2\/media\/4466"}],"wp:attachment":[{"href":"https:\/\/sivrihisar.org.tr\/index.php\/wp-json\/wp\/v2\/media?parent=1829"}],"wp:term":[{"taxonomy":"product_brand","embeddable":true,"href":"https:\/\/sivrihisar.org.tr\/index.php\/wp-json\/wp\/v2\/product_brand?post=1829"},{"taxonomy":"product_cat","embeddable":true,"href":"https:\/\/sivrihisar.org.tr\/index.php\/wp-json\/wp\/v2\/product_cat?post=1829"},{"taxonomy":"product_tag","embeddable":true,"href":"https:\/\/sivrihisar.org.tr\/index.php\/wp-json\/wp\/v2\/product_tag?post=1829"}],"curies":[{"name":"wp","href":"https:\/\/api.w.org\/{rel}","templated":true}]}}