{"id":1849,"date":"2017-06-02T13:35:02","date_gmt":"2017-06-02T13:35:02","guid":{"rendered":"http:\/\/iacademy.mikado-themes.com\/?post_type=product&#038;p=1849"},"modified":"2026-04-20T10:45:15","modified_gmt":"2026-04-20T10:45:15","slug":"sevgililer-gunu","status":"publish","type":"product","link":"https:\/\/sivrihisar.org.tr\/index.php\/product\/sevgililer-gunu\/","title":{"rendered":"Sevgililer G\u00fcn\u00fc"},"content":{"rendered":"<p><b data-path-to-node=\"3\" data-index-in-node=\"0\">&#8220;Bu Sevgililer G\u00fcn\u00fc&#8217;nde a\u015fk\u0131n\u0131z\u0131 gelece\u011fe ta\u015f\u0131y\u0131n.&#8221;<\/b> Sevdi\u011finize verebilece\u011finiz en kal\u0131c\u0131 hediye, bir gencin hayat\u0131na dokunmakt\u0131r. Bu 14 \u015eubat&#8217;ta klasik hediyelerin \u00f6tesine ge\u00e7in ve a\u015fk\u0131n\u0131z\u0131 Sivrihisar E\u011fitim Vakf\u0131 \u00e7at\u0131s\u0131 alt\u0131nda bir iyili\u011fe d\u00f6n\u00fc\u015ft\u00fcr\u00fcn. Sevdi\u011finiz ki\u015fi ad\u0131na yapaca\u011f\u0131n\u0131z bu ba\u011f\u0131\u015fla, ona \u00f6zel haz\u0131rlanan dijital &#8220;Sevgililer G\u00fcn\u00fc Sertifikas\u0131&#8221;n\u0131 arma\u011fan edebilir, sevginizi e\u011fitime verilen paha bi\u00e7ilemez bir destekle ta\u00e7land\u0131rabilirsiniz.<\/p>\n","protected":false},"excerpt":{"rendered":"<p>E\u011fitime Destek Sertifikalar\u0131<\/p>\n","protected":false},"featured_media":4465,"template":"","meta":{"_bbp_topic_count":0,"_bbp_reply_count":0,"_bbp_total_topic_count":0,"_bbp_total_reply_count":0,"_bbp_voice_count":0,"_bbp_anonymous_reply_count":0,"_bbp_topic_count_hidden":0,"_bbp_reply_count_hidden":0,"_bbp_forum_subforum_count":0},"product_brand":[],"product_cat":[95],"product_tag":[],"class_list":{"0":"post-1849","1":"product","2":"type-product","3":"status-publish","4":"has-post-thumbnail","6":"product_cat-sertifikalar","8":"first","9":"instock","10":"shipping-taxable","11":"purchasable","12":"product-type-simple"},"_links":{"self":[{"href":"https:\/\/sivrihisar.org.tr\/index.php\/wp-json\/wp\/v2\/product\/1849","targetHints":{"allow":["GET"]}}],"collection":[{"href":"https:\/\/sivrihisar.org.tr\/index.php\/wp-json\/wp\/v2\/product"}],"about":[{"href":"https:\/\/sivrihisar.org.tr\/index.php\/wp-json\/wp\/v2\/types\/product"}],"wp:featuredmedia":[{"embeddable":true,"href":"https:\/\/sivrihisar.org.tr\/index.php\/wp-json\/wp\/v2\/media\/4465"}],"wp:attachment":[{"href":"https:\/\/sivrihisar.org.tr\/index.php\/wp-json\/wp\/v2\/media?parent=1849"}],"wp:term":[{"taxonomy":"product_brand","embeddable":true,"href":"https:\/\/sivrihisar.org.tr\/index.php\/wp-json\/wp\/v2\/product_brand?post=1849"},{"taxonomy":"product_cat","embeddable":true,"href":"https:\/\/sivrihisar.org.tr\/index.php\/wp-json\/wp\/v2\/product_cat?post=1849"},{"taxonomy":"product_tag","embeddable":true,"href":"https:\/\/sivrihisar.org.tr\/index.php\/wp-json\/wp\/v2\/product_tag?post=1849"}],"curies":[{"name":"wp","href":"https:\/\/api.w.org\/{rel}","templated":true}]}}