{"id":1880,"date":"2017-06-02T13:52:15","date_gmt":"2017-06-02T13:52:15","guid":{"rendered":"http:\/\/iacademy.mikado-themes.com\/?post_type=product&#038;p=1880"},"modified":"2026-04-20T10:45:11","modified_gmt":"2026-04-20T10:45:11","slug":"ise-giris-terfi","status":"publish","type":"product","link":"https:\/\/sivrihisar.org.tr\/index.php\/product\/ise-giris-terfi\/","title":{"rendered":"\u0130\u015fe Giri\u015fi\/Terfi"},"content":{"rendered":"<p><b data-path-to-node=\"3\" data-index-in-node=\"0\">&#8220;Kariyerinizdeki bu yeni ad\u0131m\u0131, ayd\u0131nl\u0131k yar\u0131nlara bir yat\u0131r\u0131mla kutluyoruz.&#8221;<\/b> Kariyer yolculu\u011funuzdaki bu heyecan verici ve gurur verici geli\u015fmeyi, kal\u0131c\u0131 bir de\u011fere d\u00f6n\u00fc\u015ft\u00fcrmek istedik. Yeni g\u00f6revinizde size \u00fcst\u00fcn ba\u015far\u0131lar dilerken; ad\u0131n\u0131za Sivrihisar E\u011fitim Vakf\u0131&#8217;na yapt\u0131\u011f\u0131m\u0131z bu ba\u011f\u0131\u015f\u0131n, e\u011fitim yolundaki gen\u00e7lerimize umut ve \u0131\u015f\u0131k olmas\u0131n\u0131 temenni ediyoruz. Yeni i\u015finiz\/terfiniz hay\u0131rl\u0131 olsun!<\/p>\n","protected":false},"excerpt":{"rendered":"<p>E\u011fitime Destek Sertifikalar\u0131<\/p>\n","protected":false},"featured_media":4472,"template":"","meta":{"_bbp_topic_count":0,"_bbp_reply_count":0,"_bbp_total_topic_count":0,"_bbp_total_reply_count":0,"_bbp_voice_count":0,"_bbp_anonymous_reply_count":0,"_bbp_topic_count_hidden":0,"_bbp_reply_count_hidden":0,"_bbp_forum_subforum_count":0},"product_brand":[],"product_cat":[95],"product_tag":[],"class_list":{"0":"post-1880","1":"product","2":"type-product","3":"status-publish","4":"has-post-thumbnail","6":"product_cat-sertifikalar","8":"first","9":"instock","10":"shipping-taxable","11":"purchasable","12":"product-type-simple"},"_links":{"self":[{"href":"https:\/\/sivrihisar.org.tr\/index.php\/wp-json\/wp\/v2\/product\/1880","targetHints":{"allow":["GET"]}}],"collection":[{"href":"https:\/\/sivrihisar.org.tr\/index.php\/wp-json\/wp\/v2\/product"}],"about":[{"href":"https:\/\/sivrihisar.org.tr\/index.php\/wp-json\/wp\/v2\/types\/product"}],"wp:featuredmedia":[{"embeddable":true,"href":"https:\/\/sivrihisar.org.tr\/index.php\/wp-json\/wp\/v2\/media\/4472"}],"wp:attachment":[{"href":"https:\/\/sivrihisar.org.tr\/index.php\/wp-json\/wp\/v2\/media?parent=1880"}],"wp:term":[{"taxonomy":"product_brand","embeddable":true,"href":"https:\/\/sivrihisar.org.tr\/index.php\/wp-json\/wp\/v2\/product_brand?post=1880"},{"taxonomy":"product_cat","embeddable":true,"href":"https:\/\/sivrihisar.org.tr\/index.php\/wp-json\/wp\/v2\/product_cat?post=1880"},{"taxonomy":"product_tag","embeddable":true,"href":"https:\/\/sivrihisar.org.tr\/index.php\/wp-json\/wp\/v2\/product_tag?post=1880"}],"curies":[{"name":"wp","href":"https:\/\/api.w.org\/{rel}","templated":true}]}}