{"id":1897,"date":"2017-06-02T14:19:35","date_gmt":"2017-06-02T14:19:35","guid":{"rendered":"http:\/\/iacademy.mikado-themes.com\/?post_type=product&#038;p=1897"},"modified":"2026-04-20T10:44:18","modified_gmt":"2026-04-20T10:44:18","slug":"evlilik-yil-donumu","status":"publish","type":"product","link":"https:\/\/sivrihisar.org.tr\/index.php\/product\/evlilik-yil-donumu\/","title":{"rendered":"Evlilik Y\u0131ld\u00f6n\u00fcm\u00fc"},"content":{"rendered":"<p><b data-path-to-node=\"3\" data-index-in-node=\"0\">&#8220;Y\u0131llar ge\u00e7tik\u00e7e b\u00fcy\u00fcyen sevginizi, gelece\u011fe b\u0131rak\u0131lan kal\u0131c\u0131 bir arma\u011fanla ta\u00e7land\u0131r\u0131n.&#8221;<\/b> Hayat\u0131n\u0131z\u0131 birle\u015ftirdi\u011finiz o \u00f6zel g\u00fcnden bu yana ge\u00e7en her an\u0131, gen\u00e7lerimizin gelece\u011fine umut olarak yans\u0131t\u0131n. Evlilik y\u0131l d\u00f6n\u00fcm\u00fcn\u00fczde e\u015finize klasik bir hediye vermek yerine, onun ad\u0131na Sivrihisar E\u011fitim Vakf\u0131&#8217;na yapaca\u011f\u0131n\u0131z bu ba\u011f\u0131\u015fla sevginizi \u00e7o\u011falt\u0131n. Birlikte kutlayaca\u011f\u0131n\u0131z daha nice y\u0131llar\u0131n an\u0131s\u0131na haz\u0131rlanan bu \u00f6zel sertifika, a\u015fk\u0131n\u0131z\u0131n e\u011fitime dokunan en g\u00fczel hat\u0131ras\u0131 olsun.<\/p>\n","protected":false},"excerpt":{"rendered":"<p>E\u011fitime Destek Sertifikalar\u0131<\/p>\n","protected":false},"featured_media":4474,"template":"","meta":{"_bbp_topic_count":0,"_bbp_reply_count":0,"_bbp_total_topic_count":0,"_bbp_total_reply_count":0,"_bbp_voice_count":0,"_bbp_anonymous_reply_count":0,"_bbp_topic_count_hidden":0,"_bbp_reply_count_hidden":0,"_bbp_forum_subforum_count":0},"product_brand":[],"product_cat":[95],"product_tag":[],"class_list":{"0":"post-1897","1":"product","2":"type-product","3":"status-publish","4":"has-post-thumbnail","6":"product_cat-sertifikalar","8":"first","9":"instock","10":"shipping-taxable","11":"purchasable","12":"product-type-simple"},"_links":{"self":[{"href":"https:\/\/sivrihisar.org.tr\/index.php\/wp-json\/wp\/v2\/product\/1897","targetHints":{"allow":["GET"]}}],"collection":[{"href":"https:\/\/sivrihisar.org.tr\/index.php\/wp-json\/wp\/v2\/product"}],"about":[{"href":"https:\/\/sivrihisar.org.tr\/index.php\/wp-json\/wp\/v2\/types\/product"}],"wp:featuredmedia":[{"embeddable":true,"href":"https:\/\/sivrihisar.org.tr\/index.php\/wp-json\/wp\/v2\/media\/4474"}],"wp:attachment":[{"href":"https:\/\/sivrihisar.org.tr\/index.php\/wp-json\/wp\/v2\/media?parent=1897"}],"wp:term":[{"taxonomy":"product_brand","embeddable":true,"href":"https:\/\/sivrihisar.org.tr\/index.php\/wp-json\/wp\/v2\/product_brand?post=1897"},{"taxonomy":"product_cat","embeddable":true,"href":"https:\/\/sivrihisar.org.tr\/index.php\/wp-json\/wp\/v2\/product_cat?post=1897"},{"taxonomy":"product_tag","embeddable":true,"href":"https:\/\/sivrihisar.org.tr\/index.php\/wp-json\/wp\/v2\/product_tag?post=1897"}],"curies":[{"name":"wp","href":"https:\/\/api.w.org\/{rel}","templated":true}]}}