{"id":71196,"date":"2026-04-20T13:55:08","date_gmt":"2026-04-20T13:55:08","guid":{"rendered":"https:\/\/sivrihisar.org.tr\/?post_type=product&#038;p=71196"},"modified":"2026-04-20T13:56:44","modified_gmt":"2026-04-20T13:56:44","slug":"sevdikleriniz-icin","status":"publish","type":"product","link":"https:\/\/sivrihisar.org.tr\/index.php\/product\/sevdikleriniz-icin\/","title":{"rendered":"Sevdikleriniz \u0130\u00e7in"},"content":{"rendered":"<p data-path-to-node=\"3\"><b class=\"\" data-path-to-node=\"3\" data-index-in-node=\"0\">&#8220;\u0130\u00e7inizden gelen sevgi, bir gencin e\u011fitim hayat\u0131na \u0131\u015f\u0131k olsun.&#8221;<\/b><span class=\"\"> Hayat\u0131n\u0131zdaki de\u011ferli insanlar\u0131 mutlu etmek i\u00e7in \u00f6zel bir g\u00fcn\u00fc beklemenize gerek yok.<\/span><span class=\"\"> E\u015finize,<\/span><span class=\"\"> ailenize veya kilometrelerce uzaktaki bir dostunuza &#8220;iyi ki vars\u0131n&#8221; demenin en g\u00fczel yolu,<\/span><span class=\"\"> onlar\u0131n ad\u0131na e\u011fitime omuz vermektir.<\/span><span class=\"\"> Sivrihisar E\u011fitim Vakf\u0131&#8217;na yapaca\u011f\u0131n\u0131z bu ba\u011f\u0131\u015fla,<\/span><span class=\"\"> sevdiklerinize isme \u00f6zel haz\u0131rlanan dijital sertifikalar\u0131n\u0131 arma\u011fan edebilir; aran\u0131zdaki ba\u011f\u0131,<\/span><span class=\"\"> ayd\u0131nl\u0131k yar\u0131nlara at\u0131lan bir ad\u0131mla \u00f6l\u00fcms\u00fczle\u015ftirebilirsiniz.<\/span><\/p>\n","protected":false},"excerpt":{"rendered":"<p>E\u011fitime Destek Sertifikalar\u0131<\/p>\n","protected":false},"featured_media":71197,"template":"","meta":{"_bbp_topic_count":0,"_bbp_reply_count":0,"_bbp_total_topic_count":0,"_bbp_total_reply_count":0,"_bbp_voice_count":0,"_bbp_anonymous_reply_count":0,"_bbp_topic_count_hidden":0,"_bbp_reply_count_hidden":0,"_bbp_forum_subforum_count":0},"product_brand":[],"product_cat":[95],"product_tag":[],"class_list":{"0":"post-71196","1":"product","2":"type-product","3":"status-publish","4":"has-post-thumbnail","6":"product_cat-sertifikalar","8":"first","9":"instock","10":"shipping-taxable","11":"purchasable","12":"product-type-simple"},"_links":{"self":[{"href":"https:\/\/sivrihisar.org.tr\/index.php\/wp-json\/wp\/v2\/product\/71196","targetHints":{"allow":["GET"]}}],"collection":[{"href":"https:\/\/sivrihisar.org.tr\/index.php\/wp-json\/wp\/v2\/product"}],"about":[{"href":"https:\/\/sivrihisar.org.tr\/index.php\/wp-json\/wp\/v2\/types\/product"}],"wp:featuredmedia":[{"embeddable":true,"href":"https:\/\/sivrihisar.org.tr\/index.php\/wp-json\/wp\/v2\/media\/71197"}],"wp:attachment":[{"href":"https:\/\/sivrihisar.org.tr\/index.php\/wp-json\/wp\/v2\/media?parent=71196"}],"wp:term":[{"taxonomy":"product_brand","embeddable":true,"href":"https:\/\/sivrihisar.org.tr\/index.php\/wp-json\/wp\/v2\/product_brand?post=71196"},{"taxonomy":"product_cat","embeddable":true,"href":"https:\/\/sivrihisar.org.tr\/index.php\/wp-json\/wp\/v2\/product_cat?post=71196"},{"taxonomy":"product_tag","embeddable":true,"href":"https:\/\/sivrihisar.org.tr\/index.php\/wp-json\/wp\/v2\/product_tag?post=71196"}],"curies":[{"name":"wp","href":"https:\/\/api.w.org\/{rel}","templated":true}]}}